{"id":8459,"date":"2021-02-15T13:09:36","date_gmt":"2021-02-15T10:09:36","guid":{"rendered":"https:\/\/ceoparts.com\/?post_type=product&#038;p=8459"},"modified":"2026-05-16T15:01:35","modified_gmt":"2026-05-16T12:01:35","slug":"200x100-40-yuk-tekeri","status":"publish","type":"product","link":"https:\/\/ceoparts.com\/es\/urun\/200x100-40-yuk-tekeri\/","title":{"rendered":"200&#215;100-40 Ruedas de carga"},"content":{"rendered":"<p>200&#215;100-40 Ruedas de carga<\/p>","protected":false},"excerpt":{"rendered":"<p data-start=\"93\" data-end=\"521\"><br data-start=\"4798\" data-end=\"4801\" \/>La <strong data-start=\"4804\" data-end=\"4833\">Rueda de carga 200\u00d7100-40<\/strong> es una rueda robusta y de alto rendimiento utilizada en montacargas y equipos pesados. Su cuerpo met\u00e1lico resistente y su recubrimiento de caucho o poliuretano resistente al desgaste garantizan una larga vida \u00fatil y un funcionamiento silencioso. Ofrece excelente estabilidad, capacidad de carga y maniobrabilidad en condiciones de trabajo dif\u00edciles. Ampliamente utilizada en log\u00edstica, producci\u00f3n e industria.<\/p>\n<p data-start=\"5245\" data-end=\"5616\"><strong data-start=\"5245\" data-end=\"5264\">Caracter\u00edsticas<\/strong><br data-start=\"5264\" data-end=\"5267\" \/><strong data-start=\"5267\" data-end=\"5291\">Nombre del producto:<\/strong> Rueda de carga 200\u00d7100-40<br data-start=\"5317\" data-end=\"5320\" \/><strong data-start=\"5320\" data-end=\"5333\">Material:<\/strong> Recubrimiento de caucho\/poliuretano resistente al desgaste y cuerpo met\u00e1lico robusto<br data-start=\"5418\" data-end=\"5421\" \/><strong data-start=\"5421\" data-end=\"5436\">Aplicaci\u00f3n:<\/strong> Sistemas de manipulaci\u00f3n y estabilizaci\u00f3n de cargas para montacargas<br data-start=\"5505\" data-end=\"5508\" \/><strong data-start=\"5508\" data-end=\"5520\">Ventaja:<\/strong> Alta durabilidad, funcionamiento silencioso y equilibrado, larga vida \u00fatil, f\u00e1cil instalaci\u00f3n<\/p>\n","protected":false},"featured_media":17662,"template":"","meta":[],"product_brand":[],"product_cat":[194],"product_tag":[],"class_list":{"0":"post-8459","1":"product","2":"type-product","3":"status-publish","4":"has-post-thumbnail","6":"product_cat-yuk-tekeri","8":"first","9":"instock","10":"taxable","11":"shipping-taxable","12":"purchasable","13":"product-type-simple"},"_links":{"self":[{"href":"https:\/\/ceoparts.com\/es\/wp-json\/wp\/v2\/product\/8459","targetHints":{"allow":["GET"]}}],"collection":[{"href":"https:\/\/ceoparts.com\/es\/wp-json\/wp\/v2\/product"}],"about":[{"href":"https:\/\/ceoparts.com\/es\/wp-json\/wp\/v2\/types\/product"}],"wp:featuredmedia":[{"embeddable":true,"href":"https:\/\/ceoparts.com\/es\/wp-json\/wp\/v2\/media\/17662"}],"wp:attachment":[{"href":"https:\/\/ceoparts.com\/es\/wp-json\/wp\/v2\/media?parent=8459"}],"wp:term":[{"taxonomy":"product_brand","embeddable":true,"href":"https:\/\/ceoparts.com\/es\/wp-json\/wp\/v2\/product_brand?post=8459"},{"taxonomy":"product_cat","embeddable":true,"href":"https:\/\/ceoparts.com\/es\/wp-json\/wp\/v2\/product_cat?post=8459"},{"taxonomy":"product_tag","embeddable":true,"href":"https:\/\/ceoparts.com\/es\/wp-json\/wp\/v2\/product_tag?post=8459"}],"curies":[{"name":"wp","href":"https:\/\/api.w.org\/{rel}","templated":true}]}}