{"id":8460,"date":"2021-02-15T13:15:27","date_gmt":"2021-02-15T10:15:27","guid":{"rendered":"https:\/\/ceoparts.com\/?post_type=product&#038;p=8460"},"modified":"2026-05-16T17:51:50","modified_gmt":"2026-05-16T14:51:50","slug":"230x85-o80x25mm-yuk-tekeri","status":"publish","type":"product","link":"https:\/\/ceoparts.com\/es\/urun\/230x85-o80x25mm-yuk-tekeri\/","title":{"rendered":"230&#215;85-40 Stellana Vulkollan Ruedas de carga &#8211; 50440384, 51758809"},"content":{"rendered":"<p>230&#215;85-40 Stellana Vulkollan Ruedas de carga &#8211; 50440384, 51758809<\/p>\n<p>Jungheinrich<\/p>\n<p>ETV 110\/112\u00a011.05 &#8211; 6.14<br \/>\nETV 110\/112 (US)\u00a01.11 &#8211; 6.14<br \/>\nETM\/V 214-325 Cab\u00a09.11 &#8211;<br \/>\nETV 110\/112 (CN)\u00a012.11 &#8211; 6.14<br \/>\nETV 110\/112\u00a05.14 &#8211;<br \/>\nETV 110\/112 (US)\u00a05.14 &#8211;<br \/>\nETV 110\/112 (CN)\u00a05.14 &#8211;<br \/>\nReach trucks\u00a07.13 &#8211;<br \/>\nET 210-212 2021\u00a02.22 &#8211;<br \/>\nET 210-212 2021 (US)\u00a02.22 &#8211;<br \/>\nET 210-212 2021 (CN)\u00a02.22 &#8211;<\/p>","protected":false},"excerpt":{"rendered":"<p data-start=\"123\" data-end=\"621\"><br data-start=\"5563\" data-end=\"5566\" \/>La <strong data-start=\"5569\" data-end=\"5616\">Rueda de carga 230\u00d785-40 Stellana Vulkollan<\/strong> es una rueda robusta y de alto rendimiento dise\u00f1ada especialmente para montacargas y equipos pesados. Gracias a su recubrimiento de Vulkollan, ofrece una excelente resistencia al desgaste y una absorci\u00f3n superior de impactos. Esto asegura una larga vida \u00fatil y un funcionamiento silencioso. Su construcci\u00f3n robusta mejora la estabilidad del montacargas y ofrece un rendimiento excepcional en entornos industriales exigentes. Ideal para log\u00edstica, producci\u00f3n e industria pesada.<\/p>\n<p data-start=\"6096\" data-end=\"6492\"><strong data-start=\"6096\" data-end=\"6115\">Caracter\u00edsticas<\/strong><br data-start=\"6115\" data-end=\"6118\" \/><strong data-start=\"6118\" data-end=\"6142\">Nombre del producto:<\/strong> Rueda de carga 230\u00d785-40 Stellana Vulkollan<br data-start=\"6186\" data-end=\"6189\" \/><strong data-start=\"6189\" data-end=\"6209\">N\u00famero de pieza:<\/strong> 50440384, 51758809<br data-start=\"6228\" data-end=\"6231\" \/><strong data-start=\"6231\" data-end=\"6244\">Material:<\/strong> Recubrimiento de Vulkollan y n\u00facleo met\u00e1lico resistente<br data-start=\"6300\" data-end=\"6303\" \/><strong data-start=\"6303\" data-end=\"6318\">Aplicaci\u00f3n:<\/strong> Montacargas y sistemas de carga pesada<br data-start=\"6357\" data-end=\"6360\" \/><strong data-start=\"6360\" data-end=\"6372\">Ventaja:<\/strong> Alta resistencia al desgaste, absorci\u00f3n superior de impactos, funcionamiento silencioso y duradero, f\u00e1cil instalaci\u00f3n<\/p>\n<p>&nbsp;<\/p>\n","protected":false},"featured_media":11007,"template":"","meta":[],"product_brand":[],"product_cat":[236,240,416,419,194],"product_tag":[],"class_list":{"0":"post-8460","1":"product","2":"type-product","3":"status-publish","4":"has-post-thumbnail","6":"product_cat-jungheinrich","7":"product_cat-yuk-tekeri-jungheinrich","8":"product_cat-stellana","9":"product_cat-yuk-tekeri-stellana","10":"product_cat-yuk-tekeri","12":"first","13":"instock","14":"taxable","15":"shipping-taxable","16":"purchasable","17":"product-type-simple"},"_links":{"self":[{"href":"https:\/\/ceoparts.com\/es\/wp-json\/wp\/v2\/product\/8460","targetHints":{"allow":["GET"]}}],"collection":[{"href":"https:\/\/ceoparts.com\/es\/wp-json\/wp\/v2\/product"}],"about":[{"href":"https:\/\/ceoparts.com\/es\/wp-json\/wp\/v2\/types\/product"}],"wp:featuredmedia":[{"embeddable":true,"href":"https:\/\/ceoparts.com\/es\/wp-json\/wp\/v2\/media\/11007"}],"wp:attachment":[{"href":"https:\/\/ceoparts.com\/es\/wp-json\/wp\/v2\/media?parent=8460"}],"wp:term":[{"taxonomy":"product_brand","embeddable":true,"href":"https:\/\/ceoparts.com\/es\/wp-json\/wp\/v2\/product_brand?post=8460"},{"taxonomy":"product_cat","embeddable":true,"href":"https:\/\/ceoparts.com\/es\/wp-json\/wp\/v2\/product_cat?post=8460"},{"taxonomy":"product_tag","embeddable":true,"href":"https:\/\/ceoparts.com\/es\/wp-json\/wp\/v2\/product_tag?post=8460"}],"curies":[{"name":"wp","href":"https:\/\/api.w.org\/{rel}","templated":true}]}}