{"id":8463,"date":"2021-02-15T13:38:38","date_gmt":"2021-02-15T10:38:38","guid":{"rendered":"https:\/\/ceoparts.com\/?post_type=product&#038;p=8463"},"modified":"2026-05-16T14:57:59","modified_gmt":"2026-05-16T11:57:59","slug":"285x85-yuk-tekeri","status":"publish","type":"product","link":"https:\/\/ceoparts.com\/es\/urun\/285x85-yuk-tekeri\/","title":{"rendered":"285&#215;85-75 Stellana Vulkollan Ruedas de carga &#8211; 215806"},"content":{"rendered":"<p>285&#215;85-75 Stellana Vulkollan Ruedas de carga &#8211; 215806<\/p>\n<p>BT,Toyota 280&#215;85\/75\u00a0 215806<\/p>\n<p>RR B1-B3 REFLEX AC<\/p>\n<p>RR B1CC-3CC<\/p>\n<p>RR E1-E3 REFLEX AC<\/p>\n<p>RR E1CC-E3CC<\/p>\n<p>RR M12 REFLEX<\/p>\n<p>RR M12C REFLEX<\/p>\n<p>RR M14 REFLEX<\/p>\n<p>RR M14 C\u00a0REFLEX<\/p>\n<p>RR M16 REFLEX<\/p>\n<p>RR M16C REFLEX<\/p>\n<p>RRE120M<\/p>\n<p>RRE140M\/MC\/160M\/MC<\/p>","protected":false},"excerpt":{"rendered":"<p data-start=\"131\" data-end=\"1063\"><br data-start=\"5919\" data-end=\"5922\" \/>La Rueda de Carga 285\u00d785-75 Stellana Vulkollan es una rueda industrial de alto rendimiento, dise\u00f1ada para la manipulaci\u00f3n de cargas pesadas con carretillas elevadoras y apiladores. Gracias a la tecnolog\u00eda de recubrimiento Vulkollan de Stellana, ofrece excelente resistencia al desgaste y absorci\u00f3n de impactos. Su alta capacidad de carga proporciona estabilidad y maniobrabilidad bajo cargas pesadas. Funcionamiento silencioso, duradero y sin marcas en almacenes, f\u00e1bricas y operaciones log\u00edsticas. Rendimiento estable sobre diferentes tipos de suelo, mejorando la eficiencia de la m\u00e1quina.<br data-start=\"6512\" data-end=\"6515\" \/><strong data-start=\"6515\" data-end=\"6535\">Caracter\u00edsticas:<\/strong><br data-start=\"6535\" data-end=\"6538\" \/><strong data-start=\"6538\" data-end=\"6562\">Nombre del producto:<\/strong> Rueda de Carga 285\u00d785-75 Stellana Vulkollan<br data-start=\"6606\" data-end=\"6609\" \/><strong data-start=\"6609\" data-end=\"6629\">C\u00f3digo de pieza:<\/strong> 215806<br data-start=\"6636\" data-end=\"6639\" \/><strong data-start=\"6639\" data-end=\"6652\">Material:<\/strong> Recubrimiento Vulkollan, n\u00facleo de alta resistencia<br data-start=\"6704\" data-end=\"6707\" \/><strong data-start=\"6707\" data-end=\"6730\">\u00c1rea de aplicaci\u00f3n:<\/strong> Sistemas de manipulaci\u00f3n de cargas para carretillas elevadoras y apiladores<br data-start=\"6806\" data-end=\"6809\" \/><strong data-start=\"6809\" data-end=\"6821\">Ventaja:<\/strong> Excelente resistencia al desgaste y a los impactos, alta capacidad de carga, uso silencioso y duradero<\/p>\n","protected":false},"featured_media":11553,"template":"","meta":[],"product_brand":[],"product_cat":[521,528,251,255,416,419,194],"product_tag":[],"class_list":{"0":"post-8463","1":"product","2":"type-product","3":"status-publish","4":"has-post-thumbnail","6":"product_cat-toyota","7":"product_cat-yuk-tekeri-toyota","8":"product_cat-bt","9":"product_cat-yuk-tekeri-bt","10":"product_cat-stellana","11":"product_cat-yuk-tekeri-stellana","12":"product_cat-yuk-tekeri","14":"first","15":"instock","16":"taxable","17":"shipping-taxable","18":"purchasable","19":"product-type-simple"},"_links":{"self":[{"href":"https:\/\/ceoparts.com\/es\/wp-json\/wp\/v2\/product\/8463","targetHints":{"allow":["GET"]}}],"collection":[{"href":"https:\/\/ceoparts.com\/es\/wp-json\/wp\/v2\/product"}],"about":[{"href":"https:\/\/ceoparts.com\/es\/wp-json\/wp\/v2\/types\/product"}],"wp:featuredmedia":[{"embeddable":true,"href":"https:\/\/ceoparts.com\/es\/wp-json\/wp\/v2\/media\/11553"}],"wp:attachment":[{"href":"https:\/\/ceoparts.com\/es\/wp-json\/wp\/v2\/media?parent=8463"}],"wp:term":[{"taxonomy":"product_brand","embeddable":true,"href":"https:\/\/ceoparts.com\/es\/wp-json\/wp\/v2\/product_brand?post=8463"},{"taxonomy":"product_cat","embeddable":true,"href":"https:\/\/ceoparts.com\/es\/wp-json\/wp\/v2\/product_cat?post=8463"},{"taxonomy":"product_tag","embeddable":true,"href":"https:\/\/ceoparts.com\/es\/wp-json\/wp\/v2\/product_tag?post=8463"}],"curies":[{"name":"wp","href":"https:\/\/api.w.org\/{rel}","templated":true}]}}