{"id":8465,"date":"2021-02-15T13:42:49","date_gmt":"2021-02-15T10:42:49","guid":{"rendered":"https:\/\/ceoparts.com\/?post_type=product&#038;p=8465"},"modified":"2026-05-16T12:03:51","modified_gmt":"2026-05-16T09:03:51","slug":"285x100-40-ceo-yuk-tekeri-51115430-51160625","status":"publish","type":"product","link":"https:\/\/ceoparts.com\/es\/urun\/285x100-40-ceo-yuk-tekeri-51115430-51160625\/","title":{"rendered":"285&#215;100-40 Ceoparts Ruedas de carga &#8211; 51115430, 51160625"},"content":{"rendered":"<p>285&#215;100-40 Ceoparts Ruedas de carga &#8211; 51115430, 51160625<\/p>\n<table border=\"0\" width=\"231\" cellspacing=\"0\" cellpadding=\"0\">\n<colgroup><\/colgroup>\n<colgroup>\n<col width=\"167\" \/>\n<col width=\"64\" \/><\/colgroup>\n<tbody>\n<tr>\n<td width=\"167\" height=\"20\"><span style=\"font-family: tim;\">ETM\/V 214\/216<\/span><\/td>\n<td width=\"64\"><span style=\"font-family: tim;\">9.11 &#8211;\u00a0<\/span><\/td>\n<\/tr>\n<tr>\n<td height=\"20\"><span style=\"font-family: tim;\">ETM\/V 214\/216 (US)<\/span><\/td>\n<td><span style=\"font-family: tim;\">9.11 &#8211;\u00a0<\/span><\/td>\n<\/tr>\n<tr>\n<td height=\"20\"><span style=\"font-family: tim;\">ETM\/V 214\/216 Cab<\/span><\/td>\n<td><span style=\"font-family: tim;\">9.11 &#8211;\u00a0<\/span><\/td>\n<\/tr>\n<tr>\n<td height=\"20\"><span style=\"font-family: tim;\">ETM\/V 214\/216 (CN)<\/span><\/td>\n<td><span style=\"font-family: tim;\">12.11 &#8211;\u00a0<\/span><\/td>\n<\/tr>\n<\/tbody>\n<\/table>","protected":false},"excerpt":{"rendered":"<p data-start=\"133\" data-end=\"1118\"><br data-start=\"5970\" data-end=\"5973\" \/>La Rueda de Carga 285\u00d7100-40 Ceoparts es una rueda industrial de alta capacidad, dise\u00f1ada para la manipulaci\u00f3n de cargas pesadas con carretillas elevadoras y apiladores. Fabricada bajo los altos est\u00e1ndares de calidad de Ceoparts, ofrece excelente resistencia al desgaste y a los impactos con opciones de recubrimiento en poliuretano o caucho. Su perfil ancho garantiza un contacto m\u00e1ximo con el suelo, mejorando la estabilidad y evitando deslizamientos. Proporciona una larga vida \u00fatil, aumentando el rendimiento de las m\u00e1quinas y la seguridad en almacenes, f\u00e1bricas y operaciones log\u00edsticas. Funcionamiento silencioso y sin marcas en diversos tipos de suelo.<br data-start=\"6632\" data-end=\"6635\" \/><strong data-start=\"6635\" data-end=\"6655\">Caracter\u00edsticas:<\/strong><br data-start=\"6655\" data-end=\"6658\" \/><strong data-start=\"6658\" data-end=\"6682\">Nombre del producto:<\/strong> Rueda de Carga 285\u00d7100-40 Ceoparts<br data-start=\"6717\" data-end=\"6720\" \/><strong data-start=\"6720\" data-end=\"6741\">C\u00f3digos de pieza:<\/strong> 51115430, 51160625<br data-start=\"6760\" data-end=\"6763\" \/><strong data-start=\"6763\" data-end=\"6776\">Material:<\/strong> Recubrimiento de poliuretano o caucho de alta resistencia<br data-start=\"6834\" data-end=\"6837\" \/><strong data-start=\"6837\" data-end=\"6860\">\u00c1rea de aplicaci\u00f3n:<\/strong> Sistemas de carga para carretillas elevadoras y apiladores<br data-start=\"6919\" data-end=\"6922\" \/><strong data-start=\"6922\" data-end=\"6934\">Ventaja:<\/strong> Alta capacidad de carga, amplia superficie de contacto, resistencia a desgaste e impactos, uso silencioso y duradero<\/p>\n","protected":false},"featured_media":11023,"template":"","meta":[],"product_brand":[],"product_cat":[399,194],"product_tag":[],"class_list":{"0":"post-8465","1":"product","2":"type-product","3":"status-publish","4":"has-post-thumbnail","6":"product_cat-yuk-tekeri-ceo","7":"product_cat-yuk-tekeri","9":"first","10":"instock","11":"taxable","12":"shipping-taxable","13":"purchasable","14":"product-type-simple"},"_links":{"self":[{"href":"https:\/\/ceoparts.com\/es\/wp-json\/wp\/v2\/product\/8465","targetHints":{"allow":["GET"]}}],"collection":[{"href":"https:\/\/ceoparts.com\/es\/wp-json\/wp\/v2\/product"}],"about":[{"href":"https:\/\/ceoparts.com\/es\/wp-json\/wp\/v2\/types\/product"}],"wp:featuredmedia":[{"embeddable":true,"href":"https:\/\/ceoparts.com\/es\/wp-json\/wp\/v2\/media\/11023"}],"wp:attachment":[{"href":"https:\/\/ceoparts.com\/es\/wp-json\/wp\/v2\/media?parent=8465"}],"wp:term":[{"taxonomy":"product_brand","embeddable":true,"href":"https:\/\/ceoparts.com\/es\/wp-json\/wp\/v2\/product_brand?post=8465"},{"taxonomy":"product_cat","embeddable":true,"href":"https:\/\/ceoparts.com\/es\/wp-json\/wp\/v2\/product_cat?post=8465"},{"taxonomy":"product_tag","embeddable":true,"href":"https:\/\/ceoparts.com\/es\/wp-json\/wp\/v2\/product_tag?post=8465"}],"curies":[{"name":"wp","href":"https:\/\/api.w.org\/{rel}","templated":true}]}}