{"id":8480,"date":"2021-02-15T15:45:49","date_gmt":"2021-02-15T12:45:49","guid":{"rendered":"https:\/\/ceoparts.com\/?post_type=product&#038;p=8480"},"modified":"2026-05-16T05:26:32","modified_gmt":"2026-05-16T02:26:32","slug":"400x160-110-10b-155-24-145-yuruyus-tekeri","status":"publish","type":"product","link":"https:\/\/ceoparts.com\/es\/urun\/400x160-110-10b-155-24-145-yuruyus-tekeri\/","title":{"rendered":"400&#215;160-110 10B Rueda de caminata Ave Radar &#8211; 51356844, 51701139"},"content":{"rendered":"<p>400&#215;160-110 10B Rueda de caminata Ave Radar &#8211; 51356844, 51701139<\/p>\n<p>Jungheinrich 51356844, 51701139<\/p>\n<p>Reach trucks\u00a07.13 &#8211;<br \/>\nEKX 514\/516 (2015)\u00a09.15 &#8211;<br \/>\nEKX 514\/516 (2015) (US)\u00a09.15 &#8211;<\/p>","protected":false},"excerpt":{"rendered":"<p data-start=\"127\" data-end=\"672\"><br data-start=\"5986\" data-end=\"5989\" \/>La <strong data-start=\"5992\" data-end=\"6068\">Rueda de desplazamiento 400\u00d7160-110 10B Rader Vogel \u2013 51356844, 51701139<\/strong> est\u00e1 dise\u00f1ada para montacargas y maquinaria pesada, ofreciendo alta calidad y durabilidad. Fabricada con materiales confiables de Rader Vogel, esta rueda de desplazamiento resiste condiciones laborales duras. Su estructura tipo 10B asegura un movimiento estable de la m\u00e1quina y mejora la comodidad del operador. La superficie exterior de caucho duradero minimiza las vibraciones. El cuerpo met\u00e1lico reforzado proporciona una larga vida \u00fatil. F\u00e1cil mantenimiento y alta resistencia al desgaste apoyan la eficiencia del trabajo.<\/p>\n<p data-start=\"6597\" data-end=\"7019\"><strong data-start=\"6597\" data-end=\"6616\">Caracter\u00edsticas<\/strong><br data-start=\"6616\" data-end=\"6619\" \/><strong data-start=\"6619\" data-end=\"6643\">Nombre del producto:<\/strong> Rueda de desplazamiento 10B Rader Vogel<br data-start=\"6683\" data-end=\"6686\" \/><strong data-start=\"6686\" data-end=\"6707\">N\u00fameros de pieza:<\/strong> 51356844, 51701139<br data-start=\"6726\" data-end=\"6729\" \/><strong data-start=\"6729\" data-end=\"6740\">Tama\u00f1o:<\/strong> 400\u00d7160-110<br data-start=\"6752\" data-end=\"6755\" \/><strong data-start=\"6755\" data-end=\"6764\">Tipo:<\/strong> 10B<br data-start=\"6768\" data-end=\"6771\" \/><strong data-start=\"6771\" data-end=\"6784\">Material:<\/strong> Caucho duradero, cuerpo met\u00e1lico reforzado<br data-start=\"6827\" data-end=\"6830\" \/><strong data-start=\"6830\" data-end=\"6845\">Aplicaci\u00f3n:<\/strong> Sistema de desplazamiento para montacargas y maquinaria pesada<br data-start=\"6908\" data-end=\"6911\" \/><strong data-start=\"6911\" data-end=\"6923\">Ventaja:<\/strong> Alta durabilidad, reducci\u00f3n de vibraciones, larga vida \u00fatil, estabilidad, f\u00e1cil mantenimiento<\/p>\n","protected":false},"featured_media":11558,"template":"","meta":[],"product_brand":[],"product_cat":[429,236,239,427,193],"product_tag":[],"class_list":{"0":"post-8480","1":"product","2":"type-product","3":"status-publish","4":"has-post-thumbnail","6":"product_cat-yuruyus-tekeri-vulkoprin","7":"product_cat-jungheinrich","8":"product_cat-yuruyus-tekeri-jungheinrich","9":"product_cat-vulkoprin","10":"product_cat-yuruyus-tekeri","12":"first","13":"instock","14":"taxable","15":"shipping-taxable","16":"purchasable","17":"product-type-simple"},"_links":{"self":[{"href":"https:\/\/ceoparts.com\/es\/wp-json\/wp\/v2\/product\/8480","targetHints":{"allow":["GET"]}}],"collection":[{"href":"https:\/\/ceoparts.com\/es\/wp-json\/wp\/v2\/product"}],"about":[{"href":"https:\/\/ceoparts.com\/es\/wp-json\/wp\/v2\/types\/product"}],"wp:featuredmedia":[{"embeddable":true,"href":"https:\/\/ceoparts.com\/es\/wp-json\/wp\/v2\/media\/11558"}],"wp:attachment":[{"href":"https:\/\/ceoparts.com\/es\/wp-json\/wp\/v2\/media?parent=8480"}],"wp:term":[{"taxonomy":"product_brand","embeddable":true,"href":"https:\/\/ceoparts.com\/es\/wp-json\/wp\/v2\/product_brand?post=8480"},{"taxonomy":"product_cat","embeddable":true,"href":"https:\/\/ceoparts.com\/es\/wp-json\/wp\/v2\/product_cat?post=8480"},{"taxonomy":"product_tag","embeddable":true,"href":"https:\/\/ceoparts.com\/es\/wp-json\/wp\/v2\/product_tag?post=8480"}],"curies":[{"name":"wp","href":"https:\/\/api.w.org\/{rel}","templated":true}]}}