{"id":8481,"date":"2021-02-15T15:50:12","date_gmt":"2021-02-15T12:50:12","guid":{"rendered":"https:\/\/ceoparts.com\/?post_type=product&#038;p=8481"},"modified":"2026-05-16T07:28:25","modified_gmt":"2026-05-16T04:28:25","slug":"230x65-yuruyus-tekeri","status":"publish","type":"product","link":"https:\/\/ceoparts.com\/es\/urun\/230x65-yuruyus-tekeri\/","title":{"rendered":"230&#215;65-150 Rueda a pie &#8211; 51633199, 51601141, 51535381"},"content":{"rendered":"<p>230&#215;65-150 Rueda a pie &#8211; 51633199, 51601141, 51535381<\/p>\n<p>ROCLA 468408,<\/p>\n<p>SW 12 AC 230&#215;65\/75-150<\/p>\n<p>Mitsubishi RL468408<\/p>\n<p>Jungheinrich 51535381 51633199<\/p>\n<p>EJC M10 B<br \/>\nEJC M10 E<br \/>\nEJC M10 ZT<br \/>\nEJC M13<br \/>\nEJC M13 B<br \/>\nERE BA 116<br \/>\nERE BA 120<\/p>","protected":false},"excerpt":{"rendered":"<p data-start=\"120\" data-end=\"666\"><br data-start=\"6015\" data-end=\"6018\" \/>La <strong data-start=\"6021\" data-end=\"6059\">Rueda de desplazamiento 230\u00d765-150<\/strong> es una rueda de desplazamiento altamente duradera dise\u00f1ada especialmente para montacargas y maquinaria pesada. Con un di\u00e1metro de 230 mm y un ancho de 65 mm, asegura un movimiento equilibrado y seguro de la m\u00e1quina. Dise\u00f1ada para ajustarse a una longitud de montaje de 150 mm. El recubrimiento de caucho duradero reduce las vibraciones, mejora la comodidad del operador y proporciona un uso duradero. Presenta una alta resistencia al desgaste adecuada para condiciones industriales de trabajo. F\u00e1cil instalaci\u00f3n y construcci\u00f3n robusta mejoran la eficiencia del trabajo.<\/p>\n<p data-start=\"6631\" data-end=\"7052\"><strong data-start=\"6631\" data-end=\"6650\">Caracter\u00edsticas<\/strong><br data-start=\"6650\" data-end=\"6653\" \/><strong data-start=\"6653\" data-end=\"6677\">Nombre del producto:<\/strong> Rueda de desplazamiento<br data-start=\"6701\" data-end=\"6704\" \/><strong data-start=\"6704\" data-end=\"6725\">N\u00fameros de pieza:<\/strong> 51633199, 51601141, 51535381<br data-start=\"6754\" data-end=\"6757\" \/><strong data-start=\"6757\" data-end=\"6768\">Tama\u00f1o:<\/strong> 230\u00d765-150<br data-start=\"6779\" data-end=\"6782\" \/><strong data-start=\"6782\" data-end=\"6806\">Longitud de montaje:<\/strong> 150 mm<br data-start=\"6813\" data-end=\"6816\" \/><strong data-start=\"6816\" data-end=\"6829\">Material:<\/strong> Caucho duradero, cuerpo met\u00e1lico<br data-start=\"6862\" data-end=\"6865\" \/><strong data-start=\"6865\" data-end=\"6880\">Aplicaci\u00f3n:<\/strong> Sistema de desplazamiento para montacargas y maquinaria pesada<br data-start=\"6943\" data-end=\"6946\" \/><strong data-start=\"6946\" data-end=\"6958\">Ventaja:<\/strong> Alta durabilidad, reducci\u00f3n de vibraciones, larga vida \u00fatil, f\u00e1cil instalaci\u00f3n, estabilida<\/p>\n","protected":false},"featured_media":11102,"template":"","meta":[],"product_brand":[],"product_cat":[236,239,193],"product_tag":[],"class_list":{"0":"post-8481","1":"product","2":"type-product","3":"status-publish","4":"has-post-thumbnail","6":"product_cat-jungheinrich","7":"product_cat-yuruyus-tekeri-jungheinrich","8":"product_cat-yuruyus-tekeri","10":"first","11":"instock","12":"taxable","13":"shipping-taxable","14":"purchasable","15":"product-type-simple"},"_links":{"self":[{"href":"https:\/\/ceoparts.com\/es\/wp-json\/wp\/v2\/product\/8481","targetHints":{"allow":["GET"]}}],"collection":[{"href":"https:\/\/ceoparts.com\/es\/wp-json\/wp\/v2\/product"}],"about":[{"href":"https:\/\/ceoparts.com\/es\/wp-json\/wp\/v2\/types\/product"}],"wp:featuredmedia":[{"embeddable":true,"href":"https:\/\/ceoparts.com\/es\/wp-json\/wp\/v2\/media\/11102"}],"wp:attachment":[{"href":"https:\/\/ceoparts.com\/es\/wp-json\/wp\/v2\/media?parent=8481"}],"wp:term":[{"taxonomy":"product_brand","embeddable":true,"href":"https:\/\/ceoparts.com\/es\/wp-json\/wp\/v2\/product_brand?post=8481"},{"taxonomy":"product_cat","embeddable":true,"href":"https:\/\/ceoparts.com\/es\/wp-json\/wp\/v2\/product_cat?post=8481"},{"taxonomy":"product_tag","embeddable":true,"href":"https:\/\/ceoparts.com\/es\/wp-json\/wp\/v2\/product_tag?post=8481"}],"curies":[{"name":"wp","href":"https:\/\/api.w.org\/{rel}","templated":true}]}}