{"id":8482,"date":"2021-02-15T16:08:10","date_gmt":"2021-02-15T13:08:10","guid":{"rendered":"https:\/\/ceoparts.com\/?post_type=product&#038;p=8482"},"modified":"2026-05-16T21:35:29","modified_gmt":"2026-05-16T18:35:29","slug":"230x90-45-5b-yuruyus-tekeri","status":"publish","type":"product","link":"https:\/\/ceoparts.com\/es\/urun\/230x90-45-5b-yuruyus-tekeri\/","title":{"rendered":"230&#215;90-45 5B Wicke Rueda a pie &#8211; 0039933826, 0039933800"},"content":{"rendered":"<p>230&#215;90-45 5B Wicke Rueda a pie &#8211; 0039933826, 0039933800<\/p>\n<div class=\"font12\">Linde:<\/div>\n<div class=\"font12\"><\/div>\n<div class=\"font12\">Vulkollan 0039933800<\/div>\n<div class=\"font12\">OEM Stellana<\/div>\n<div class=\"font12\"><\/div>\n<div class=\"font12\">372\u00a0L14\/16<br \/>\n372\u00a0L14\/16\/L14AP\/16AP<\/div>\n<div class=\"font12\">1173 L14\/L16<\/div>\n<div class=\"font12\"><\/div>\n<div class=\"font12\">Still 0039933826<\/div>\n<div class=\"font12\"><\/div>\n<div class=\"font12\">EXH 25-30 EXH-SF 20-25 (2360-2363)<\/div>","protected":false},"excerpt":{"rendered":"<div>\n<p data-start=\"122\" data-end=\"665\"><br data-start=\"6297\" data-end=\"6300\" \/>La <strong data-start=\"6303\" data-end=\"6374\">Rueda de desplazamiento 230\u00d790-45 5B Wicke \u2013 0039933826, 0039933800<\/strong> es una rueda duradera y de alto rendimiento dise\u00f1ada especialmente para montacargas y maquinaria pesada. Con un di\u00e1metro de 230 mm y un ancho de 90 mm, asegura un movimiento estable y seguro de la m\u00e1quina. Compatible con una longitud de montaje de 45 mm. Fabricada con materiales de alta calidad de Wicke, esta rueda ofrece una larga vida \u00fatil y una alta resistencia al desgaste. La superficie exterior de caucho reduce las vibraciones y mejora la comodidad del operador. Ofrece una f\u00e1cil instalaci\u00f3n y una construcci\u00f3n robusta para mejorar la eficiencia del trabajo.<\/p>\n<p data-start=\"6944\" data-end=\"7381\"><strong data-start=\"6944\" data-end=\"6963\">Caracter\u00edsticas<\/strong><br data-start=\"6963\" data-end=\"6966\" \/><strong data-start=\"6966\" data-end=\"6990\">Nombre del producto:<\/strong> Rueda de desplazamiento 5B Wicke<br data-start=\"7023\" data-end=\"7026\" \/><strong data-start=\"7026\" data-end=\"7047\">N\u00fameros de pieza:<\/strong> 0039933826, 0039933800<br data-start=\"7070\" data-end=\"7073\" \/><strong data-start=\"7073\" data-end=\"7084\">Tama\u00f1o:<\/strong> 230\u00d790-45<br data-start=\"7094\" data-end=\"7097\" \/><strong data-start=\"7097\" data-end=\"7106\">Tipo:<\/strong> 5B<br data-start=\"7109\" data-end=\"7112\" \/><strong data-start=\"7112\" data-end=\"7136\">Longitud de montaje:<\/strong> 45 mm<br data-start=\"7142\" data-end=\"7145\" \/><strong data-start=\"7145\" data-end=\"7158\">Material:<\/strong> Caucho duradero, cuerpo met\u00e1lico<br data-start=\"7191\" data-end=\"7194\" \/><strong data-start=\"7194\" data-end=\"7209\">Aplicaci\u00f3n:<\/strong> Sistema de desplazamiento para montacargas y maquinaria pesada<br data-start=\"7272\" data-end=\"7275\" \/><strong data-start=\"7275\" data-end=\"7287\">Ventaja:<\/strong> Alta durabilidad, reducci\u00f3n de vibraciones, larga vida \u00fatil, f\u00e1cil instalaci\u00f3n, estabilidad<\/p>\n<\/div>\n","protected":false},"featured_media":12466,"template":"","meta":[],"product_brand":[],"product_cat":[404,241,244,246,249,401,193],"product_tag":[],"class_list":{"0":"post-8482","1":"product","2":"type-product","3":"status-publish","4":"has-post-thumbnail","6":"product_cat-yuruyus-tekeri-wicke","7":"product_cat-still","8":"product_cat-yuruyus-tekeri-still","9":"product_cat-linde","10":"product_cat-yuruyus-tekeri-linde","11":"product_cat-wicke","12":"product_cat-yuruyus-tekeri","14":"first","15":"instock","16":"taxable","17":"shipping-taxable","18":"purchasable","19":"product-type-simple"},"_links":{"self":[{"href":"https:\/\/ceoparts.com\/es\/wp-json\/wp\/v2\/product\/8482","targetHints":{"allow":["GET"]}}],"collection":[{"href":"https:\/\/ceoparts.com\/es\/wp-json\/wp\/v2\/product"}],"about":[{"href":"https:\/\/ceoparts.com\/es\/wp-json\/wp\/v2\/types\/product"}],"wp:featuredmedia":[{"embeddable":true,"href":"https:\/\/ceoparts.com\/es\/wp-json\/wp\/v2\/media\/12466"}],"wp:attachment":[{"href":"https:\/\/ceoparts.com\/es\/wp-json\/wp\/v2\/media?parent=8482"}],"wp:term":[{"taxonomy":"product_brand","embeddable":true,"href":"https:\/\/ceoparts.com\/es\/wp-json\/wp\/v2\/product_brand?post=8482"},{"taxonomy":"product_cat","embeddable":true,"href":"https:\/\/ceoparts.com\/es\/wp-json\/wp\/v2\/product_cat?post=8482"},{"taxonomy":"product_tag","embeddable":true,"href":"https:\/\/ceoparts.com\/es\/wp-json\/wp\/v2\/product_tag?post=8482"}],"curies":[{"name":"wp","href":"https:\/\/api.w.org\/{rel}","templated":true}]}}