{"id":8483,"date":"2021-02-15T16:11:38","date_gmt":"2021-02-15T13:11:38","guid":{"rendered":"https:\/\/ceoparts.com\/?post_type=product&#038;p=8483"},"modified":"2026-05-16T20:33:52","modified_gmt":"2026-05-16T17:33:52","slug":"230x100-80-5b-15-27-112-yuruyus-tekeri","status":"publish","type":"product","link":"https:\/\/ceoparts.com\/es\/urun\/230x100-80-5b-15-27-112-yuruyus-tekeri\/","title":{"rendered":"230&#215;100-80 5B 15\/27 112 Rueda a pie"},"content":{"rendered":"<p>230&#215;100-80 5B 15\/27 112 Rueda a pie<\/p>","protected":false},"excerpt":{"rendered":"<p data-start=\"102\" data-end=\"604\"><br data-start=\"5624\" data-end=\"5627\" \/>La <strong data-start=\"5630\" data-end=\"5681\">Rueda de desplazamiento 230\u00d7100-80 5B 15\/27 112<\/strong> est\u00e1 dise\u00f1ada para montacargas y maquinaria pesada, ofreciendo alta durabilidad y rendimiento. Fabricada para condiciones laborales dif\u00edciles con estructura tipo 5B y especificaciones detalladas 15\/27. Compatible con un di\u00e1metro de llanta est\u00e1ndar de 112 mm. Fabricada en caucho duradero y cuerpo met\u00e1lico resistente, reduce las vibraciones, mejora la comodidad del operador y asegura un movimiento equilibrado de la m\u00e1quina. F\u00e1cil mantenimiento y alta resistencia al desgaste aumentan la eficiencia del trabajo.<\/p>\n<p data-start=\"6196\" data-end=\"6593\"><strong data-start=\"6196\" data-end=\"6215\">Caracter\u00edsticas<\/strong><br data-start=\"6215\" data-end=\"6218\" \/><strong data-start=\"6218\" data-end=\"6242\">Nombre del producto:<\/strong> Rueda de desplazamiento 5B 15\/27 112<br data-start=\"6279\" data-end=\"6282\" \/><strong data-start=\"6282\" data-end=\"6293\">Tama\u00f1o:<\/strong> 230\u00d7100-80<br data-start=\"6304\" data-end=\"6307\" \/><strong data-start=\"6307\" data-end=\"6316\">Tipo:<\/strong> 5B<br data-start=\"6319\" data-end=\"6322\" \/><strong data-start=\"6322\" data-end=\"6345\">Di\u00e1metro de llanta:<\/strong> 112 mm<br data-start=\"6352\" data-end=\"6355\" \/><strong data-start=\"6355\" data-end=\"6368\">Material:<\/strong> Caucho duradero, cuerpo met\u00e1lico<br data-start=\"6401\" data-end=\"6404\" \/><strong data-start=\"6404\" data-end=\"6419\">Aplicaci\u00f3n:<\/strong> Sistema de desplazamiento para montacargas y maquinaria pesada<br data-start=\"6482\" data-end=\"6485\" \/><strong data-start=\"6485\" data-end=\"6497\">Ventaja:<\/strong> Alta durabilidad, reducci\u00f3n de vibraciones, larga vida \u00fatil, estabilidad, f\u00e1cil mantenimiento<\/p>\n","protected":false},"featured_media":17669,"template":"","meta":[],"product_brand":[],"product_cat":[193],"product_tag":[],"class_list":{"0":"post-8483","1":"product","2":"type-product","3":"status-publish","4":"has-post-thumbnail","6":"product_cat-yuruyus-tekeri","8":"first","9":"instock","10":"taxable","11":"shipping-taxable","12":"purchasable","13":"product-type-simple"},"_links":{"self":[{"href":"https:\/\/ceoparts.com\/es\/wp-json\/wp\/v2\/product\/8483","targetHints":{"allow":["GET"]}}],"collection":[{"href":"https:\/\/ceoparts.com\/es\/wp-json\/wp\/v2\/product"}],"about":[{"href":"https:\/\/ceoparts.com\/es\/wp-json\/wp\/v2\/types\/product"}],"wp:featuredmedia":[{"embeddable":true,"href":"https:\/\/ceoparts.com\/es\/wp-json\/wp\/v2\/media\/17669"}],"wp:attachment":[{"href":"https:\/\/ceoparts.com\/es\/wp-json\/wp\/v2\/media?parent=8483"}],"wp:term":[{"taxonomy":"product_brand","embeddable":true,"href":"https:\/\/ceoparts.com\/es\/wp-json\/wp\/v2\/product_brand?post=8483"},{"taxonomy":"product_cat","embeddable":true,"href":"https:\/\/ceoparts.com\/es\/wp-json\/wp\/v2\/product_cat?post=8483"},{"taxonomy":"product_tag","embeddable":true,"href":"https:\/\/ceoparts.com\/es\/wp-json\/wp\/v2\/product_tag?post=8483"}],"curies":[{"name":"wp","href":"https:\/\/api.w.org\/{rel}","templated":true}]}}