{"id":8494,"date":"2021-02-15T22:53:56","date_gmt":"2021-02-15T19:53:56","guid":{"rendered":"https:\/\/ceoparts.com\/?post_type=product&#038;p=8494"},"modified":"2026-05-16T16:08:19","modified_gmt":"2026-05-16T13:08:19","slug":"250x80-yuruyus-tekeri","status":"publish","type":"product","link":"https:\/\/ceoparts.com\/es\/urun\/250x80-yuruyus-tekeri\/","title":{"rendered":"250&#215;80 Rueda a pie"},"content":{"rendered":"<p>250&#215;80 Rueda a pie<\/p>","protected":false},"excerpt":{"rendered":"<p data-start=\"85\" data-end=\"441\"><br data-start=\"4312\" data-end=\"4315\" \/>La <strong data-start=\"4318\" data-end=\"4352\">Rueda de desplazamiento 250\u00d780<\/strong> es ideal para montacargas y maquinaria pesada, ofreciendo alta durabilidad y larga vida \u00fatil. Fabricada con caucho duradero, resiste condiciones de trabajo exigentes y reduce las vibraciones para mejorar la comodidad del operador. Su cuerpo met\u00e1lico proporciona resistencia y estabilidad. F\u00e1cil de mantener y reemplazar, apoya la eficiencia del trabajo.<\/p>\n<p data-start=\"4708\" data-end=\"5052\"><strong data-start=\"4708\" data-end=\"4727\">Caracter\u00edsticas<\/strong><br data-start=\"4727\" data-end=\"4730\" \/><strong data-start=\"4730\" data-end=\"4754\">Nombre del producto:<\/strong> Rueda de desplazamiento<br data-start=\"4778\" data-end=\"4781\" \/><strong data-start=\"4781\" data-end=\"4792\">Tama\u00f1o:<\/strong> 250\u00d780<br data-start=\"4799\" data-end=\"4802\" \/><strong data-start=\"4802\" data-end=\"4815\">Material:<\/strong> Caucho duradero, cuerpo met\u00e1lico<br data-start=\"4848\" data-end=\"4851\" \/><strong data-start=\"4851\" data-end=\"4866\">Aplicaci\u00f3n:<\/strong> Sistema de desplazamiento para montacargas y maquinaria pesada<br data-start=\"4929\" data-end=\"4932\" \/><strong data-start=\"4932\" data-end=\"4944\">Ventaja:<\/strong> Alta resistencia al desgaste, reducci\u00f3n de vibraciones, larga vida \u00fatil, f\u00e1cil mantenimiento, estabilidad<\/p>\n","protected":false},"featured_media":17671,"template":"","meta":[],"product_brand":[],"product_cat":[193],"product_tag":[],"class_list":{"0":"post-8494","1":"product","2":"type-product","3":"status-publish","4":"has-post-thumbnail","6":"product_cat-yuruyus-tekeri","8":"first","9":"instock","10":"taxable","11":"shipping-taxable","12":"purchasable","13":"product-type-simple"},"_links":{"self":[{"href":"https:\/\/ceoparts.com\/es\/wp-json\/wp\/v2\/product\/8494","targetHints":{"allow":["GET"]}}],"collection":[{"href":"https:\/\/ceoparts.com\/es\/wp-json\/wp\/v2\/product"}],"about":[{"href":"https:\/\/ceoparts.com\/es\/wp-json\/wp\/v2\/types\/product"}],"wp:featuredmedia":[{"embeddable":true,"href":"https:\/\/ceoparts.com\/es\/wp-json\/wp\/v2\/media\/17671"}],"wp:attachment":[{"href":"https:\/\/ceoparts.com\/es\/wp-json\/wp\/v2\/media?parent=8494"}],"wp:term":[{"taxonomy":"product_brand","embeddable":true,"href":"https:\/\/ceoparts.com\/es\/wp-json\/wp\/v2\/product_brand?post=8494"},{"taxonomy":"product_cat","embeddable":true,"href":"https:\/\/ceoparts.com\/es\/wp-json\/wp\/v2\/product_cat?post=8494"},{"taxonomy":"product_tag","embeddable":true,"href":"https:\/\/ceoparts.com\/es\/wp-json\/wp\/v2\/product_tag?post=8494"}],"curies":[{"name":"wp","href":"https:\/\/api.w.org\/{rel}","templated":true}]}}