{"id":8498,"date":"2021-02-15T23:02:36","date_gmt":"2021-02-15T20:02:36","guid":{"rendered":"https:\/\/ceoparts.com\/?post_type=product&#038;p=8498"},"modified":"2026-05-16T18:10:23","modified_gmt":"2026-05-16T15:10:23","slug":"254x100-80-5b-185-24-112-yuruyus-tekeri","status":"publish","type":"product","link":"https:\/\/ceoparts.com\/es\/urun\/254x100-80-5b-185-24-112-yuruyus-tekeri\/","title":{"rendered":"254&#215;100-80 5B 18,5\/24 112 Rueda a pie"},"content":{"rendered":"<p>254&#215;100-80 5B 18,5\/24 112 Rueda a pie<\/p>","protected":false},"excerpt":{"rendered":"<p data-start=\"104\" data-end=\"514\"><br data-start=\"4888\" data-end=\"4891\" \/>La <strong data-start=\"4894\" data-end=\"4947\">Rueda de desplazamiento 254\u00d7100-80 5B 18,5\/24 112<\/strong> est\u00e1 dise\u00f1ada para montacargas y maquinaria pesada, ofreciendo alta durabilidad y alto rendimiento. Su caucho reforzado y cuerpo met\u00e1lico resistente soportan condiciones de trabajo exigentes. Minimiza las vibraciones para mejorar la comodidad del operador y asegura un movimiento equilibrado de la m\u00e1quina. F\u00e1cil de mantener, apoya la eficiencia del trabajo.<\/p>\n<p data-start=\"5308\" data-end=\"5714\"><strong data-start=\"5308\" data-end=\"5327\">Caracter\u00edsticas<\/strong><br data-start=\"5327\" data-end=\"5330\" \/><strong data-start=\"5330\" data-end=\"5354\">Nombre del producto:<\/strong> Rueda de desplazamiento<br data-start=\"5378\" data-end=\"5381\" \/><strong data-start=\"5381\" data-end=\"5392\">Tama\u00f1o:<\/strong> 254\u00d7100-80<br data-start=\"5403\" data-end=\"5406\" \/><strong data-start=\"5406\" data-end=\"5415\">Tipo:<\/strong> 5B<br data-start=\"5418\" data-end=\"5421\" \/><strong data-start=\"5421\" data-end=\"5437\">Dimensiones:<\/strong> 18,5\/24 112<br data-start=\"5449\" data-end=\"5452\" \/><strong data-start=\"5452\" data-end=\"5465\">Material:<\/strong> Caucho reforzado, cuerpo met\u00e1lico resistente<br data-start=\"5510\" data-end=\"5513\" \/><strong data-start=\"5513\" data-end=\"5528\">Aplicaci\u00f3n:<\/strong> Sistema de desplazamiento para montacargas y maquinaria pesada<br data-start=\"5591\" data-end=\"5594\" \/><strong data-start=\"5594\" data-end=\"5606\">Ventaja:<\/strong> Alta resistencia al desgaste, reducci\u00f3n de vibraciones, larga vida \u00fatil, f\u00e1cil mantenimiento, estabilidad<\/p>\n","protected":false},"featured_media":17673,"template":"","meta":[],"product_brand":[],"product_cat":[193],"product_tag":[],"class_list":{"0":"post-8498","1":"product","2":"type-product","3":"status-publish","4":"has-post-thumbnail","6":"product_cat-yuruyus-tekeri","8":"first","9":"instock","10":"taxable","11":"shipping-taxable","12":"purchasable","13":"product-type-simple"},"_links":{"self":[{"href":"https:\/\/ceoparts.com\/es\/wp-json\/wp\/v2\/product\/8498","targetHints":{"allow":["GET"]}}],"collection":[{"href":"https:\/\/ceoparts.com\/es\/wp-json\/wp\/v2\/product"}],"about":[{"href":"https:\/\/ceoparts.com\/es\/wp-json\/wp\/v2\/types\/product"}],"wp:featuredmedia":[{"embeddable":true,"href":"https:\/\/ceoparts.com\/es\/wp-json\/wp\/v2\/media\/17673"}],"wp:attachment":[{"href":"https:\/\/ceoparts.com\/es\/wp-json\/wp\/v2\/media?parent=8498"}],"wp:term":[{"taxonomy":"product_brand","embeddable":true,"href":"https:\/\/ceoparts.com\/es\/wp-json\/wp\/v2\/product_brand?post=8498"},{"taxonomy":"product_cat","embeddable":true,"href":"https:\/\/ceoparts.com\/es\/wp-json\/wp\/v2\/product_cat?post=8498"},{"taxonomy":"product_tag","embeddable":true,"href":"https:\/\/ceoparts.com\/es\/wp-json\/wp\/v2\/product_tag?post=8498"}],"curies":[{"name":"wp","href":"https:\/\/api.w.org\/{rel}","templated":true}]}}