{"id":8499,"date":"2021-02-15T23:04:16","date_gmt":"2021-02-15T20:04:16","guid":{"rendered":"https:\/\/ceoparts.com\/?post_type=product&#038;p=8499"},"modified":"2026-05-16T19:25:07","modified_gmt":"2026-05-16T16:25:07","slug":"310x120-80-5b-16-24-112-yuruyus-tekeri","status":"publish","type":"product","link":"https:\/\/ceoparts.com\/es\/urun\/310x120-80-5b-16-24-112-yuruyus-tekeri\/","title":{"rendered":"Rueda Motriz 310&#215;120-80 5B Stellana \u2013 241752"},"content":{"rendered":"<p>Rueda Motriz 310&#215;120-80 5B Stellana \u2013 241752<\/p>\n<p>BT 241752<\/p>\n<p>RRE120M<\/p>\n<p>RRE120MCRRE140M<\/p>\n<p>RRE140MC<\/p>\n<p>RRE160M<\/p>\n<p>RRE160MC<\/p>","protected":false},"excerpt":{"rendered":"<p data-start=\"120\" data-end=\"535\"><br data-start=\"4873\" data-end=\"4876\" \/>La <strong data-start=\"4879\" data-end=\"4948\">Rueda de desplazamiento 310\u00d7120-80 5B Stellana Vulkollan \u2013 241752<\/strong> est\u00e1 especialmente dise\u00f1ada para montacargas y maquinaria pesada, ofreciendo alta resistencia al desgaste y excelente estabilidad. Gracias al material Vulkollan, proporciona larga duraci\u00f3n y soporta condiciones laborales exigentes. Su cuerpo met\u00e1lico reforzado reduce las vibraciones para mejorar la comodidad del operador. F\u00e1cil de mantener, apoya la eficiencia del trabajo.<\/p>\n<p data-start=\"5326\" data-end=\"5703\"><strong data-start=\"5326\" data-end=\"5345\">Caracter\u00edsticas<\/strong><br data-start=\"5345\" data-end=\"5348\" \/><strong data-start=\"5348\" data-end=\"5372\">Nombre del producto:<\/strong> Rueda de desplazamiento Vulkollan<br data-start=\"5406\" data-end=\"5409\" \/><strong data-start=\"5409\" data-end=\"5429\">N\u00famero de pieza:<\/strong> 241752<br data-start=\"5436\" data-end=\"5439\" \/><strong data-start=\"5439\" data-end=\"5452\">Material:<\/strong> Vulkollan, cuerpo met\u00e1lico reforzado<br data-start=\"5489\" data-end=\"5492\" \/><strong data-start=\"5492\" data-end=\"5507\">Aplicaci\u00f3n:<\/strong> Sistema de desplazamiento para montacargas y maquinaria pesada<br data-start=\"5570\" data-end=\"5573\" \/><strong data-start=\"5573\" data-end=\"5585\">Ventaja:<\/strong> Alta resistencia al desgaste, excelente estabilidad, reducci\u00f3n de vibraciones, larga vida \u00fatil, f\u00e1cil mantenimiento<\/p>\n","protected":false},"featured_media":16827,"template":"","meta":[],"product_brand":[],"product_cat":[251,254,416,418,193],"product_tag":[],"class_list":{"0":"post-8499","1":"product","2":"type-product","3":"status-publish","4":"has-post-thumbnail","6":"product_cat-bt","7":"product_cat-yuruyus-tekeri-bt","8":"product_cat-stellana","9":"product_cat-yuruyus-tekeri-stellana","10":"product_cat-yuruyus-tekeri","12":"first","13":"instock","14":"taxable","15":"shipping-taxable","16":"purchasable","17":"product-type-simple"},"_links":{"self":[{"href":"https:\/\/ceoparts.com\/es\/wp-json\/wp\/v2\/product\/8499","targetHints":{"allow":["GET"]}}],"collection":[{"href":"https:\/\/ceoparts.com\/es\/wp-json\/wp\/v2\/product"}],"about":[{"href":"https:\/\/ceoparts.com\/es\/wp-json\/wp\/v2\/types\/product"}],"wp:featuredmedia":[{"embeddable":true,"href":"https:\/\/ceoparts.com\/es\/wp-json\/wp\/v2\/media\/16827"}],"wp:attachment":[{"href":"https:\/\/ceoparts.com\/es\/wp-json\/wp\/v2\/media?parent=8499"}],"wp:term":[{"taxonomy":"product_brand","embeddable":true,"href":"https:\/\/ceoparts.com\/es\/wp-json\/wp\/v2\/product_brand?post=8499"},{"taxonomy":"product_cat","embeddable":true,"href":"https:\/\/ceoparts.com\/es\/wp-json\/wp\/v2\/product_cat?post=8499"},{"taxonomy":"product_tag","embeddable":true,"href":"https:\/\/ceoparts.com\/es\/wp-json\/wp\/v2\/product_tag?post=8499"}],"curies":[{"name":"wp","href":"https:\/\/api.w.org\/{rel}","templated":true}]}}