{"id":8501,"date":"2021-02-15T23:05:32","date_gmt":"2021-02-15T20:05:32","guid":{"rendered":"https:\/\/ceoparts.com\/?post_type=product&#038;p=8501"},"modified":"2026-05-16T20:32:57","modified_gmt":"2026-05-16T17:32:57","slug":"310x120-80-7b-16-24-112-yuruyus-tekeri","status":"publish","type":"product","link":"https:\/\/ceoparts.com\/es\/urun\/310x120-80-7b-16-24-112-yuruyus-tekeri\/","title":{"rendered":"310&#215;120-80 7B Stellana Vulkollan Rueda a pie &#8211; 151991 ,220400"},"content":{"rendered":"<p>310&#215;120-80 7B Stellana Vulkollan Rueda a pie &#8211; 151991 ,220400<\/p>\n<p>RR B1-B3 REFLEX AC<br \/>\nRR B1CC-3CC<br \/>\nRR B2<br \/>\nRR E1-E3 REFLEX AC<br \/>\nRR E1-E3 REFLEX DC<br \/>\nRR E1CC-E3CC<br \/>\nRR E2<br \/>\nRR M1-3REFLEX AC\/DC<br \/>\nRR M12 REFLEX<br \/>\nRR M12C REFLEX<br \/>\nRR M14 REFLEX<br \/>\nRR M14C REFLEX<br \/>\nRR M16<br \/>\nRR M16C<br \/>\nRR M1C-3C REFLEX AC\/DC<br \/>\nRR 4-6 REFLEX AC\/DC<br \/>\nRR 4C-6C REFLEX AC\/DC<br \/>\nRR N1-N3 REFLEX AC<br \/>\nRR N1-N3 REFLEX DC<\/p>","protected":false},"excerpt":{"rendered":"<p data-start=\"128\" data-end=\"587\"><br data-start=\"5227\" data-end=\"5230\" \/>La <strong data-start=\"5233\" data-end=\"5310\">Rueda de desplazamiento 310\u00d7120-80 7B Stellana Vulkollan \u2013 151991, 220400<\/strong> est\u00e1 dise\u00f1ada para montacargas y maquinaria pesada, ofreciendo durabilidad superior y alto rendimiento. Gracias al material Vulkollan, proporciona excelente resistencia al desgaste y estabilidad lateral. Con un cuerpo met\u00e1lico reforzado, esta rueda de desplazamiento soporta condiciones laborales dif\u00edciles mientras minimiza las vibraciones para mejorar la comodidad del operador. F\u00e1cil de mantener, apoya la eficiencia laboral.<\/p>\n<p data-start=\"5741\" data-end=\"6126\"><strong data-start=\"5741\" data-end=\"5760\">Caracter\u00edsticas<\/strong><br data-start=\"5760\" data-end=\"5763\" \/><strong data-start=\"5763\" data-end=\"5787\">Nombre del producto:<\/strong> Rueda de desplazamiento Vulkollan<br data-start=\"5821\" data-end=\"5824\" \/><strong data-start=\"5824\" data-end=\"5844\">N\u00famero de pieza:<\/strong> 151991, 220400<br data-start=\"5859\" data-end=\"5862\" \/><strong data-start=\"5862\" data-end=\"5875\">Material:<\/strong> Vulkollan, cuerpo met\u00e1lico reforzado<br data-start=\"5912\" data-end=\"5915\" \/><strong data-start=\"5915\" data-end=\"5930\">Aplicaci\u00f3n:<\/strong> Sistema de desplazamiento para montacargas y maquinaria pesada<br data-start=\"5993\" data-end=\"5996\" \/><strong data-start=\"5996\" data-end=\"6008\">Ventaja:<\/strong> Alta resistencia al desgaste, excelente estabilidad, reducci\u00f3n de vibraciones, larga vida \u00fatil, f\u00e1cil mantenimiento<\/p>\n","protected":false},"featured_media":16789,"template":"","meta":[],"product_brand":[],"product_cat":[416,418,193],"product_tag":[],"class_list":{"0":"post-8501","1":"product","2":"type-product","3":"status-publish","4":"has-post-thumbnail","6":"product_cat-stellana","7":"product_cat-yuruyus-tekeri-stellana","8":"product_cat-yuruyus-tekeri","10":"first","11":"instock","12":"taxable","13":"shipping-taxable","14":"purchasable","15":"product-type-simple"},"_links":{"self":[{"href":"https:\/\/ceoparts.com\/es\/wp-json\/wp\/v2\/product\/8501","targetHints":{"allow":["GET"]}}],"collection":[{"href":"https:\/\/ceoparts.com\/es\/wp-json\/wp\/v2\/product"}],"about":[{"href":"https:\/\/ceoparts.com\/es\/wp-json\/wp\/v2\/types\/product"}],"wp:featuredmedia":[{"embeddable":true,"href":"https:\/\/ceoparts.com\/es\/wp-json\/wp\/v2\/media\/16789"}],"wp:attachment":[{"href":"https:\/\/ceoparts.com\/es\/wp-json\/wp\/v2\/media?parent=8501"}],"wp:term":[{"taxonomy":"product_brand","embeddable":true,"href":"https:\/\/ceoparts.com\/es\/wp-json\/wp\/v2\/product_brand?post=8501"},{"taxonomy":"product_cat","embeddable":true,"href":"https:\/\/ceoparts.com\/es\/wp-json\/wp\/v2\/product_cat?post=8501"},{"taxonomy":"product_tag","embeddable":true,"href":"https:\/\/ceoparts.com\/es\/wp-json\/wp\/v2\/product_tag?post=8501"}],"curies":[{"name":"wp","href":"https:\/\/api.w.org\/{rel}","templated":true}]}}