{"id":8503,"date":"2021-02-15T23:09:57","date_gmt":"2021-02-15T20:09:57","guid":{"rendered":"https:\/\/ceoparts.com\/?post_type=product&#038;p=8503"},"modified":"2026-05-16T21:11:08","modified_gmt":"2026-05-16T18:11:08","slug":"330x135-80-7b-145-24-112-yuruyus-tekeri","status":"publish","type":"product","link":"https:\/\/ceoparts.com\/es\/urun\/330x135-80-7b-145-24-112-yuruyus-tekeri\/","title":{"rendered":"330&#215;135-80 7B Rueda de Paseo Stellana &#8211; 9815000599"},"content":{"rendered":"<p>330&#215;135-80 7B Rueda de Paseo Stellana &#8211; 9815000599<\/p>\n<p>113 R14\/16\/16N\/20\/20N<br \/>\n115 R14\/R16\/R20<br \/>\n115C R10C\/R12C\/R14C<br \/>\n117 A 10Z<\/p>","protected":false},"excerpt":{"rendered":"<p data-start=\"114\" data-end=\"542\"><br data-start=\"4770\" data-end=\"4773\" \/>La <strong data-start=\"4776\" data-end=\"4839\">Rueda de desplazamiento 330\u00d7135-80 7B Stellana \u2013 9815000599<\/strong> est\u00e1 dise\u00f1ada para montacargas y maquinaria pesada, ofreciendo alta durabilidad y rendimiento superior. Su estructura de caucho reforzado y cuerpo met\u00e1lico resistente soportan condiciones laborales exigentes. Reduce las vibraciones para mejorar la comodidad del operador y ayuda a mantener un movimiento equilibrado durante el desplazamiento. F\u00e1cil de mantener, apoya la eficiencia del trabajo.<\/p>\n<p data-start=\"5236\" data-end=\"5604\"><strong data-start=\"5236\" data-end=\"5255\">Caracter\u00edsticas<\/strong><br data-start=\"5255\" data-end=\"5258\" \/><strong data-start=\"5258\" data-end=\"5282\">Nombre del producto:<\/strong> Rueda de desplazamiento<br data-start=\"5306\" data-end=\"5309\" \/><strong data-start=\"5309\" data-end=\"5329\">N\u00famero de pieza:<\/strong> 9815000599<br data-start=\"5340\" data-end=\"5343\" \/><strong data-start=\"5343\" data-end=\"5356\">Material:<\/strong> Caucho duradero, cuerpo met\u00e1lico resistente<br data-start=\"5400\" data-end=\"5403\" \/><strong data-start=\"5403\" data-end=\"5418\">Aplicaci\u00f3n:<\/strong> Sistema de desplazamiento para montacargas y maquinaria pesada<br data-start=\"5481\" data-end=\"5484\" \/><strong data-start=\"5484\" data-end=\"5496\">Ventaja:<\/strong> Alta resistencia al desgaste, reducci\u00f3n de vibraciones, larga vida \u00fatil, f\u00e1cil mantenimiento, estabilidad<\/p>\n<p>&nbsp;<\/p>\n","protected":false},"featured_media":16507,"template":"","meta":[],"product_brand":[],"product_cat":[416,418,193],"product_tag":[],"class_list":{"0":"post-8503","1":"product","2":"type-product","3":"status-publish","4":"has-post-thumbnail","6":"product_cat-stellana","7":"product_cat-yuruyus-tekeri-stellana","8":"product_cat-yuruyus-tekeri","10":"first","11":"instock","12":"taxable","13":"shipping-taxable","14":"purchasable","15":"product-type-simple"},"_links":{"self":[{"href":"https:\/\/ceoparts.com\/es\/wp-json\/wp\/v2\/product\/8503","targetHints":{"allow":["GET"]}}],"collection":[{"href":"https:\/\/ceoparts.com\/es\/wp-json\/wp\/v2\/product"}],"about":[{"href":"https:\/\/ceoparts.com\/es\/wp-json\/wp\/v2\/types\/product"}],"wp:featuredmedia":[{"embeddable":true,"href":"https:\/\/ceoparts.com\/es\/wp-json\/wp\/v2\/media\/16507"}],"wp:attachment":[{"href":"https:\/\/ceoparts.com\/es\/wp-json\/wp\/v2\/media?parent=8503"}],"wp:term":[{"taxonomy":"product_brand","embeddable":true,"href":"https:\/\/ceoparts.com\/es\/wp-json\/wp\/v2\/product_brand?post=8503"},{"taxonomy":"product_cat","embeddable":true,"href":"https:\/\/ceoparts.com\/es\/wp-json\/wp\/v2\/product_cat?post=8503"},{"taxonomy":"product_tag","embeddable":true,"href":"https:\/\/ceoparts.com\/es\/wp-json\/wp\/v2\/product_tag?post=8503"}],"curies":[{"name":"wp","href":"https:\/\/api.w.org\/{rel}","templated":true}]}}