{"id":9941,"date":"2024-09-06T13:37:15","date_gmt":"2024-09-06T10:37:15","guid":{"rendered":"https:\/\/ceoparts.com\/?post_type=product&#038;p=9941"},"modified":"2026-05-16T15:13:51","modified_gmt":"2026-05-16T12:13:51","slug":"100x74-78-20-ceoparts-yuk-tekeri","status":"publish","type":"product","link":"https:\/\/ceoparts.com\/es\/urun\/100x74-78-20-ceoparts-yuk-tekeri\/","title":{"rendered":"100&#215;74\/78-20 Ceoparts Ruedas de carga &#8211; 215179, 235971"},"content":{"rendered":"<p>100&#215;74\/78-20 Ceoparts Ruedas de carga &#8211; 215179, 235971<\/p>\n<p><span style=\"font-family: ti;\">BT SWE120S BT 235971\u00a0<span style=\"color: #1f497d;\"><span style=\"color: #000000;\">958303 Vulk Hjul 100\/80&#215;78 kpl<\/span><\/span><\/span><\/p>\n<p><span style=\"font-family: ti;\">S12 S<\/span><\/p>\n<p><span style=\"font-family: ti;\">MPL 12S<\/span><\/p>\n<p><span style=\"font-family: ti;\">PPS 120 MXS<\/span><\/p>\n<p><span style=\"font-family: ti;\">RSX 20\/25<\/span><\/p>","protected":false},"excerpt":{"rendered":"<p data-start=\"113\" data-end=\"526\"><br data-start=\"4941\" data-end=\"4944\" \/>La <strong data-start=\"4947\" data-end=\"4987\">Rueda de carga 100\u00d774\/78-20 Ceoparts<\/strong> est\u00e1 dise\u00f1ada para montacargas y maquinaria pesada, ofreciendo alta capacidad de carga y durabilidad. La combinaci\u00f3n de caucho de calidad y cuerpo met\u00e1lico reforzado garantiza un rendimiento duradero en condiciones dif\u00edciles. Reduce las vibraciones para mejorar la comodidad del operador y apoya la eficiencia de la maquinaria. F\u00e1cil de mantener, es un componente esencial para la seguridad laboral.<\/p>\n<p data-start=\"5389\" data-end=\"5751\"><strong data-start=\"5389\" data-end=\"5408\">Caracter\u00edsticas<\/strong><br data-start=\"5408\" data-end=\"5411\" \/><strong data-start=\"5411\" data-end=\"5435\">Nombre del producto:<\/strong> Rueda de carga<br data-start=\"5450\" data-end=\"5453\" \/><strong data-start=\"5453\" data-end=\"5473\">N\u00famero de pieza:<\/strong> 215179, 235971<br data-start=\"5488\" data-end=\"5491\" \/><strong data-start=\"5491\" data-end=\"5504\">Material:<\/strong> Caucho duradero, cuerpo met\u00e1lico reforzado<br data-start=\"5547\" data-end=\"5550\" \/><strong data-start=\"5550\" data-end=\"5565\">Aplicaci\u00f3n:<\/strong> Sistema de carga para montacargas y maquinaria pesada<br data-start=\"5619\" data-end=\"5622\" \/><strong data-start=\"5622\" data-end=\"5634\">Ventaja:<\/strong> Alta resistencia al desgaste, larga vida \u00fatil, reducci\u00f3n de vibraciones, f\u00e1cil mantenimiento, estabilidad mejorada<\/p>\n","protected":false},"featured_media":15522,"template":"","meta":[],"product_brand":[],"product_cat":[400,251,253,395,398],"product_tag":[],"class_list":{"0":"post-9941","1":"product","2":"type-product","3":"status-publish","4":"has-post-thumbnail","6":"product_cat-catal-tekeri","7":"product_cat-bt","8":"product_cat-catal-tekeri-bt","9":"product_cat-ceoparts","10":"product_cat-catal-tekeri-ceo","12":"first","13":"instock","14":"taxable","15":"shipping-taxable","16":"purchasable","17":"product-type-simple"},"_links":{"self":[{"href":"https:\/\/ceoparts.com\/es\/wp-json\/wp\/v2\/product\/9941","targetHints":{"allow":["GET"]}}],"collection":[{"href":"https:\/\/ceoparts.com\/es\/wp-json\/wp\/v2\/product"}],"about":[{"href":"https:\/\/ceoparts.com\/es\/wp-json\/wp\/v2\/types\/product"}],"wp:featuredmedia":[{"embeddable":true,"href":"https:\/\/ceoparts.com\/es\/wp-json\/wp\/v2\/media\/15522"}],"wp:attachment":[{"href":"https:\/\/ceoparts.com\/es\/wp-json\/wp\/v2\/media?parent=9941"}],"wp:term":[{"taxonomy":"product_brand","embeddable":true,"href":"https:\/\/ceoparts.com\/es\/wp-json\/wp\/v2\/product_brand?post=9941"},{"taxonomy":"product_cat","embeddable":true,"href":"https:\/\/ceoparts.com\/es\/wp-json\/wp\/v2\/product_cat?post=9941"},{"taxonomy":"product_tag","embeddable":true,"href":"https:\/\/ceoparts.com\/es\/wp-json\/wp\/v2\/product_tag?post=9941"}],"curies":[{"name":"wp","href":"https:\/\/api.w.org\/{rel}","templated":true}]}}