{"id":9953,"date":"2024-09-06T14:29:25","date_gmt":"2024-09-06T11:29:25","guid":{"rendered":"https:\/\/ceoparts.com\/?post_type=product&#038;p=9953"},"modified":"2026-05-03T03:39:04","modified_gmt":"2026-05-03T00:39:04","slug":"85x110-115-12-wicke-yuk-tekeri","status":"publish","type":"product","link":"https:\/\/ceoparts.com\/es\/urun\/85x110-115-12-wicke-yuk-tekeri\/","title":{"rendered":"85&#215;110\/115-12 Wicke Ruedas de carga &#8211; 1590996 , 580064668"},"content":{"rendered":"<p>85&#215;110\/115-12 Wicke Ruedas de carga &#8211; 1590996 , 580064668<\/p>\n<p>Yale MP16\/18\/20\u00a0 Serie C 841X<\/p>\n<p>Hyster P 1.3, P 1.6<\/p>","protected":false},"excerpt":{"rendered":"<p data-start=\"115\" data-end=\"557\"><br data-start=\"5035\" data-end=\"5038\" \/>La <strong data-start=\"5041\" data-end=\"5079\">Rueda de carga 85\u00d7110\/115-12 Wicke<\/strong> est\u00e1 dise\u00f1ada para montacargas y maquinaria pesada, ofreciendo alta capacidad de carga y durabilidad. La combinaci\u00f3n de caucho de calidad y cuerpo met\u00e1lico reforzado garantiza un rendimiento duradero en condiciones dif\u00edciles. Reduce las vibraciones para mejorar la comodidad del operador y apoya la eficiencia de la maquinaria. F\u00e1cil de mantener, esta rueda de carga es un componente esencial para la seguridad laboral.<\/p>\n<p data-start=\"5501\" data-end=\"5867\"><strong data-start=\"5501\" data-end=\"5520\">Caracter\u00edsticas<\/strong><br data-start=\"5520\" data-end=\"5523\" \/><strong data-start=\"5523\" data-end=\"5547\">Nombre del producto:<\/strong> Rueda de carga<br data-start=\"5562\" data-end=\"5565\" \/><strong data-start=\"5565\" data-end=\"5585\">N\u00famero de pieza:<\/strong> 1590996, 580064668<br data-start=\"5604\" data-end=\"5607\" \/><strong data-start=\"5607\" data-end=\"5620\">Material:<\/strong> Caucho duradero, cuerpo met\u00e1lico reforzado<br data-start=\"5663\" data-end=\"5666\" \/><strong data-start=\"5666\" data-end=\"5681\">Aplicaci\u00f3n:<\/strong> Sistema de carga para montacargas y maquinaria pesada<br data-start=\"5735\" data-end=\"5738\" \/><strong data-start=\"5738\" data-end=\"5750\">Ventaja:<\/strong> Alta resistencia al desgaste, larga vida \u00fatil, reducci\u00f3n de vibraciones, f\u00e1cil mantenimiento, estabilidad mejorada<\/p>\n","protected":false},"featured_media":15929,"template":"","meta":[],"product_brand":[],"product_cat":[256,259,400,401,402],"product_tag":[],"class_list":{"0":"post-9953","1":"product","2":"type-product","3":"status-publish","4":"has-post-thumbnail","6":"product_cat-hyster","7":"product_cat-catal-tekeri-hyster","8":"product_cat-catal-tekeri","9":"product_cat-wicke","10":"product_cat-catal-tekeri-wicke","12":"first","13":"instock","14":"taxable","15":"shipping-taxable","16":"purchasable","17":"product-type-simple"},"_links":{"self":[{"href":"https:\/\/ceoparts.com\/es\/wp-json\/wp\/v2\/product\/9953","targetHints":{"allow":["GET"]}}],"collection":[{"href":"https:\/\/ceoparts.com\/es\/wp-json\/wp\/v2\/product"}],"about":[{"href":"https:\/\/ceoparts.com\/es\/wp-json\/wp\/v2\/types\/product"}],"wp:featuredmedia":[{"embeddable":true,"href":"https:\/\/ceoparts.com\/es\/wp-json\/wp\/v2\/media\/15929"}],"wp:attachment":[{"href":"https:\/\/ceoparts.com\/es\/wp-json\/wp\/v2\/media?parent=9953"}],"wp:term":[{"taxonomy":"product_brand","embeddable":true,"href":"https:\/\/ceoparts.com\/es\/wp-json\/wp\/v2\/product_brand?post=9953"},{"taxonomy":"product_cat","embeddable":true,"href":"https:\/\/ceoparts.com\/es\/wp-json\/wp\/v2\/product_cat?post=9953"},{"taxonomy":"product_tag","embeddable":true,"href":"https:\/\/ceoparts.com\/es\/wp-json\/wp\/v2\/product_tag?post=9953"}],"curies":[{"name":"wp","href":"https:\/\/api.w.org\/{rel}","templated":true}]}}