{"id":9975,"date":"2024-09-06T16:42:24","date_gmt":"2024-09-06T13:42:24","guid":{"rendered":"https:\/\/ceoparts.com\/?post_type=product&#038;p=9975"},"modified":"2026-05-16T18:40:49","modified_gmt":"2026-05-16T15:40:49","slug":"100x74-78-17-ceoparts-yuk-tekeri","status":"publish","type":"product","link":"https:\/\/ceoparts.com\/es\/urun\/100x74-78-17-ceoparts-yuk-tekeri\/","title":{"rendered":"100&#215;74\/78-17 Ceoparts Ruedas de carga"},"content":{"rendered":"<p>100&#215;74\/78-17 Ceoparts Ruedas de carga<\/p>","protected":false},"excerpt":{"rendered":"<p data-start=\"96\" data-end=\"517\"><br data-start=\"4973\" data-end=\"4976\" \/>La <strong data-start=\"4979\" data-end=\"5019\">Rueda de carga 100\u00d774\/78-17 Ceoparts<\/strong> est\u00e1 dise\u00f1ada para montacargas y maquinaria pesada, ofreciendo alta capacidad de carga y durabilidad. La combinaci\u00f3n de caucho de calidad y cuerpo met\u00e1lico reforzado garantiza un rendimiento duradero en condiciones dif\u00edciles. Reduce las vibraciones para mejorar la comodidad del operador y optimiza la eficiencia de la maquinaria. F\u00e1cil de mantener, es un componente esencial para la seguridad laboral.<\/p>\n<p data-start=\"5424\" data-end=\"5807\"><strong data-start=\"5424\" data-end=\"5443\">Caracter\u00edsticas<\/strong><br data-start=\"5443\" data-end=\"5446\" \/><strong data-start=\"5446\" data-end=\"5470\">Nombre del producto:<\/strong> Rueda de carga<br data-start=\"5485\" data-end=\"5488\" \/><strong data-start=\"5488\" data-end=\"5508\">N\u00famero de pieza:<\/strong> &#8211;\u00a0<br data-start=\"5544\" data-end=\"5547\" \/><strong data-start=\"5547\" data-end=\"5560\">Material:<\/strong> Caucho duradero, cuerpo met\u00e1lico reforzado<br data-start=\"5603\" data-end=\"5606\" \/><strong data-start=\"5606\" data-end=\"5621\">Aplicaci\u00f3n:<\/strong> Sistema de carga para montacargas y maquinaria pesada<br data-start=\"5675\" data-end=\"5678\" \/><strong data-start=\"5678\" data-end=\"5690\">Ventaja:<\/strong> Alta resistencia al desgaste, larga vida \u00fatil, reducci\u00f3n de vibraciones, f\u00e1cil mantenimiento, estabilidad mejorada<\/p>\n","protected":false},"featured_media":15519,"template":"","meta":[],"product_brand":[],"product_cat":[395,398,400],"product_tag":[],"class_list":{"0":"post-9975","1":"product","2":"type-product","3":"status-publish","4":"has-post-thumbnail","6":"product_cat-ceoparts","7":"product_cat-catal-tekeri-ceo","8":"product_cat-catal-tekeri","10":"first","11":"instock","12":"taxable","13":"shipping-taxable","14":"purchasable","15":"product-type-simple"},"_links":{"self":[{"href":"https:\/\/ceoparts.com\/es\/wp-json\/wp\/v2\/product\/9975","targetHints":{"allow":["GET"]}}],"collection":[{"href":"https:\/\/ceoparts.com\/es\/wp-json\/wp\/v2\/product"}],"about":[{"href":"https:\/\/ceoparts.com\/es\/wp-json\/wp\/v2\/types\/product"}],"wp:featuredmedia":[{"embeddable":true,"href":"https:\/\/ceoparts.com\/es\/wp-json\/wp\/v2\/media\/15519"}],"wp:attachment":[{"href":"https:\/\/ceoparts.com\/es\/wp-json\/wp\/v2\/media?parent=9975"}],"wp:term":[{"taxonomy":"product_brand","embeddable":true,"href":"https:\/\/ceoparts.com\/es\/wp-json\/wp\/v2\/product_brand?post=9975"},{"taxonomy":"product_cat","embeddable":true,"href":"https:\/\/ceoparts.com\/es\/wp-json\/wp\/v2\/product_cat?post=9975"},{"taxonomy":"product_tag","embeddable":true,"href":"https:\/\/ceoparts.com\/es\/wp-json\/wp\/v2\/product_tag?post=9975"}],"curies":[{"name":"wp","href":"https:\/\/api.w.org\/{rel}","templated":true}]}}