{"id":9998,"date":"2024-09-09T10:24:16","date_gmt":"2024-09-09T07:24:16","guid":{"rendered":"https:\/\/ceoparts.com\/?post_type=product&#038;p=9998"},"modified":"2026-05-16T17:28:43","modified_gmt":"2026-05-16T14:28:43","slug":"85x60-62-20-ceoparts-yuk-tekeri","status":"publish","type":"product","link":"https:\/\/ceoparts.com\/es\/urun\/85x60-62-20-ceoparts-yuk-tekeri\/","title":{"rendered":"85&#215;60\/62-20 Ceoparts Ruedas de carga"},"content":{"rendered":"<p>85&#215;60\/62-20 Ceoparts Ruedas de carga<\/p>","protected":false},"excerpt":{"rendered":"<p data-start=\"95\" data-end=\"536\"><br data-start=\"5065\" data-end=\"5068\" \/>La <strong data-start=\"5071\" data-end=\"5110\">Rueda de carga 85\u00d760\/62-20 Ceoparts<\/strong> est\u00e1 dise\u00f1ada para montacargas y maquinaria pesada, ofreciendo alta capacidad de carga y durabilidad. La combinaci\u00f3n de caucho de calidad y cuerpo met\u00e1lico reforzado garantiza un rendimiento duradero en condiciones dif\u00edciles. Mejora la eficiencia de la maquinaria mientras reduce las vibraciones para aumentar la comodidad del operador. Esta rueda de carga es f\u00e1cil de mantener y un componente esencial para la seguridad laboral.<\/p>\n<p data-start=\"5542\" data-end=\"5925\"><strong data-start=\"5542\" data-end=\"5561\">Caracter\u00edsticas<\/strong><br data-start=\"5561\" data-end=\"5564\" \/><strong data-start=\"5564\" data-end=\"5588\">Nombre del producto:<\/strong> Rueda de carga<br data-start=\"5603\" data-end=\"5606\" \/><strong data-start=\"5606\" data-end=\"5626\">N\u00famero de pieza:<\/strong> &#8211;\u00a0<br data-start=\"5662\" data-end=\"5665\" \/><strong data-start=\"5665\" data-end=\"5678\">Material:<\/strong> Caucho duradero, cuerpo met\u00e1lico reforzado<br data-start=\"5721\" data-end=\"5724\" \/><strong data-start=\"5724\" data-end=\"5739\">Aplicaci\u00f3n:<\/strong> Sistema de carga para montacargas y maquinaria pesada<br data-start=\"5793\" data-end=\"5796\" \/><strong data-start=\"5796\" data-end=\"5808\">Ventaja:<\/strong> Alta resistencia al desgaste, larga vida \u00fatil, reducci\u00f3n de vibraciones, f\u00e1cil mantenimiento, estabilidad mejorada<\/p>\n","protected":false},"featured_media":15958,"template":"","meta":[],"product_brand":[],"product_cat":[398,400],"product_tag":[],"class_list":{"0":"post-9998","1":"product","2":"type-product","3":"status-publish","4":"has-post-thumbnail","6":"product_cat-catal-tekeri-ceo","7":"product_cat-catal-tekeri","9":"first","10":"instock","11":"taxable","12":"shipping-taxable","13":"purchasable","14":"product-type-simple"},"_links":{"self":[{"href":"https:\/\/ceoparts.com\/es\/wp-json\/wp\/v2\/product\/9998","targetHints":{"allow":["GET"]}}],"collection":[{"href":"https:\/\/ceoparts.com\/es\/wp-json\/wp\/v2\/product"}],"about":[{"href":"https:\/\/ceoparts.com\/es\/wp-json\/wp\/v2\/types\/product"}],"wp:featuredmedia":[{"embeddable":true,"href":"https:\/\/ceoparts.com\/es\/wp-json\/wp\/v2\/media\/15958"}],"wp:attachment":[{"href":"https:\/\/ceoparts.com\/es\/wp-json\/wp\/v2\/media?parent=9998"}],"wp:term":[{"taxonomy":"product_brand","embeddable":true,"href":"https:\/\/ceoparts.com\/es\/wp-json\/wp\/v2\/product_brand?post=9998"},{"taxonomy":"product_cat","embeddable":true,"href":"https:\/\/ceoparts.com\/es\/wp-json\/wp\/v2\/product_cat?post=9998"},{"taxonomy":"product_tag","embeddable":true,"href":"https:\/\/ceoparts.com\/es\/wp-json\/wp\/v2\/product_tag?post=9998"}],"curies":[{"name":"wp","href":"https:\/\/api.w.org\/{rel}","templated":true}]}}