{"id":20950,"date":"2026-02-09T16:09:38","date_gmt":"2026-02-09T13:09:38","guid":{"rendered":"https:\/\/ceoparts.com\/?page_id=20950"},"modified":"2026-02-10T09:21:10","modified_gmt":"2026-02-10T06:21:10","slug":"hakkimizda","status":"publish","type":"page","link":"https:\/\/ceoparts.com\/fr\/hakkimizda\/","title":{"rendered":"\u00c0 propos de nous"},"content":{"rendered":"<p>CEOPARTS est une marque qui propose des solutions de roues, m\u00e9canismes et pi\u00e8ces d\u00e9tach\u00e9es pour chariots \u00e9l\u00e9vateurs, au c\u0153ur du secteur de la logistique et de la manutention industrielle.<\/p>\n<p>Fort de plus de 15 ans d\u2019exp\u00e9rience dans le secteur, CEOPARTS a d\u00e9but\u00e9 ses activit\u00e9s en 2019 et intervient aujourd\u2019hui dans toute la Turquie gr\u00e2ce \u00e0 une organisation multi-sites et un vaste r\u00e9seau de distributeurs.<\/p>\n<ul>\n<li>Activit\u00e9 bas\u00e9e \u00e0 Istanbul \/ Tuzla \/ quartier Orhanl\u0131,<br \/>\n\u2022 D\u00e9veloppement continu du r\u00e9seau de services gr\u00e2ce \u00e0 une structure multi-sites,<br \/>\n\u2022 Solutions rapides et ininterrompues dans toutes les r\u00e9gions de Turquie via un total de 6 distributeurs r\u00e9partis sur 5 r\u00e9gions.<\/li>\n<\/ul>\n<p>En grandissant, nous d\u00e9veloppons non seulement notre volume, mais aussi notre qualit\u00e9 de service, notre puissance op\u00e9rationnelle et notre identit\u00e9 institutionnelle.<\/p>\n<p>&nbsp;<\/p>\n<h3 style=\"text-align: center;\"><strong>Que faisons-nous ?<\/strong><\/h3>\n<p>Chez CEOPARTS, nous proposons un portefeuille de produits large, fiable et toujours disponible pour les \u00e9quipements qui constituent l\u2019\u00e9pine dorsale des op\u00e9rations logistiques et de gestion d\u2019entrep\u00f4t.<\/p>\n<p>Nos principales gammes de produits :<\/p>\n<p>\u2022\u00a0 Roues et m\u00e9canismes<br \/>\n\u2022 Pi\u00e8ces d\u00e9tach\u00e9es pour transpalettes<br \/>\n\u2022 Pi\u00e8ces d\u00e9tach\u00e9es pour gerbeurs<br \/>\n\u2022 Pi\u00e8ces d\u00e9tach\u00e9es pour chariots \u00e9l\u00e9vateurs<br \/>\n\u2022 Pi\u00e8ces d\u00e9tach\u00e9es pour reach trucks<\/p>\n<p>Garantir le fonctionnement ininterrompu des chariots \u00e9l\u00e9vateurs utilis\u00e9s dans les entrep\u00f4ts, centres logistiques, sites de production et environnements industriels lourds est au c\u0153ur de notre activit\u00e9.<\/p>\n<p>&nbsp;<\/p>\n<h3 style=\"text-align: center;\"><strong>Notre mission<\/strong><\/h3>\n<p>Permettre \u00e0 nos clients de maintenir leurs op\u00e9rations sans interruption en fournissant des solutions de pi\u00e8ces d\u00e9tach\u00e9es de haute qualit\u00e9, techniquement compatibles et durables, au bon moment, au bon prix et avec une approche de service durable.<\/p>\n<p>Nous souhaitons \u00eatre plus qu\u2019un simple fournisseur : un partenaire de solutions qui comprend les r\u00e9alit\u00e9s du terrain, analyse pr\u00e9cis\u00e9ment les besoins et apporte une r\u00e9elle valeur ajout\u00e9e aux processus m\u00e9tiers de ses clients gr\u00e2ce \u00e0 une approche orient\u00e9e solutions.<\/p>\n<p>Gr\u00e2ce \u00e0 notre structure de stock solide, notre \u00e9quipe d\u2019experts et notre r\u00e9seau de services \u00e9tendu, notre mission principale est de faire de la fiabilit\u00e9 une norme dans le secteur de la logistique et de la manutention industrielle.<\/p>\n<p>&nbsp;<\/p>\n<h3 style=\"text-align: center;\"><strong>Notre vision<\/strong><\/h3>\n<p>Devenir l\u2019une des marques de r\u00e9f\u00e9rence en Turquie et sur les march\u00e9s internationaux dans le domaine des pi\u00e8ces d\u00e9tach\u00e9es pour chariots \u00e9l\u00e9vateurs et \u00e9quipements industriels, reconnue pour sa fiabilit\u00e9, sa forte capacit\u00e9 op\u00e9rationnelle et sa croissance durable.<\/p>\n<p>En combinant technologie, qualit\u00e9 et exp\u00e9rience terrain, nous d\u00e9veloppons des solutions qui font la diff\u00e9rence dans le secteur et construisons, avec nos partenaires, un \u00e9cosyst\u00e8me innovant, solide et en constante \u00e9volution.<\/p>\n<p>&nbsp;<\/p>\n<h3 style=\"text-align: center;\"><strong>Notre politique d\u2019entreprise<\/strong><\/h3>\n<ul>\n<li>Ne jamais compromettre la qualit\u00e9<br \/>\n\u2022 Proposer le bon produit pour le bon besoin<br \/>\n\u2022 \u00c9tablir des partenariats durables fond\u00e9s sur la confiance<br \/>\n\u2022 Agir avec transparence et int\u00e9grit\u00e9 dans tous les processus<br \/>\n\u2022 Placer la satisfaction client au centre de nos op\u00e9rations<br \/>\n\u2022 Encourager l\u2019am\u00e9lioration continue gr\u00e2ce \u00e0 notre \u00e9quipe d\u2019experts<br \/>\n\u2022 Garantir des solutions ininterrompues gr\u00e2ce \u00e0 une forte capacit\u00e9 de stock et un approvisionnement rapide<br \/>\n\u2022 Mettre en place une structure durable respectueuse de l\u2019environnement et de la sant\u00e9 au travail<\/li>\n<\/ul>\n<p>Avec une organisation en constante croissance, nous adoptons une approche qui anticipe non seulement les besoins d\u2019aujourd\u2019hui, mais aussi ceux de demain.<\/p>\n<p>&nbsp;<\/p>\n<h3 style=\"text-align: center;\"><strong>Marques mondiales &amp; partenariats<\/strong><\/h3>\n<p>CEOPARTS est le repr\u00e9sentant et partenaire de solutions en Turquie de nombreuses marques internationales reconnues pour leurs standards de qualit\u00e9.<\/p>\n<h3 style=\"text-align: center;\"><strong>Nos principaux partenaires incluent<\/strong><\/h3>\n<p>Stellana, Wicke, Tellure Rota, Vulkoprin, Blickle, Teleco Freni, Allbright, Norma, Grammer, Stabilus, Wanda, Rema, Fr\u00f6tek, Global Cables, Anderson Power, et autres.<\/p>\n<p>Gr\u00e2ce \u00e0 ce solide portefeuille de marques, nous livrons \u00e0 nos clients le bon produit, au bon moment, sans compromis sur la qualit\u00e9.<\/p>\n<p>&nbsp;<\/p>\n<h3 style=\"text-align: center;\"><strong>Certificats &amp; normes de qualit\u00e9<\/strong><\/h3>\n<p>CEOPARTS op\u00e8re conform\u00e9ment aux normes nationales et internationales de qualit\u00e9.<\/p>\n<ul>\n<li>ISO 9001 \u2013 Syst\u00e8me de management de la qualit\u00e9<br \/>\n\u2022 ISO 10002 \u2013 Syst\u00e8me de management de la satisfaction client<br \/>\n\u2022 ISO 14001 \u2013 Syst\u00e8me de management environnemental<br \/>\n\u2022 ISO 45001 \u2013 Sant\u00e9 et s\u00e9curit\u00e9 au travail<\/li>\n<\/ul>\n<p><strong>CEOPARTS PI\u00c8CES D\u00c9TACH\u00c9ES<\/strong><br \/>\n<em>Des pas solides avec des roues et pi\u00e8ces d\u00e9tach\u00e9es fiables.<\/em><\/p>\n<p>&nbsp;<\/p>\n<p><a href=\"http:\/\/ceoparts.com\/wp-content\/uploads\/2026\/02\/fransizca-scaled.jpg\"><img loading=\"lazy\" decoding=\"async\" class=\"alignnone size-full wp-image-20966\" src=\"http:\/\/ceoparts.com\/wp-content\/uploads\/2026\/02\/fransizca-scaled.jpg\" alt=\"\" width=\"2560\" height=\"1040\" srcset=\"https:\/\/ceoparts.com\/wp-content\/uploads\/2026\/02\/fransizca-scaled.jpg 2560w, https:\/\/ceoparts.com\/wp-content\/uploads\/2026\/02\/fransizca-scaled-300x122.jpg 300w, https:\/\/ceoparts.com\/wp-content\/uploads\/2026\/02\/fransizca-scaled-1024x416.jpg 1024w, https:\/\/ceoparts.com\/wp-content\/uploads\/2026\/02\/fransizca-scaled-768x312.jpg 768w, https:\/\/ceoparts.com\/wp-content\/uploads\/2026\/02\/fransizca-scaled-1536x624.jpg 1536w, https:\/\/ceoparts.com\/wp-content\/uploads\/2026\/02\/fransizca-scaled-2048x832.jpg 2048w, https:\/\/ceoparts.com\/wp-content\/uploads\/2026\/02\/fransizca-scaled-1200x488.jpg 1200w, https:\/\/ceoparts.com\/wp-content\/uploads\/2026\/02\/fransizca-scaled-150x61.jpg 150w\" sizes=\"auto, (max-width: 2560px) 100vw, 2560px\" \/><\/a><\/p>\n","protected":false},"excerpt":{"rendered":"<p>CEOPARTS est une marque qui propose des solutions de roues, m\u00e9canismes et pi\u00e8ces d\u00e9tach\u00e9es pour chariots \u00e9l\u00e9vateurs, au c\u0153ur du<\/p>\n","protected":false},"author":256,"featured_media":0,"parent":0,"menu_order":0,"comment_status":"closed","ping_status":"closed","template":"","meta":{"footnotes":""},"class_list":["post-20950","page","type-page","status-publish","hentry"],"_links":{"self":[{"href":"https:\/\/ceoparts.com\/fr\/wp-json\/wp\/v2\/pages\/20950","targetHints":{"allow":["GET"]}}],"collection":[{"href":"https:\/\/ceoparts.com\/fr\/wp-json\/wp\/v2\/pages"}],"about":[{"href":"https:\/\/ceoparts.com\/fr\/wp-json\/wp\/v2\/types\/page"}],"author":[{"embeddable":true,"href":"https:\/\/ceoparts.com\/fr\/wp-json\/wp\/v2\/users\/256"}],"replies":[{"embeddable":true,"href":"https:\/\/ceoparts.com\/fr\/wp-json\/wp\/v2\/comments?post=20950"}],"version-history":[{"count":14,"href":"https:\/\/ceoparts.com\/fr\/wp-json\/wp\/v2\/pages\/20950\/revisions"}],"predecessor-version":[{"id":20983,"href":"https:\/\/ceoparts.com\/fr\/wp-json\/wp\/v2\/pages\/20950\/revisions\/20983"}],"wp:attachment":[{"href":"https:\/\/ceoparts.com\/fr\/wp-json\/wp\/v2\/media?parent=20950"}],"curies":[{"name":"wp","href":"https:\/\/api.w.org\/{rel}","templated":true}]}}