{"id":7884,"date":"2020-10-27T23:42:02","date_gmt":"2020-10-27T20:42:02","guid":{"rendered":"https:\/\/ceoparts.com\/?page_id=7884"},"modified":"2026-03-04T09:08:39","modified_gmt":"2026-03-04T06:08:39","slug":"gizlilik-politikasi","status":"publish","type":"page","link":"https:\/\/ceoparts.com\/fr\/gizlilik-politikasi\/","title":{"rendered":"Politique de confidentialit\u00e9"},"content":{"rendered":"<p data-start=\"176\" data-end=\"435\">Tous les services fournis sur le site <strong data-start=\"214\" data-end=\"230\">Ceoparts.com<\/strong> appartiennent \u00e0 <strong data-start=\"247\" data-end=\"312\">Ceoparts Makine Yedek Par\u00e7a Sanayi ve Ticaret Limited \u015eirketi<\/strong>, enregistr\u00e9e \u00e0 l\u2019adresse suivante :<br data-start=\"348\" data-end=\"351\" \/><strong data-start=\"351\" data-end=\"434\">Mescit Mah. Demokrasi Cad. Ulug\u00fcney Sokak A Blok No:1 Tuzla \/ Istanbul, Turquie<\/strong>.<\/p>\n<p data-start=\"437\" data-end=\"611\">Ceoparts peut collecter des donn\u00e9es personnelles \u00e0 diverses fins. Ci-dessous sont expliqu\u00e9es la mani\u00e8re dont les donn\u00e9es personnelles sont collect\u00e9es, utilis\u00e9es et prot\u00e9g\u00e9es.<\/p>\n<p data-start=\"613\" data-end=\"986\">Lors de l\u2019inscription en tant que membre ou lors du remplissage de divers formulaires et enqu\u00eates sur notre boutique, certaines informations personnelles concernant les membres (telles que nom et pr\u00e9nom, informations sur l\u2019entreprise, num\u00e9ro de t\u00e9l\u00e9phone, adresse ou adresse e-mail) peuvent \u00eatre collect\u00e9es par notre boutique, conform\u00e9ment \u00e0 la nature des services fournis.<\/p>\n<p data-start=\"988\" data-end=\"1415\">\u00c0 certaines p\u00e9riodes, Ceoparts peut envoyer \u00e0 ses clients et membres des informations sur les campagnes, les nouveaux produits et les offres promotionnelles. Les membres peuvent choisir de recevoir ou non ces informations lors de leur inscription. Par la suite, ils peuvent modifier cette pr\u00e9f\u00e9rence dans la section des informations de compte apr\u00e8s s\u2019\u00eatre connect\u00e9s ou via le lien pr\u00e9sent dans les messages d\u2019information re\u00e7us.<\/p>\n<p data-start=\"1417\" data-end=\"1708\">Les informations personnelles transmises \u00e9lectroniquement \u00e0 notre boutique par nos membres via Ceoparts ou par e-mail lors du processus de confirmation ne seront pas divulgu\u00e9es \u00e0 des tiers en dehors des objectifs et du cadre d\u00e9finis dans le <strong data-start=\"1658\" data-end=\"1683\">Contrat d\u2019Utilisateur<\/strong> conclu avec nos membres.<\/p>\n<p data-start=\"1710\" data-end=\"2077\">Afin d\u2019identifier les probl\u00e8mes li\u00e9s au syst\u00e8me et de r\u00e9soudre rapidement les \u00e9ventuels probl\u00e8mes ou litiges concernant les services fournis, notre soci\u00e9t\u00e9 enregistre et utilise les adresses IP de ses membres. Les adresses IP peuvent \u00e9galement \u00eatre utilis\u00e9es pour identifier les utilisateurs de mani\u00e8re g\u00e9n\u00e9rale et recueillir des informations d\u00e9mographiques globales.<\/p>\n<p data-start=\"2079\" data-end=\"2718\">Ceoparts peut \u00e9galement utiliser les informations demand\u00e9es \u00e0 des fins de marketing direct, par elle-m\u00eame ou en coop\u00e9ration avec ses partenaires, en dehors des objectifs et du cadre d\u00e9finis dans le contrat d\u2019adh\u00e9sion. Les informations personnelles peuvent \u00e9galement \u00eatre utilis\u00e9es pour contacter l\u2019utilisateur si n\u00e9cessaire. Les informations demand\u00e9es par notre soci\u00e9t\u00e9, fournies par l\u2019utilisateur ou li\u00e9es aux transactions effectu\u00e9es sur notre boutique peuvent \u00eatre utilis\u00e9es par notre soci\u00e9t\u00e9 et ses partenaires pour des analyses statistiques, la cr\u00e9ation de bases de donn\u00e9es et des \u00e9tudes de march\u00e9, sans r\u00e9v\u00e9ler l\u2019identit\u00e9 des membres.<\/p>\n<p data-start=\"2720\" data-end=\"3089\">Ceoparts s\u2019engage \u00e0 garder strictement confidentielles les informations confidentielles, \u00e0 les consid\u00e9rer comme une obligation de secret, et \u00e0 prendre toutes les mesures n\u00e9cessaires pour garantir et maintenir la confidentialit\u00e9 et emp\u00eacher que tout ou partie de ces informations ne soient rendues publiques, utilis\u00e9es de mani\u00e8re non autoris\u00e9e ou divulgu\u00e9es \u00e0 des tiers.<\/p>\n<hr data-start=\"3091\" data-end=\"3094\" \/>\n<h1 data-start=\"3096\" data-end=\"3127\">S\u00c9CURIT\u00c9 DES CARTES DE CR\u00c9DIT<\/h1>\n<p data-start=\"3129\" data-end=\"3363\">Ceoparts accorde la plus grande importance \u00e0 la s\u00e9curit\u00e9 des titulaires de cartes de cr\u00e9dit effectuant des achats sur notre site. Les informations relatives \u00e0 votre carte de cr\u00e9dit <strong data-start=\"3310\" data-end=\"3362\">ne sont en aucun cas stock\u00e9es dans notre syst\u00e8me<\/strong>.<\/p>\n<p data-start=\"3365\" data-end=\"3684\">Lorsque vous acc\u00e9dez au processus de paiement, deux \u00e9l\u00e9ments indiquent que vous vous trouvez sur une page s\u00e9curis\u00e9e. L\u2019un d\u2019eux est l\u2019ic\u00f4ne de cl\u00e9 ou de cadenas situ\u00e9e dans la barre inf\u00e9rieure de votre navigateur. Cela signifie que vous \u00eates sur une page internet s\u00e9curis\u00e9e et que toutes vos informations sont crypt\u00e9es.<\/p>\n<p data-start=\"3686\" data-end=\"4151\">Les informations relatives \u00e0 la carte de cr\u00e9dit utilis\u00e9es lors des achats sont crypt\u00e9es via le protocole <strong data-start=\"3791\" data-end=\"3830\">SSL 128 bits (Secure Sockets Layer)<\/strong> et transmises directement \u00e0 la banque concern\u00e9e pour v\u00e9rification, ind\u00e9pendamment de notre site. Si la validit\u00e9 de la carte est confirm\u00e9e, le processus d\u2019achat se poursuit. Comme aucune information relative \u00e0 la carte ne peut \u00eatre consult\u00e9e ou enregistr\u00e9e par notre soci\u00e9t\u00e9, il est impossible pour des tiers d\u2019y acc\u00e9der.<\/p>\n<p data-start=\"4153\" data-end=\"4709\">La fiabilit\u00e9 des informations de paiement, de facturation et d\u2019adresse de livraison des commandes pass\u00e9es en ligne par carte de cr\u00e9dit est contr\u00f4l\u00e9e par notre soci\u00e9t\u00e9 afin de pr\u00e9venir les <strong data-start=\"4341\" data-end=\"4372\">fraudes \u00e0 la carte bancaire<\/strong>. Par cons\u00e9quent, les clients passant commande pour la premi\u00e8re fois sur notre site peuvent \u00eatre amen\u00e9s \u00e0 v\u00e9rifier leurs informations financi\u00e8res ainsi que leurs coordonn\u00e9es (adresse et t\u00e9l\u00e9phone) avant que leur commande ne puisse \u00eatre trait\u00e9e et livr\u00e9e. Si n\u00e9cessaire, le titulaire de la carte ou la banque concern\u00e9e peut \u00eatre contact\u00e9.<\/p>\n<p data-start=\"4711\" data-end=\"5147\">Toutes les informations fournies lors de votre inscription ne peuvent \u00eatre consult\u00e9es et modifi\u00e9es que par vous-m\u00eame. Tant que vous prot\u00e9gez vos informations de connexion, il n\u2019est pas possible pour d\u2019autres personnes d\u2019acc\u00e9der \u00e0 vos informations ou de les modifier. \u00c0 cette fin, les op\u00e9rations d\u2019adh\u00e9sion sont r\u00e9alis\u00e9es dans une zone de s\u00e9curit\u00e9 <strong data-start=\"5058\" data-end=\"5074\">SSL 128 bits<\/strong>, qui est une norme internationale de cryptage impossible \u00e0 compromettre.<\/p>\n<p data-start=\"5149\" data-end=\"5521\">Les sites de commerce en ligne qui indiquent clairement leurs coordonn\u00e9es telles qu\u2019une adresse physique, un num\u00e9ro de t\u00e9l\u00e9phone et un service client sont aujourd\u2019hui davantage privil\u00e9gi\u00e9s. Cela vous permet d\u2019obtenir des informations d\u00e9taill\u00e9es sur tous les sujets qui vous int\u00e9ressent et d\u2019\u00e9valuer la fiabilit\u00e9 de l\u2019entreprise proposant des services de commerce en ligne.<\/p>\n<p data-start=\"5523\" data-end=\"5945\">Remarque : Nous vous recommandons de v\u00e9rifier que les sites de commerce en ligne indiquent clairement l\u2019adresse et le num\u00e9ro de t\u00e9l\u00e9phone de l\u2019entreprise. Avant d\u2019effectuer un achat, notez toutes les coordonn\u00e9es du magasin. Si vous avez des doutes, contactez l\u2019entreprise par t\u00e9l\u00e9phone pour confirmation. Toutes les informations relatives \u00e0 notre soci\u00e9t\u00e9 et \u00e0 son adresse sont indiqu\u00e9es sur nos sites de commerce en ligne.<\/p>\n<hr data-start=\"5947\" data-end=\"5950\" \/>\n<h1 data-start=\"5952\" data-end=\"6013\">S\u00c9CURIT\u00c9 DES INFORMATIONS DE CARTE DE CR\u00c9DIT PAR MAIL ORDER<\/h1>\n<p data-start=\"6015\" data-end=\"6199\">Les informations d\u2019identit\u00e9 et de carte de cr\u00e9dit que vous nous envoyez via la m\u00e9thode <strong data-start=\"6102\" data-end=\"6116\">mail-order<\/strong> seront conserv\u00e9es par notre soci\u00e9t\u00e9 conform\u00e9ment aux principes de confidentialit\u00e9.<\/p>\n<p data-start=\"6201\" data-end=\"6608\">Ces informations sont conserv\u00e9es pendant <strong data-start=\"6242\" data-end=\"6254\">60 jours<\/strong> afin de traiter d\u2019\u00e9ventuelles contestations aupr\u00e8s de la banque concernant les pr\u00e9l\u00e8vements effectu\u00e9s par carte de cr\u00e9dit, puis elles sont d\u00e9truites. Si un montant sup\u00e9rieur \u00e0 celui indiqu\u00e9 sur le formulaire mail-order sign\u00e9 par vous est pr\u00e9lev\u00e9 sur votre carte, vous pouvez naturellement faire opposition aupr\u00e8s de votre banque et emp\u00eacher le paiement.<\/p>\n<hr data-start=\"6610\" data-end=\"6613\" \/>\n<h1 data-start=\"6615\" data-end=\"6644\">SITES ET APPLICATIONS TIERS<\/h1>\n<p data-start=\"6646\" data-end=\"6831\">Ceoparts peut inclure des liens vers d\u2019autres sites web sur son site. Ceoparts n\u2019est pas responsable des politiques de confidentialit\u00e9 ou du contenu des sites accessibles via ces liens.<\/p>\n<p data-start=\"6833\" data-end=\"7099\">Les publicit\u00e9s publi\u00e9es sur notre site sont distribu\u00e9es \u00e0 nos utilisateurs par l\u2019interm\u00e9diaire de nos partenaires publicitaires. Les principes de la pr\u00e9sente politique de confidentialit\u00e9 s\u2019appliquent uniquement \u00e0 notre site et ne couvrent pas les sites web de tiers.<\/p>\n<hr data-start=\"7101\" data-end=\"7104\" \/>\n<h1 data-start=\"7106\" data-end=\"7125\">CAS EXCEPTIONNELS<\/h1>\n<p data-start=\"7127\" data-end=\"7327\">Dans les cas limit\u00e9s mentionn\u00e9s ci-dessous, notre soci\u00e9t\u00e9 peut divulguer des informations concernant les utilisateurs \u00e0 des tiers en dehors des dispositions de cette <strong data-start=\"7293\" data-end=\"7325\">Politique de Confidentialit\u00e9<\/strong> :<\/p>\n<ol data-start=\"7329\" data-end=\"7818\">\n<li data-start=\"7329\" data-end=\"7427\">\n<p data-start=\"7332\" data-end=\"7427\">Pour se conformer aux obligations l\u00e9gales impos\u00e9es par la loi, les d\u00e9crets ou les r\u00e8glements.<\/p>\n<\/li>\n<li data-start=\"7428\" data-end=\"7541\">\n<p data-start=\"7431\" data-end=\"7541\">Pour appliquer les dispositions du <strong data-start=\"7466\" data-end=\"7488\">Contrat d\u2019Adh\u00e9sion<\/strong> et d\u2019autres accords conclus avec les utilisateurs.<\/p>\n<\/li>\n<li data-start=\"7542\" data-end=\"7704\">\n<p data-start=\"7545\" data-end=\"7704\">Lorsque des informations concernant les utilisateurs sont demand\u00e9es par les autorit\u00e9s administratives ou judiciaires comp\u00e9tentes dans le cadre d\u2019une enqu\u00eate.<\/p>\n<\/li>\n<li data-start=\"7705\" data-end=\"7818\">\n<p data-start=\"7708\" data-end=\"7818\">Lorsque la divulgation d\u2019informations est n\u00e9cessaire pour prot\u00e9ger les droits ou la s\u00e9curit\u00e9 des utilisateurs.<\/p>\n<\/li>\n<\/ol>\n<hr data-start=\"7820\" data-end=\"7823\" \/>\n<h1 data-start=\"7825\" data-end=\"7847\">S\u00c9CURIT\u00c9 DES E-MAILS<\/h1>\n<p data-start=\"7849\" data-end=\"8024\">Dans les e-mails que vous envoyez au <strong data-start=\"7886\" data-end=\"7913\">Service Client Ceoparts<\/strong> concernant vos commandes, veuillez <strong data-start=\"7949\" data-end=\"8023\">ne jamais inclure votre num\u00e9ro de carte de cr\u00e9dit ou vos mots de passe<\/strong>.<\/p>\n<p data-start=\"8026\" data-end=\"8191\">Les informations contenues dans les e-mails peuvent \u00eatre consult\u00e9es par des tiers. Notre soci\u00e9t\u00e9 ne peut garantir la s\u00e9curit\u00e9 des informations transmises par e-mail.<\/p>\n<hr data-start=\"8193\" data-end=\"8196\" \/>\n<h1 data-start=\"8198\" data-end=\"8221\">COOKIES DU NAVIGATEUR<\/h1>\n<p data-start=\"8223\" data-end=\"8397\">Notre soci\u00e9t\u00e9 peut obtenir des informations sur les utilisateurs visitant notre boutique et sur l\u2019utilisation du site web au moyen de fichiers techniques appel\u00e9s <strong data-start=\"8385\" data-end=\"8396\">cookies<\/strong>.<\/p>\n<p data-start=\"8399\" data-end=\"8631\">Les cookies sont de petits fichiers texte envoy\u00e9s par un site internet au navigateur de l\u2019utilisateur afin d\u2019\u00eatre stock\u00e9s en m\u00e9moire. Ils facilitent l\u2019utilisation d\u2019Internet en enregistrant les pr\u00e9f\u00e9rences et les param\u00e8tres du site.<\/p>\n<p data-start=\"8633\" data-end=\"8708\">Les cookies permettent d\u2019obtenir des informations statistiques telles que :<\/p>\n<ul data-start=\"8710\" data-end=\"8821\">\n<li data-start=\"8710\" data-end=\"8744\">\n<p data-start=\"8712\" data-end=\"8744\">le nombre de visiteurs du site<\/p>\n<\/li>\n<li data-start=\"8745\" data-end=\"8773\">\n<p data-start=\"8747\" data-end=\"8773\">la fr\u00e9quence des visites<\/p>\n<\/li>\n<li data-start=\"8774\" data-end=\"8798\">\n<p data-start=\"8776\" data-end=\"8798\">la dur\u00e9e des visites<\/p>\n<\/li>\n<li data-start=\"8799\" data-end=\"8821\">\n<p data-start=\"8801\" data-end=\"8821\">les pages consult\u00e9es<\/p>\n<\/li>\n<\/ul>\n<p data-start=\"8823\" data-end=\"9129\">Les cookies ne sont pas con\u00e7us pour r\u00e9cup\u00e9rer des donn\u00e9es depuis votre m\u00e9moire ou votre messagerie \u00e9lectronique. La plupart des navigateurs acceptent les cookies par d\u00e9faut, mais les utilisateurs peuvent modifier leurs param\u00e8tres pour refuser les cookies ou recevoir une alerte lorsqu\u2019un cookie est envoy\u00e9.<\/p>\n<hr data-start=\"9131\" data-end=\"9134\" \/>\n<h1 data-start=\"9136\" data-end=\"9186\">MODIFICATIONS DE LA POLITIQUE DE CONFIDENTIALIT\u00c9<\/h1>\n<p data-start=\"9188\" data-end=\"9356\">Ceoparts peut modifier \u00e0 tout moment les dispositions de cette <strong data-start=\"9251\" data-end=\"9283\">Politique de Confidentialit\u00e9<\/strong> en les publiant sur le site ou en informant les utilisateurs par e-mail.<\/p>\n<p data-start=\"9358\" data-end=\"9425\">Les modifications entrent en vigueur \u00e0 la date de leur publication.<\/p>\n<hr data-start=\"9427\" data-end=\"9430\" \/>\n<h1 data-start=\"9432\" data-end=\"9441\">CONTACT<\/h1>\n<p data-start=\"9443\" data-end=\"9552\">Pour toute question ou suggestion concernant notre politique de confidentialit\u00e9, vous pouvez nous contacter :<\/p>\n<p data-start=\"9554\" data-end=\"9641\"><strong data-start=\"9554\" data-end=\"9577\">Nom De L\u2019Entreprise<\/strong><br data-start=\"9577\" data-end=\"9580\" \/>Ceoparts Makine Yedek Par\u00e7a Sanayi ve Ticaret Limited \u015eirketi<\/p>\n<p data-start=\"9643\" data-end=\"9729\"><strong data-start=\"9643\" data-end=\"9654\">Adresse<\/strong><br data-start=\"9654\" data-end=\"9657\" \/>Mescit Mah. Demokrasi Cad. Ulug\u00fcney Sokak A Blok No:1<br data-start=\"9710\" data-end=\"9713\" \/>Tuzla \/ Istanbul<\/p>\n<p data-start=\"9731\" data-end=\"9761\"><strong data-start=\"9731\" data-end=\"9741\">E-mail<\/strong><br data-start=\"9741\" data-end=\"9744\" \/><a class=\"decorated-link cursor-pointer\" rel=\"noopener\" data-start=\"9744\" data-end=\"9761\">info@ceoparts.com<\/a><\/p>\n<p data-start=\"9763\" data-end=\"9798\"><strong data-start=\"9763\" data-end=\"9776\">T\u00e9l\u00e9phone<\/strong><br data-start=\"9776\" data-end=\"9779\" \/>+90 (216) 394 14 94<\/p>\n<p data-start=\"9800\" data-end=\"9829\"><strong data-start=\"9800\" data-end=\"9807\">Fax<\/strong><br data-start=\"9807\" data-end=\"9810\" \/>+90 (216) 394 16 37<\/p>\n","protected":false},"excerpt":{"rendered":"<p>Tous les services fournis sur le site Ceoparts.com appartiennent \u00e0 Ceoparts Makine Yedek Par\u00e7a Sanayi ve Ticaret Limited \u015eirketi, enregistr\u00e9e<\/p>\n","protected":false},"author":1,"featured_media":0,"parent":0,"menu_order":0,"comment_status":"closed","ping_status":"closed","template":"","meta":{"footnotes":""},"class_list":["post-7884","page","type-page","status-publish","hentry"],"_links":{"self":[{"href":"https:\/\/ceoparts.com\/fr\/wp-json\/wp\/v2\/pages\/7884","targetHints":{"allow":["GET"]}}],"collection":[{"href":"https:\/\/ceoparts.com\/fr\/wp-json\/wp\/v2\/pages"}],"about":[{"href":"https:\/\/ceoparts.com\/fr\/wp-json\/wp\/v2\/types\/page"}],"author":[{"embeddable":true,"href":"https:\/\/ceoparts.com\/fr\/wp-json\/wp\/v2\/users\/1"}],"replies":[{"embeddable":true,"href":"https:\/\/ceoparts.com\/fr\/wp-json\/wp\/v2\/comments?post=7884"}],"version-history":[{"count":7,"href":"https:\/\/ceoparts.com\/fr\/wp-json\/wp\/v2\/pages\/7884\/revisions"}],"predecessor-version":[{"id":21106,"href":"https:\/\/ceoparts.com\/fr\/wp-json\/wp\/v2\/pages\/7884\/revisions\/21106"}],"wp:attachment":[{"href":"https:\/\/ceoparts.com\/fr\/wp-json\/wp\/v2\/media?parent=7884"}],"curies":[{"name":"wp","href":"https:\/\/api.w.org\/{rel}","templated":true}]}}