{"id":7907,"date":"2020-10-28T06:32:57","date_gmt":"2020-10-28T03:32:57","guid":{"rendered":"https:\/\/ceoparts.com\/?page_id=7907"},"modified":"2024-08-17T00:25:47","modified_gmt":"2024-08-16T21:25:47","slug":"odeme-ve-teslimat","status":"publish","type":"page","link":"https:\/\/ceoparts.com\/fr\/odeme-ve-teslimat\/","title":{"rendered":"Paiement et Livraison"},"content":{"rendered":"<p><strong>1) Par virement bancaire ou EFT (Transfert \u00e9lectronique de fonds)<\/strong><\/p>\n<p>Vous pouvez effectuer un virement en TL, EURO ou DOLLAR sur l&#8217;un de nos comptes \u00e0 la Garanti Bank ou \u00e0 la Halk Bank.<\/p>\n<p><strong>2) Via nos cartes de cr\u00e9dit sur notre site<\/strong><\/p>\n<p>Vous pouvez b\u00e9n\u00e9ficier de l&#8217;option de paiement unique en ligne ou de paiements \u00e9chelonn\u00e9s avec toutes vos cartes de cr\u00e9dit. Lors de vos paiements en ligne, le montant sera d\u00e9bit\u00e9 de votre carte de cr\u00e9dit \u00e0 la fin de votre commande. En cas d&#8217;annulation de commande possible ou de probl\u00e8mes de stock, le remboursement sur votre carte de cr\u00e9dit peut varier en fonction des proc\u00e9dures des banques.<\/p>\n<p><strong>3) Remboursement du montant de la commande<\/strong><\/p>\n<p>En cas d&#8217;annulation de vos commandes pour des raisons \u00e9ventuelles, Ceoparts Makine Yedek Par\u00e7a A.\u015e vous remboursera le montant du produit sur votre compte et\/ou votre carte de cr\u00e9dit dans un d\u00e9lai de sept jours ouvrables. Cependant, vous devez fournir correctement et compl\u00e8tement vos informations bancaires et\/ou les informations de votre carte de cr\u00e9dit \u00e0 nos responsables financiers.<\/p>\n<p><strong>4) Livraison<\/strong><\/p>\n<p>Nous nous effor\u00e7ons de livrer les produits que vous avez command\u00e9s \u00e0 la soci\u00e9t\u00e9 de transport le jour m\u00eame. Pour les produits dont la livraison prend plus de temps, le d\u00e9lai de livraison est de 3 jours ouvrables, comme indiqu\u00e9 dans les d\u00e9tails du produit. En cas de retard probable de la livraison, vous serez inform\u00e9.<\/p>\n<p>Pour garantir une livraison sans probl\u00e8me, veuillez fournir l&#8217;adresse o\u00f9 vous vous trouvez pendant la journ\u00e9e comme adresse de livraison.<\/p>\n<p>Vos demandes seront trait\u00e9es en fonction du mode de livraison que vous avez s\u00e9lectionn\u00e9 \u00e0 la fin de votre commande. Les produits de notre soci\u00e9t\u00e9 bas\u00e9e \u00e0 Istanbul seront exp\u00e9di\u00e9s via la soci\u00e9t\u00e9 de transport MNG. Vos commandes seront livr\u00e9es \u00e0 la soci\u00e9t\u00e9 de transport au plus tard 2 (deux) jours ouvrables apr\u00e8s leur confirmation.<\/p>\n<p>Vous pouvez consulter notre repr\u00e9sentant commercial concernant les diff\u00e9rentes conditions de livraison. De plus, les livraisons par transport ne sont valables que pour la Turquie.<\/p>\n<p><strong>5) Suivi des paiements<\/strong><\/p>\n<p>Si le syst\u00e8me ne peut pas effectuer la transaction en raison d&#8217;un probl\u00e8me, notre visiteur en sera inform\u00e9 \u00e0 la fin de la page de paiement.<\/p>\n<p>En cas d&#8217;erreur \u00e0 l&#8217;adresse indiqu\u00e9e, le client sera contact\u00e9 \u00e0 propos de la commande non livr\u00e9e.<\/p>\n<p>La validit\u00e9 de l&#8217;adresse e-mail fournie par notre visiteur est confirm\u00e9e par un e-mail automatique envoy\u00e9 apr\u00e8s la passation de la commande.<\/p>\n<p>Nous sommes responsables non seulement envers le client, mais aussi envers la banque dont nous utilisons le syst\u00e8me de carte de cr\u00e9dit, afin de garantir la r\u00e9alisation de la livraison.<\/p>\n<p><strong>Veuillez noter !<\/strong><\/p>\n<p>Si vous pensez que le colis a \u00e9t\u00e9 endommag\u00e9 pendant l&#8217;exp\u00e9dition, veuillez l&#8217;ouvrir et le v\u00e9rifier devant le repr\u00e9sentant de la soci\u00e9t\u00e9 de livraison. Si vous pensez que le produit est endommag\u00e9, faites \u00e9tablir un rapport par la soci\u00e9t\u00e9 de transport et ne prenez pas le produit.<\/p>\n<p>Une fois le produit re\u00e7u, il est consid\u00e9r\u00e9 que la soci\u00e9t\u00e9 de transport a rempli ses obligations.<\/p>\n<p><strong>Si le produit est endommag\u00e9:<\/strong> Envoyez le rapport que vous avez pr\u00e9par\u00e9 d\u00e8s que possible au num\u00e9ro de fax 0216 394 16 37 ou informez-nous de la situation par e-mail \u00e0 l&#8217;adresse <a rel=\"noopener\">info@ceoparts.com<\/a>.<\/p>\n<p>En effectuant ces d\u00e9marches, nous commencerons \u00e0 travailler sur votre colis et veillerons \u00e0 ce que la livraison soit r\u00e9p\u00e9t\u00e9e dans les plus brefs d\u00e9lais.<\/p>\n","protected":false},"excerpt":{"rendered":"<p>1) Par virement bancaire ou EFT (Transfert \u00e9lectronique de fonds) Vous pouvez effectuer un virement en TL, EURO ou DOLLAR<\/p>\n","protected":false},"author":1,"featured_media":0,"parent":0,"menu_order":0,"comment_status":"closed","ping_status":"closed","template":"","meta":{"footnotes":""},"class_list":["post-7907","page","type-page","status-publish","hentry"],"_links":{"self":[{"href":"https:\/\/ceoparts.com\/fr\/wp-json\/wp\/v2\/pages\/7907","targetHints":{"allow":["GET"]}}],"collection":[{"href":"https:\/\/ceoparts.com\/fr\/wp-json\/wp\/v2\/pages"}],"about":[{"href":"https:\/\/ceoparts.com\/fr\/wp-json\/wp\/v2\/types\/page"}],"author":[{"embeddable":true,"href":"https:\/\/ceoparts.com\/fr\/wp-json\/wp\/v2\/users\/1"}],"replies":[{"embeddable":true,"href":"https:\/\/ceoparts.com\/fr\/wp-json\/wp\/v2\/comments?post=7907"}],"version-history":[{"count":4,"href":"https:\/\/ceoparts.com\/fr\/wp-json\/wp\/v2\/pages\/7907\/revisions"}],"predecessor-version":[{"id":9422,"href":"https:\/\/ceoparts.com\/fr\/wp-json\/wp\/v2\/pages\/7907\/revisions\/9422"}],"wp:attachment":[{"href":"https:\/\/ceoparts.com\/fr\/wp-json\/wp\/v2\/media?parent=7907"}],"curies":[{"name":"wp","href":"https:\/\/api.w.org\/{rel}","templated":true}]}}