{"id":10046,"date":"2024-09-09T15:40:19","date_gmt":"2024-09-09T12:40:19","guid":{"rendered":"https:\/\/ceoparts.com\/?post_type=product&#038;p=10046"},"modified":"2026-05-16T17:05:08","modified_gmt":"2026-05-16T14:05:08","slug":"85x74-76-25-ceoparts-yuk-tekeri","status":"publish","type":"product","link":"https:\/\/ceoparts.com\/fr\/urun\/85x74-76-25-ceoparts-yuk-tekeri\/","title":{"rendered":"85&#215;74\/76-25 Ceoparts Roulettes charge"},"content":{"rendered":"<p>85&#215;74\/76-25 Ceoparts Roulettes charge<\/p>","protected":false},"excerpt":{"rendered":"<p data-start=\"105\" data-end=\"1026\"><br data-start=\"3663\" data-end=\"3666\" \/>La Roue de Charge 85\u00d774\/76-25 Ceoparts est une roue compacte con\u00e7ue pour offrir une excellente man\u0153uvrabilit\u00e9 et performance de charge dans des espaces restreints. Avec un diam\u00e8tre de 85 mm, une largeur de 74\/76 mm et un al\u00e9sage de 25 mm, elle garantit la stabilit\u00e9 et la s\u00e9curit\u00e9 des mouvements sur chariots \u00e9l\u00e9vateurs et gerbeurs. Son rev\u00eatement en polyur\u00e9thane Ceoparts de haute qualit\u00e9 prot\u00e8ge le sol, assure une utilisation silencieuse et \u00e9vite les glissements sur b\u00e9ton, \u00e9poxy ou carrelage. R\u00e9sistante aux chocs et \u00e0 l\u2019usure, elle offre une solution durable et peu exigeante en entretien.<br data-start=\"4260\" data-end=\"4263\" \/><strong data-start=\"4263\" data-end=\"4285\">Caract\u00e9ristiques :<\/strong><br data-start=\"4285\" data-end=\"4288\" \/><strong data-start=\"4288\" data-end=\"4308\">Nom du produit :<\/strong> Roue de Charge 85\u00d774\/76-25 Ceoparts<br data-start=\"4344\" data-end=\"4347\" \/><strong data-start=\"4347\" data-end=\"4361\">Mat\u00e9riau :<\/strong> Polyur\u00e9thane haute densit\u00e9, corps m\u00e9tallique<br data-start=\"4406\" data-end=\"4409\" \/><strong data-start=\"4409\" data-end=\"4435\">Domaine d\u2019utilisation:<\/strong> Chariots \u00e9l\u00e9vateurs, transpalettes, syst\u00e8mes de transport<br data-start=\"4493\" data-end=\"4496\" \/><strong data-start=\"4496\" data-end=\"4509\">Avantage:<\/strong> R\u00e9sistance \u00e0 l\u2019usure et aux chocs, fonctionnement silencieux, longue dur\u00e9e de vie, sol pr\u00e9serv\u00e9<\/p>\n<p data-start=\"4609\" data-end=\"5474\">\n","protected":false},"featured_media":15437,"template":"","meta":[],"product_brand":[],"product_cat":[398,400],"product_tag":[],"class_list":{"0":"post-10046","1":"product","2":"type-product","3":"status-publish","4":"has-post-thumbnail","6":"product_cat-catal-tekeri-ceo","7":"product_cat-catal-tekeri","9":"first","10":"instock","11":"taxable","12":"shipping-taxable","13":"purchasable","14":"product-type-simple"},"_links":{"self":[{"href":"https:\/\/ceoparts.com\/fr\/wp-json\/wp\/v2\/product\/10046","targetHints":{"allow":["GET"]}}],"collection":[{"href":"https:\/\/ceoparts.com\/fr\/wp-json\/wp\/v2\/product"}],"about":[{"href":"https:\/\/ceoparts.com\/fr\/wp-json\/wp\/v2\/types\/product"}],"wp:featuredmedia":[{"embeddable":true,"href":"https:\/\/ceoparts.com\/fr\/wp-json\/wp\/v2\/media\/15437"}],"wp:attachment":[{"href":"https:\/\/ceoparts.com\/fr\/wp-json\/wp\/v2\/media?parent=10046"}],"wp:term":[{"taxonomy":"product_brand","embeddable":true,"href":"https:\/\/ceoparts.com\/fr\/wp-json\/wp\/v2\/product_brand?post=10046"},{"taxonomy":"product_cat","embeddable":true,"href":"https:\/\/ceoparts.com\/fr\/wp-json\/wp\/v2\/product_cat?post=10046"},{"taxonomy":"product_tag","embeddable":true,"href":"https:\/\/ceoparts.com\/fr\/wp-json\/wp\/v2\/product_tag?post=10046"}],"curies":[{"name":"wp","href":"https:\/\/api.w.org\/{rel}","templated":true}]}}