{"id":10054,"date":"2024-09-09T15:49:36","date_gmt":"2024-09-09T12:49:36","guid":{"rendered":"https:\/\/ceoparts.com\/?post_type=product&#038;p=10054"},"modified":"2026-05-16T10:45:51","modified_gmt":"2026-05-16T07:45:51","slug":"85x90-95-12-wicke-yuk-tekeri","status":"publish","type":"product","link":"https:\/\/ceoparts.com\/fr\/urun\/85x90-95-12-wicke-yuk-tekeri\/","title":{"rendered":"85&#215;90\/95-12 Wicke Roulettes charge &#8211; 1590995"},"content":{"rendered":"<p>85&#215;90\/95-12 Wicke Roulettes charge &#8211; 1590995<\/p>\n<p>85&#215;90\/95-12 580059476<\/p>\n<p>Hyster\/Yale<\/p>\n<p>Hyster P2.0S Seria: C439X<\/p>\n<p>Hyster P1,6 Seria A418<\/p>","protected":false},"excerpt":{"rendered":"<p data-start=\"121\" data-end=\"1113\"><br data-start=\"3935\" data-end=\"3938\" \/>La Roue de Charge 85\u00d790\/95-12 Wicke est une roue de haute qualit\u00e9, sp\u00e9cialement con\u00e7ue pour la manutention de charges lourdes et les man\u0153uvres en espaces restreints. Avec ses dimensions de 85 mm de largeur, 90\/95 mm de diam\u00e8tre et 12 mm d\u2019al\u00e9sage, ce mod\u00e8le assure la stabilit\u00e9 de la machine et un fonctionnement silencieux et s\u00e9curis\u00e9 pour les chariots \u00e9l\u00e9vateurs, transpalettes et gerbeurs. Son rev\u00eatement en polyur\u00e9thane haut de gamme Wicke offre une excellente r\u00e9sistance \u00e0 l\u2019usure et respecte tous types de sols. Ne laisse aucune trace sur le b\u00e9ton, l\u2019\u00e9poxy ou le bois et r\u00e9duit le risque de glissement. Id\u00e9al pour les entrep\u00f4ts, lignes de production et centres logistiques.<br data-start=\"4617\" data-end=\"4620\" \/><strong data-start=\"4620\" data-end=\"4642\">Caract\u00e9ristiques :<\/strong><br data-start=\"4642\" data-end=\"4645\" \/><strong data-start=\"4645\" data-end=\"4665\">Nom du produit :<\/strong> Roue de Charge 85\u00d790\/95-12 Wicke<br data-start=\"4698\" data-end=\"4701\" \/><strong data-start=\"4701\" data-end=\"4717\">Code pi\u00e8ce :<\/strong> 1590995<br data-start=\"4725\" data-end=\"4728\" \/><strong data-start=\"4728\" data-end=\"4742\">Mat\u00e9riau :<\/strong> Polyur\u00e9thane haute densit\u00e9, corps m\u00e9tallique<br data-start=\"4787\" data-end=\"4790\" \/><strong data-start=\"4790\" data-end=\"4816\">Domaine d\u2019utilisation:<\/strong> Chariots \u00e9l\u00e9vateurs, transpalettes et gerbeurs<br data-start=\"4863\" data-end=\"4866\" \/><strong data-start=\"4866\" data-end=\"4879\">Avantage:<\/strong> R\u00e9sistance \u00e0 l\u2019usure et aux chocs, fonctionnement silencieux et s\u00fbr, longue dur\u00e9e de vie, respect des sols<\/p>\n<p data-start=\"4990\" data-end=\"5925\">\n","protected":false},"featured_media":15503,"template":"","meta":[],"product_brand":[],"product_cat":[402,256,259,400],"product_tag":[],"class_list":{"0":"post-10054","1":"product","2":"type-product","3":"status-publish","4":"has-post-thumbnail","6":"product_cat-catal-tekeri-wicke","7":"product_cat-hyster","8":"product_cat-catal-tekeri-hyster","9":"product_cat-catal-tekeri","11":"first","12":"instock","13":"taxable","14":"shipping-taxable","15":"purchasable","16":"product-type-simple"},"_links":{"self":[{"href":"https:\/\/ceoparts.com\/fr\/wp-json\/wp\/v2\/product\/10054","targetHints":{"allow":["GET"]}}],"collection":[{"href":"https:\/\/ceoparts.com\/fr\/wp-json\/wp\/v2\/product"}],"about":[{"href":"https:\/\/ceoparts.com\/fr\/wp-json\/wp\/v2\/types\/product"}],"wp:featuredmedia":[{"embeddable":true,"href":"https:\/\/ceoparts.com\/fr\/wp-json\/wp\/v2\/media\/15503"}],"wp:attachment":[{"href":"https:\/\/ceoparts.com\/fr\/wp-json\/wp\/v2\/media?parent=10054"}],"wp:term":[{"taxonomy":"product_brand","embeddable":true,"href":"https:\/\/ceoparts.com\/fr\/wp-json\/wp\/v2\/product_brand?post=10054"},{"taxonomy":"product_cat","embeddable":true,"href":"https:\/\/ceoparts.com\/fr\/wp-json\/wp\/v2\/product_cat?post=10054"},{"taxonomy":"product_tag","embeddable":true,"href":"https:\/\/ceoparts.com\/fr\/wp-json\/wp\/v2\/product_tag?post=10054"}],"curies":[{"name":"wp","href":"https:\/\/api.w.org\/{rel}","templated":true}]}}