{"id":10204,"date":"2024-09-12T14:08:13","date_gmt":"2024-09-12T11:08:13","guid":{"rendered":"https:\/\/ceoparts.com\/?post_type=product&#038;p=10204"},"modified":"2026-05-16T11:45:14","modified_gmt":"2026-05-16T08:45:14","slug":"85x65-70-17-wicke-yuk-tekeri","status":"publish","type":"product","link":"https:\/\/ceoparts.com\/fr\/urun\/85x65-70-17-wicke-yuk-tekeri\/","title":{"rendered":"85&#215;66\/70-17 Wicke Roulettes Charge &#8211; 1531785 , 580038706"},"content":{"rendered":"<p>85&#215;66\/70-17 Wicke Roulettes Charge &#8211; 1531785 , 580038706<\/p>\n<p>Yale 580038706<\/p>\n<p>Hyster 1531785<\/p>\n<p>85&#215;66\/70-17<\/p>","protected":false},"excerpt":{"rendered":"<p data-start=\"113\" data-end=\"636\"><br data-start=\"3786\" data-end=\"3789\" \/>La <strong data-start=\"3792\" data-end=\"3828\">Roue de charge 85\u00d766\/70-17 Wicke<\/strong> est une roue de charge sp\u00e9cialement con\u00e7ue offrant une grande durabilit\u00e9 et performance pour les chariots \u00e9l\u00e9vateurs et les machines lourdes. Avec une largeur de 85 mm et un diam\u00e8tre entre 66 et 70 mm, elle assure un mouvement stable de votre machine et un transport s\u00e9curis\u00e9 des charges lourdes. Gr\u00e2ce au mat\u00e9riau en caoutchouc de qualit\u00e9 Wicke, elle garantit une haute r\u00e9sistance \u00e0 l\u2019usure et une longue dur\u00e9e de vie. La surface ext\u00e9rieure en caoutchouc r\u00e9duit les vibrations et am\u00e9liore le confort de l\u2019op\u00e9rateur. Facile \u00e0 installer avec un corps m\u00e9tallique robuste, elle am\u00e9liore l\u2019efficacit\u00e9 du travail.<\/p>\n<p data-start=\"4439\" data-end=\"4820\"><strong data-start=\"4439\" data-end=\"4459\">Caract\u00e9ristiques<\/strong><br data-start=\"4459\" data-end=\"4462\" \/><strong data-start=\"4462\" data-end=\"4481\">Nom du produit:<\/strong> Roue de charge Wicke<br data-start=\"4502\" data-end=\"4505\" \/><strong data-start=\"4505\" data-end=\"4526\">Num\u00e9ros de pi\u00e8ce:<\/strong> 1531785, 580038706<br data-start=\"4545\" data-end=\"4548\" \/><strong data-start=\"4548\" data-end=\"4559\">Taille:<\/strong> 85\u00d766\/70-17<br data-start=\"4571\" data-end=\"4574\" \/><strong data-start=\"4574\" data-end=\"4587\">Mat\u00e9riau:<\/strong> Caoutchouc durable, corps m\u00e9tallique<br data-start=\"4624\" data-end=\"4627\" \/><strong data-start=\"4627\" data-end=\"4643\">Application:<\/strong> Syst\u00e8me de charge pour chariots \u00e9l\u00e9vateurs et machines lourdes<br data-start=\"4706\" data-end=\"4709\" \/><strong data-start=\"4709\" data-end=\"4722\">Avantage:<\/strong> Haute durabilit\u00e9, r\u00e9duction des vibrations, longue dur\u00e9e de vie, installation facile, stabilit\u00e9<\/p>\n<p data-start=\"4822\" data-end=\"5444\">\n","protected":false},"featured_media":15979,"template":"","meta":[],"product_brand":[],"product_cat":[256,259,400,401,402],"product_tag":[],"class_list":{"0":"post-10204","1":"product","2":"type-product","3":"status-publish","4":"has-post-thumbnail","6":"product_cat-hyster","7":"product_cat-catal-tekeri-hyster","8":"product_cat-catal-tekeri","9":"product_cat-wicke","10":"product_cat-catal-tekeri-wicke","12":"first","13":"instock","14":"taxable","15":"shipping-taxable","16":"purchasable","17":"product-type-simple"},"_links":{"self":[{"href":"https:\/\/ceoparts.com\/fr\/wp-json\/wp\/v2\/product\/10204","targetHints":{"allow":["GET"]}}],"collection":[{"href":"https:\/\/ceoparts.com\/fr\/wp-json\/wp\/v2\/product"}],"about":[{"href":"https:\/\/ceoparts.com\/fr\/wp-json\/wp\/v2\/types\/product"}],"wp:featuredmedia":[{"embeddable":true,"href":"https:\/\/ceoparts.com\/fr\/wp-json\/wp\/v2\/media\/15979"}],"wp:attachment":[{"href":"https:\/\/ceoparts.com\/fr\/wp-json\/wp\/v2\/media?parent=10204"}],"wp:term":[{"taxonomy":"product_brand","embeddable":true,"href":"https:\/\/ceoparts.com\/fr\/wp-json\/wp\/v2\/product_brand?post=10204"},{"taxonomy":"product_cat","embeddable":true,"href":"https:\/\/ceoparts.com\/fr\/wp-json\/wp\/v2\/product_cat?post=10204"},{"taxonomy":"product_tag","embeddable":true,"href":"https:\/\/ceoparts.com\/fr\/wp-json\/wp\/v2\/product_tag?post=10204"}],"curies":[{"name":"wp","href":"https:\/\/api.w.org\/{rel}","templated":true}]}}