{"id":10224,"date":"2024-09-12T15:15:46","date_gmt":"2024-09-12T12:15:46","guid":{"rendered":"https:\/\/ceoparts.com\/?post_type=product&#038;p=10224"},"modified":"2026-05-16T10:58:48","modified_gmt":"2026-05-16T07:58:48","slug":"85x100-105-25-wicke-yuk-tekeri","status":"publish","type":"product","link":"https:\/\/ceoparts.com\/fr\/urun\/85x100-105-25-wicke-yuk-tekeri\/","title":{"rendered":"85&#215;100\/105-25 Wicke Roulettes Charge &#8211; 27631330 , 51064610"},"content":{"rendered":"<p>85&#215;100\/105-25 Wicke Roulettes Charge &#8211; 27631330 , 51064610<\/p>\n<p>Jungheinrich 85&#215;100\/105-25<\/p>\n<p>27631330 50410186, 51064610<\/p>\n<p>EJC 12 &#8211; 5.94 &#8211; 6.94<br \/>\nEJC 12-16 &#8211; 7.96 &#8211; 4.98<br \/>\nEJC 12,5\/15 &#8211; 10,84 &#8211; 4,87<br \/>\nEJC 15 &#8211; 5.87 &#8211; 9.88<br \/>\nEJC 16 &#8211; 11.92 &#8211; 7.93<br \/>\nEJC 220 &#8211; 8.06 &#8211;<br \/>\nEJC-Z 12.5 &#8211; 10.88 &#8211; 12.92<br \/>\nEJC c 12,5\/16 &#8211; 2.85 &#8211; 5.87<br \/>\nEJC c 12,5\/16 &#8211; 2,88 &#8211; 9,88<br \/>\nEJC c 12.5\/16 &#8211; 6.87 &#8211; 1.88<\/p>\n<p>EJG 06-10 &#8211; 12.04 &#8211;<br \/>\nEJG 06-10 (PR) &#8211; 1.98 &#8211; 4.05<\/p>\n<p>EKC 12,5 &#8211; 6,86 &#8211; 12,90<br \/>\nEKC 12,5 \/ 16 &#8211; 1.00 &#8211; 4.04<br \/>\nEKC 12,5 \/ 16 &#8211; 2,95 &#8211; 12,99<br \/>\nEKC 20 &#8211; 5.04 &#8211; 12.04<\/p>\n<p>EKE 20 48V &#8211; 8,94 &#8211; 10,97<\/p>\n<p>ERC 12,5 &#8211; 4,87 &#8211; 6,88<br \/>\nERC 12,5 &#8211; 6,84 &#8211; 7,85<br \/>\nERC 12,5 &#8211; 8,85 &#8211; 3,87<\/p>\n<p>&nbsp;<\/p>","protected":false},"excerpt":{"rendered":"<p data-start=\"115\" data-end=\"642\"><br data-start=\"3748\" data-end=\"3751\" \/>La <strong data-start=\"3754\" data-end=\"3792\">Roue de charge 85\u00d7100\/105-25 Wicke<\/strong> est une roue de charge sp\u00e9cialement con\u00e7ue offrant durabilit\u00e9 et haute performance pour les chariots \u00e9l\u00e9vateurs et les machines lourdes. Avec une largeur de 85 mm et un diam\u00e8tre de 100-105 mm, elle supporte un mouvement stable et s\u00e9curis\u00e9 de la machine. Fabriqu\u00e9e avec la qualit\u00e9 Wicke, cette roue offre un rev\u00eatement en caoutchouc durable et un corps m\u00e9tallique robuste pour une haute r\u00e9sistance \u00e0 l\u2019usure. Elle r\u00e9duit les vibrations pour am\u00e9liorer le confort de l\u2019op\u00e9rateur et r\u00e9siste aux conditions de travail difficiles. Une installation facile am\u00e9liore l\u2019efficacit\u00e9 du travail.<\/p>\n<p data-start=\"4377\" data-end=\"4760\"><strong data-start=\"4377\" data-end=\"4397\">Caract\u00e9ristiques<\/strong><br data-start=\"4397\" data-end=\"4400\" \/><strong data-start=\"4400\" data-end=\"4419\">Nom du produit:<\/strong> Roue de charge Wicke<br data-start=\"4440\" data-end=\"4443\" \/><strong data-start=\"4443\" data-end=\"4464\">Num\u00e9ros de pi\u00e8ce:<\/strong> 27631330, 51064610<br data-start=\"4483\" data-end=\"4486\" \/><strong data-start=\"4486\" data-end=\"4497\">Taille:<\/strong> 85\u00d7100\/105-25<br data-start=\"4511\" data-end=\"4514\" \/><strong data-start=\"4514\" data-end=\"4527\">Mat\u00e9riau:<\/strong> Caoutchouc durable, corps m\u00e9tallique<br data-start=\"4564\" data-end=\"4567\" \/><strong data-start=\"4567\" data-end=\"4583\">Application:<\/strong> Syst\u00e8me de charge pour chariots \u00e9l\u00e9vateurs et machines lourdes<br data-start=\"4646\" data-end=\"4649\" \/><strong data-start=\"4649\" data-end=\"4662\">Avantage:<\/strong> Haute durabilit\u00e9, r\u00e9duction des vibrations, longue dur\u00e9e de vie, installation facile, stabilit\u00e9<\/p>\n<p data-start=\"4762\" data-end=\"5366\">\n","protected":false},"featured_media":15579,"template":"","meta":[],"product_brand":[],"product_cat":[402,236,238,400,401],"product_tag":[],"class_list":{"0":"post-10224","1":"product","2":"type-product","3":"status-publish","4":"has-post-thumbnail","6":"product_cat-catal-tekeri-wicke","7":"product_cat-jungheinrich","8":"product_cat-catal-tekeri-jungheinrich","9":"product_cat-catal-tekeri","10":"product_cat-wicke","12":"first","13":"instock","14":"taxable","15":"shipping-taxable","16":"purchasable","17":"product-type-simple"},"_links":{"self":[{"href":"https:\/\/ceoparts.com\/fr\/wp-json\/wp\/v2\/product\/10224","targetHints":{"allow":["GET"]}}],"collection":[{"href":"https:\/\/ceoparts.com\/fr\/wp-json\/wp\/v2\/product"}],"about":[{"href":"https:\/\/ceoparts.com\/fr\/wp-json\/wp\/v2\/types\/product"}],"wp:featuredmedia":[{"embeddable":true,"href":"https:\/\/ceoparts.com\/fr\/wp-json\/wp\/v2\/media\/15579"}],"wp:attachment":[{"href":"https:\/\/ceoparts.com\/fr\/wp-json\/wp\/v2\/media?parent=10224"}],"wp:term":[{"taxonomy":"product_brand","embeddable":true,"href":"https:\/\/ceoparts.com\/fr\/wp-json\/wp\/v2\/product_brand?post=10224"},{"taxonomy":"product_cat","embeddable":true,"href":"https:\/\/ceoparts.com\/fr\/wp-json\/wp\/v2\/product_cat?post=10224"},{"taxonomy":"product_tag","embeddable":true,"href":"https:\/\/ceoparts.com\/fr\/wp-json\/wp\/v2\/product_tag?post=10224"}],"curies":[{"name":"wp","href":"https:\/\/api.w.org\/{rel}","templated":true}]}}