{"id":10232,"date":"2024-09-12T16:58:48","date_gmt":"2024-09-12T13:58:48","guid":{"rendered":"https:\/\/ceoparts.com\/?post_type=product&#038;p=10232"},"modified":"2026-05-16T07:28:43","modified_gmt":"2026-05-16T04:28:43","slug":"bt-lwe-catal-mekanizmasi-takim-tekli","status":"publish","type":"product","link":"https:\/\/ceoparts.com\/fr\/urun\/bt-lwe-catal-mekanizmasi-takim-tekli\/","title":{"rendered":"M\u00e9canisme de fourche BT Toyota LWE\/SWE Simple &#8211; 130685"},"content":{"rendered":"<p>M\u00e9canisme de fourche BT Toyota LWE\/SWE Simple &#8211; 130685<\/p>\n<ul>\n<li>BT L2000, L23, L2300, LHM230<\/li>\n<li>Toyota HT23<\/li>\n<\/ul>","protected":false},"excerpt":{"rendered":"<p data-start=\"110\" data-end=\"604\"><br data-start=\"3314\" data-end=\"3317\" \/>Le <strong data-start=\"3320\" data-end=\"3365\">M\u00e9canisme de fourche simple BT Toyota LWE\/SWE<\/strong> est un m\u00e9canisme de fourche de haute qualit\u00e9 utilis\u00e9 dans les chariots \u00e9l\u00e9vateurs et les machines lourdes. Ce m\u00e9canisme contr\u00f4le le mouvement des fourches du chariot, assurant une manipulation s\u00fbre et pr\u00e9cise des charges. Fabriqu\u00e9 \u00e0 partir de mat\u00e9riaux durables, il offre une longue dur\u00e9e de vie et de hautes performances. Con\u00e7u sp\u00e9cialement pour le mod\u00e8le BT Toyota LWE, il permet une installation facile et am\u00e9liore l&#8217;efficacit\u00e9 du travail. Son design simple facilite l&#8217;entretien et le remplacement.<\/p>\n<p data-start=\"3869\" data-end=\"4219\"><strong data-start=\"3869\" data-end=\"3889\">Caract\u00e9ristiques<\/strong><br data-start=\"3889\" data-end=\"3892\" \/><strong data-start=\"3892\" data-end=\"3911\">Nom du produit:<\/strong> M\u00e9canisme de fourche simple BT Toyota LWE\/SWE<br data-start=\"3953\" data-end=\"3956\" \/><strong data-start=\"3956\" data-end=\"3976\">Num\u00e9ro de pi\u00e8ce:<\/strong> 130685<br data-start=\"3983\" data-end=\"3986\" \/><strong data-start=\"3986\" data-end=\"3999\">Mat\u00e9riau:<\/strong> Alliage m\u00e9tallique haute r\u00e9sistance<br data-start=\"4035\" data-end=\"4038\" \/><strong data-start=\"4038\" data-end=\"4054\">Application:<\/strong> Contr\u00f4le du mouvement des fourches de chariot \u00e9l\u00e9vateur<br data-start=\"4110\" data-end=\"4113\" \/><strong data-start=\"4113\" data-end=\"4126\">Avantage:<\/strong> Longue dur\u00e9e de vie, haute performance, installation facile, manipulation s\u00fbre des charges<\/p>\n<p data-start=\"4221\" data-end=\"4772\">\n","protected":false},"featured_media":10251,"template":"","meta":[],"product_brand":[],"product_cat":[251,406,407,521,531],"product_tag":[],"class_list":{"0":"post-10232","1":"product","2":"type-product","3":"status-publish","4":"has-post-thumbnail","6":"product_cat-bt","7":"product_cat-catal-mekanizma","8":"product_cat-bt-catal-mekanizmalari","9":"product_cat-toyota","10":"product_cat-mekanizmalar-toyota","12":"first","13":"instock","14":"taxable","15":"shipping-taxable","16":"purchasable","17":"product-type-simple"},"_links":{"self":[{"href":"https:\/\/ceoparts.com\/fr\/wp-json\/wp\/v2\/product\/10232","targetHints":{"allow":["GET"]}}],"collection":[{"href":"https:\/\/ceoparts.com\/fr\/wp-json\/wp\/v2\/product"}],"about":[{"href":"https:\/\/ceoparts.com\/fr\/wp-json\/wp\/v2\/types\/product"}],"wp:featuredmedia":[{"embeddable":true,"href":"https:\/\/ceoparts.com\/fr\/wp-json\/wp\/v2\/media\/10251"}],"wp:attachment":[{"href":"https:\/\/ceoparts.com\/fr\/wp-json\/wp\/v2\/media?parent=10232"}],"wp:term":[{"taxonomy":"product_brand","embeddable":true,"href":"https:\/\/ceoparts.com\/fr\/wp-json\/wp\/v2\/product_brand?post=10232"},{"taxonomy":"product_cat","embeddable":true,"href":"https:\/\/ceoparts.com\/fr\/wp-json\/wp\/v2\/product_cat?post=10232"},{"taxonomy":"product_tag","embeddable":true,"href":"https:\/\/ceoparts.com\/fr\/wp-json\/wp\/v2\/product_tag?post=10232"}],"curies":[{"name":"wp","href":"https:\/\/api.w.org\/{rel}","templated":true}]}}