{"id":10250,"date":"2024-09-12T17:10:38","date_gmt":"2024-09-12T14:10:38","guid":{"rendered":"https:\/\/ceoparts.com\/?post_type=product&#038;p=10250"},"modified":"2026-05-16T09:44:52","modified_gmt":"2026-05-16T06:44:52","slug":"bt-lwe-catal-mekanizmasi-takim-ciftli","status":"publish","type":"product","link":"https:\/\/ceoparts.com\/fr\/urun\/bt-lwe-catal-mekanizmasi-takim-ciftli\/","title":{"rendered":"BT LWE\/SWE Kit de m\u00e9canisme de fourche &#8211; Double &#8211; 130685 , 179206"},"content":{"rendered":"<p>BT LWE\/SWE Kit de m\u00e9canisme de fourche &#8211; Double &#8211; 130685 , 179206<\/p>\n<ul>\n<li>BT Toyota L2000<\/li>\n<li>BT Toyota L23<\/li>\n<li>BT Toyota LHM230<\/li>\n<li>BT Toyota LWE130<\/li>\n<li>BT Toyota LWE140<\/li>\n<li>BT Toyota LWE160<\/li>\n<li>BT Toyota OEC2300<\/li>\n<\/ul>","protected":false},"excerpt":{"rendered":"<p data-start=\"119\" data-end=\"597\"><br data-start=\"3405\" data-end=\"3408\" \/>Le <strong data-start=\"3411\" data-end=\"3456\">M\u00e9canisme de fourche double BT Toyota LWE\/SWE<\/strong> est un m\u00e9canisme de fourche durable et performant utilis\u00e9 dans les chariots \u00e9l\u00e9vateurs et les machines lourdes. Son design double permet un mouvement plus \u00e9quilibr\u00e9 et puissant des fourches. Il assure une manipulation s\u00fbre et pr\u00e9cise des charges. Fabriqu\u00e9 en alliage m\u00e9tallique robuste, il offre une longue dur\u00e9e de vie et des performances sup\u00e9rieures. Con\u00e7u sp\u00e9cifiquement pour le mod\u00e8le BT Toyota LWE, il garantit une installation facile et am\u00e9liore l&#8217;efficacit\u00e9 du travail.<\/p>\n<p data-start=\"3935\" data-end=\"4296\"><strong data-start=\"3935\" data-end=\"3955\">Caract\u00e9ristiques<\/strong><br data-start=\"3955\" data-end=\"3958\" \/><strong data-start=\"3958\" data-end=\"3977\">Nom du produit:<\/strong> M\u00e9canisme de fourche double BT Toyota LWE\/SWE<br data-start=\"4019\" data-end=\"4022\" \/><strong data-start=\"4022\" data-end=\"4043\">Num\u00e9ros de pi\u00e8ce:<\/strong> 130685, 179206<br data-start=\"4058\" data-end=\"4061\" \/><strong data-start=\"4061\" data-end=\"4074\">Mat\u00e9riau:<\/strong> Alliage m\u00e9tallique haute r\u00e9sistance<br data-start=\"4110\" data-end=\"4113\" \/><strong data-start=\"4113\" data-end=\"4129\">Application:<\/strong> Contr\u00f4le du mouvement des fourches de chariot \u00e9l\u00e9vateur<br data-start=\"4185\" data-end=\"4188\" \/><strong data-start=\"4188\" data-end=\"4201\">Avantage:<\/strong> Durable, haute performance, installation facile, manipulation s\u00fbre et \u00e9quilibr\u00e9e des charges<\/p>\n<p data-start=\"4298\" data-end=\"4824\">\n","protected":false},"featured_media":10245,"template":"","meta":[],"product_brand":[],"product_cat":[251,406,407,521,531],"product_tag":[],"class_list":{"0":"post-10250","1":"product","2":"type-product","3":"status-publish","4":"has-post-thumbnail","6":"product_cat-bt","7":"product_cat-catal-mekanizma","8":"product_cat-bt-catal-mekanizmalari","9":"product_cat-toyota","10":"product_cat-mekanizmalar-toyota","12":"first","13":"instock","14":"taxable","15":"shipping-taxable","16":"purchasable","17":"product-type-simple"},"_links":{"self":[{"href":"https:\/\/ceoparts.com\/fr\/wp-json\/wp\/v2\/product\/10250","targetHints":{"allow":["GET"]}}],"collection":[{"href":"https:\/\/ceoparts.com\/fr\/wp-json\/wp\/v2\/product"}],"about":[{"href":"https:\/\/ceoparts.com\/fr\/wp-json\/wp\/v2\/types\/product"}],"wp:featuredmedia":[{"embeddable":true,"href":"https:\/\/ceoparts.com\/fr\/wp-json\/wp\/v2\/media\/10245"}],"wp:attachment":[{"href":"https:\/\/ceoparts.com\/fr\/wp-json\/wp\/v2\/media?parent=10250"}],"wp:term":[{"taxonomy":"product_brand","embeddable":true,"href":"https:\/\/ceoparts.com\/fr\/wp-json\/wp\/v2\/product_brand?post=10250"},{"taxonomy":"product_cat","embeddable":true,"href":"https:\/\/ceoparts.com\/fr\/wp-json\/wp\/v2\/product_cat?post=10250"},{"taxonomy":"product_tag","embeddable":true,"href":"https:\/\/ceoparts.com\/fr\/wp-json\/wp\/v2\/product_tag?post=10250"}],"curies":[{"name":"wp","href":"https:\/\/api.w.org\/{rel}","templated":true}]}}