{"id":10267,"date":"2024-09-13T09:31:19","date_gmt":"2024-09-13T06:31:19","guid":{"rendered":"https:\/\/ceoparts.com\/?post_type=product&#038;p=10267"},"modified":"2026-05-16T14:59:35","modified_gmt":"2026-05-16T11:59:35","slug":"jungheinrich-ere-120-catal-mekanizmasi-bos","status":"publish","type":"product","link":"https:\/\/ceoparts.com\/fr\/urun\/jungheinrich-ere-120-catal-mekanizmasi-bos\/","title":{"rendered":"Jungheinrich ERE 120 M\u00e9canisme de fourche vide &#8211; 51448827"},"content":{"rendered":"<p>Jungheinrich ERE 120 M\u00e9canisme de fourche vide &#8211; 51448827<\/p>\n<p>Jungheinrich 51448827<\/p>\n<p>ERE 120 \/ 125 \/ 225\u00a010.16 \u2013<br \/>\nERE 120 \/ 125 \/ 225 (US)\u00a010.16 \u2013<br \/>\nEJE 114 \/ 116 \/ 118 \/ 120\u00a03.18 \u2013<br \/>\nEJE 120 US\u00a03.18 \u2013<br \/>\nPW23P\u00a03.18 \u2013<br \/>\n2WP4500\u00a03.18 \u2013<br \/>\nEJE 222\/225\u00a08.18 \u2013<br \/>\nEJE 225 (USA)\u00a08.18 \u2013<br \/>\nPW30P\u00a08.18 \u2013<br \/>\n2WP6000\u00a08.18 \u2013<br \/>\nEJE 230-235\u00a02.20 \u2013<br \/>\nERE 225i\u00a010.21 \u2013<br \/>\nERE 225i (US)\u00a010.21<\/p>","protected":false},"excerpt":{"rendered":"<p data-start=\"127\" data-end=\"650\"><br data-start=\"3464\" data-end=\"3467\" \/>Le <strong data-start=\"3470\" data-end=\"3528\">M\u00e9canisme de fourche Jungheinrich ERE 120 (sans roues)<\/strong> est un m\u00e9canisme de fourche de haute qualit\u00e9 et durable utilis\u00e9 dans les chariots \u00e9l\u00e9vateurs. Son design sans roues facilite l\u2019entretien et le remplacement. Fabriqu\u00e9 avec la technologie robuste de Jungheinrich, il contr\u00f4le pr\u00e9cis\u00e9ment et en toute s\u00e9curit\u00e9 le mouvement des fourches. Ce m\u00e9canisme est id\u00e9al pour une manipulation \u00e9quilibr\u00e9e et s\u00e9curis\u00e9e des charges. Fabriqu\u00e9 avec des mat\u00e9riaux durables et offrant une installation facile, il am\u00e9liore l\u2019efficacit\u00e9 du travail.<\/p>\n<p data-start=\"4005\" data-end=\"4377\"><strong data-start=\"4005\" data-end=\"4025\">Caract\u00e9ristiques<\/strong><br data-start=\"4025\" data-end=\"4028\" \/><strong data-start=\"4028\" data-end=\"4047\">Nom du produit:<\/strong> M\u00e9canisme de fourche Jungheinrich ERE 120 (sans roues)<br data-start=\"4102\" data-end=\"4105\" \/><strong data-start=\"4105\" data-end=\"4125\">Num\u00e9ro de pi\u00e8ce:<\/strong> 51448827<br data-start=\"4134\" data-end=\"4137\" \/><strong data-start=\"4137\" data-end=\"4150\">Mat\u00e9riau:<\/strong> Alliage m\u00e9tallique durable<br data-start=\"4177\" data-end=\"4180\" \/><strong data-start=\"4180\" data-end=\"4196\">Application:<\/strong> Contr\u00f4le du mouvement des fourches de chariot \u00e9l\u00e9vateur<br data-start=\"4252\" data-end=\"4255\" \/><strong data-start=\"4255\" data-end=\"4268\">Avantage:<\/strong> Design sans roues, entretien facile, longue dur\u00e9e de vie, haute performance, manipulation s\u00fbre des charges<\/p>\n<p data-start=\"4379\" data-end=\"4909\">\n","protected":false},"featured_media":10268,"template":"","meta":[],"product_brand":[],"product_cat":[406,408],"product_tag":[],"class_list":{"0":"post-10267","1":"product","2":"type-product","3":"status-publish","4":"has-post-thumbnail","6":"product_cat-catal-mekanizma","7":"product_cat-jungheinrich-catal-mekanizma","9":"first","10":"instock","11":"taxable","12":"shipping-taxable","13":"purchasable","14":"product-type-simple"},"_links":{"self":[{"href":"https:\/\/ceoparts.com\/fr\/wp-json\/wp\/v2\/product\/10267","targetHints":{"allow":["GET"]}}],"collection":[{"href":"https:\/\/ceoparts.com\/fr\/wp-json\/wp\/v2\/product"}],"about":[{"href":"https:\/\/ceoparts.com\/fr\/wp-json\/wp\/v2\/types\/product"}],"wp:featuredmedia":[{"embeddable":true,"href":"https:\/\/ceoparts.com\/fr\/wp-json\/wp\/v2\/media\/10268"}],"wp:attachment":[{"href":"https:\/\/ceoparts.com\/fr\/wp-json\/wp\/v2\/media?parent=10267"}],"wp:term":[{"taxonomy":"product_brand","embeddable":true,"href":"https:\/\/ceoparts.com\/fr\/wp-json\/wp\/v2\/product_brand?post=10267"},{"taxonomy":"product_cat","embeddable":true,"href":"https:\/\/ceoparts.com\/fr\/wp-json\/wp\/v2\/product_cat?post=10267"},{"taxonomy":"product_tag","embeddable":true,"href":"https:\/\/ceoparts.com\/fr\/wp-json\/wp\/v2\/product_tag?post=10267"}],"curies":[{"name":"wp","href":"https:\/\/api.w.org\/{rel}","templated":true}]}}