{"id":10287,"date":"2024-09-13T10:13:10","date_gmt":"2024-09-13T07:13:10","guid":{"rendered":"https:\/\/ceoparts.com\/?post_type=product&#038;p=10287"},"modified":"2026-05-16T11:45:18","modified_gmt":"2026-05-16T08:45:18","slug":"bt-eski-kasa-catal-mekanizmasi-takim","status":"publish","type":"product","link":"https:\/\/ceoparts.com\/fr\/urun\/bt-eski-kasa-catal-mekanizmasi-takim\/","title":{"rendered":"M\u00e9canisme de fourche BT Toyota LPE200 &#8211; 7591742, 261271, 132523"},"content":{"rendered":"<p>M\u00e9canisme de fourche BT Toyota LPE200 &#8211; 7591742, 261271, 132523<\/p>\n<p>BT 7591742, 261271<\/p>","protected":false},"excerpt":{"rendered":"<p data-start=\"123\" data-end=\"637\"><br data-start=\"3431\" data-end=\"3434\" \/>Le <strong data-start=\"3437\" data-end=\"3477\">M\u00e9canisme de fourche BT Toyota LPE200<\/strong> est un m\u00e9canisme durable et performant utilis\u00e9 dans les chariots \u00e9l\u00e9vateurs. Ce m\u00e9canisme contr\u00f4le pr\u00e9cis\u00e9ment et en toute s\u00e9curit\u00e9 le mouvement des fourches, assurant une manipulation \u00e9quilibr\u00e9e des charges. Il est sp\u00e9cialement con\u00e7u pour le mod\u00e8le BT Toyota LPE200 et fabriqu\u00e9 avec des mat\u00e9riaux durables. Avec des avantages en termes d\u2019installation et d\u2019entretien faciles, il am\u00e9liore l\u2019efficacit\u00e9 du travail. Les num\u00e9ros de pi\u00e8ce 7591742, 261271 et 132523 couvrent diff\u00e9rentes variations de composants ou de mod\u00e8les.<\/p>\n<p data-start=\"3999\" data-end=\"4350\"><strong data-start=\"3999\" data-end=\"4019\">Caract\u00e9ristiques<\/strong><br data-start=\"4019\" data-end=\"4022\" \/><strong data-start=\"4022\" data-end=\"4041\">Nom du produit:<\/strong> M\u00e9canisme de fourche BT Toyota LPE200<br data-start=\"4078\" data-end=\"4081\" \/><strong data-start=\"4081\" data-end=\"4102\">Num\u00e9ros de pi\u00e8ce:<\/strong> 7591742, 261271, 132523<br data-start=\"4126\" data-end=\"4129\" \/><strong data-start=\"4129\" data-end=\"4142\">Mat\u00e9riau:<\/strong> Alliage m\u00e9tallique haute r\u00e9sistance<br data-start=\"4178\" data-end=\"4181\" \/><strong data-start=\"4181\" data-end=\"4197\">Application:<\/strong> Contr\u00f4le du mouvement des fourches de chariot \u00e9l\u00e9vateur<br data-start=\"4253\" data-end=\"4256\" \/><strong data-start=\"4256\" data-end=\"4269\">Avantage:<\/strong> Durable, haute performance, installation facile, manipulation s\u00fbre des charges<\/p>\n<p data-start=\"4352\" data-end=\"4900\">\n","protected":false},"featured_media":10288,"template":"","meta":[],"product_brand":[],"product_cat":[251,406,407,521,531],"product_tag":[],"class_list":{"0":"post-10287","1":"product","2":"type-product","3":"status-publish","4":"has-post-thumbnail","6":"product_cat-bt","7":"product_cat-catal-mekanizma","8":"product_cat-bt-catal-mekanizmalari","9":"product_cat-toyota","10":"product_cat-mekanizmalar-toyota","12":"first","13":"instock","14":"taxable","15":"shipping-taxable","16":"purchasable","17":"product-type-simple"},"_links":{"self":[{"href":"https:\/\/ceoparts.com\/fr\/wp-json\/wp\/v2\/product\/10287","targetHints":{"allow":["GET"]}}],"collection":[{"href":"https:\/\/ceoparts.com\/fr\/wp-json\/wp\/v2\/product"}],"about":[{"href":"https:\/\/ceoparts.com\/fr\/wp-json\/wp\/v2\/types\/product"}],"wp:featuredmedia":[{"embeddable":true,"href":"https:\/\/ceoparts.com\/fr\/wp-json\/wp\/v2\/media\/10288"}],"wp:attachment":[{"href":"https:\/\/ceoparts.com\/fr\/wp-json\/wp\/v2\/media?parent=10287"}],"wp:term":[{"taxonomy":"product_brand","embeddable":true,"href":"https:\/\/ceoparts.com\/fr\/wp-json\/wp\/v2\/product_brand?post=10287"},{"taxonomy":"product_cat","embeddable":true,"href":"https:\/\/ceoparts.com\/fr\/wp-json\/wp\/v2\/product_cat?post=10287"},{"taxonomy":"product_tag","embeddable":true,"href":"https:\/\/ceoparts.com\/fr\/wp-json\/wp\/v2\/product_tag?post=10287"}],"curies":[{"name":"wp","href":"https:\/\/api.w.org\/{rel}","templated":true}]}}