{"id":10335,"date":"2024-09-13T11:34:43","date_gmt":"2024-09-13T08:34:43","guid":{"rendered":"https:\/\/ceoparts.com\/?post_type=product&#038;p=10335"},"modified":"2026-05-16T15:12:30","modified_gmt":"2026-05-16T12:12:30","slug":"linde-catal-mekanizmasi-takim","status":"publish","type":"product","link":"https:\/\/ceoparts.com\/fr\/urun\/linde-catal-mekanizmasi-takim\/","title":{"rendered":"Linde T16\/T18\/T20 m\u00e9canisme de fourche &#8211; 1318501136 , 3608501119"},"content":{"rendered":"<p>Linde T16\/T18\/T20 m\u00e9canisme de fourche &#8211; 1318501136 , 3608501119<\/p>\n<p>Linde 1318501136 3608501119<\/p>\n<p>1151\u00a0T16\/T16P\/T20\/T20P<br \/>\n1152\u00a0T16\/T18\/T20\/T16L<br \/>\n360\u00a0T16\/T18\/T20\/T16L<\/p>","protected":false},"excerpt":{"rendered":"<p data-start=\"160\" data-end=\"1030\"><br data-start=\"3626\" data-end=\"3629\" \/>Le M\u00e9canisme de Fourche Linde T16\/T18\/T20 est un syst\u00e8me de support de fourche haute r\u00e9sistance utilis\u00e9 sur les transpalettes Linde mod\u00e8les T16, T18 et T20. Il assure des mouvements de fourche stables, s\u00fbrs et pr\u00e9cis lors des op\u00e9rations de manutention et de changement de direction. Sa structure en alliage m\u00e9tallique robuste r\u00e9siste \u00e0 la d\u00e9formation et \u00e0 l\u2019usure sous fortes charges. Gr\u00e2ce \u00e0 son design sans roue, il offre un raccordement direct et un excellent contr\u00f4le de la man\u0153uvrabilit\u00e9. Optimise la stabilit\u00e9 et la productivit\u00e9 des machines dans les environnements logistiques, industriels et d\u2019entrep\u00f4t.<br data-start=\"4240\" data-end=\"4243\" \/><strong data-start=\"4243\" data-end=\"4265\">Caract\u00e9ristiques :<\/strong><br data-start=\"4265\" data-end=\"4268\" \/><strong data-start=\"4268\" data-end=\"4288\">Nom du produit :<\/strong> M\u00e9canisme de Fourche Linde T16\/T18\/T20<br data-start=\"4327\" data-end=\"4330\" \/><strong data-start=\"4330\" data-end=\"4348\">Codes pi\u00e8ces :<\/strong> 1318501136, 3608501119<br data-start=\"4371\" data-end=\"4374\" \/><strong data-start=\"4374\" data-end=\"4388\">Mat\u00e9riau :<\/strong> Alliage m\u00e9tallique haute r\u00e9sistance<br data-start=\"4424\" data-end=\"4427\" \/><strong data-start=\"4427\" data-end=\"4453\">Domaine d\u2019utilisation:<\/strong> Transpalettes Linde T16, T18 et T20<br data-start=\"4489\" data-end=\"4492\" \/><strong data-start=\"4492\" data-end=\"4505\">Avantage:<\/strong> Structure solide et durable, contr\u00f4le de stabilit\u00e9 \u00e9lev\u00e9, utilisation s\u00fbre et pr\u00e9cise<\/p>\n<p data-start=\"4595\" data-end=\"5498\">\n","protected":false},"featured_media":10353,"template":"","meta":[],"product_brand":[],"product_cat":[406,409],"product_tag":[],"class_list":{"0":"post-10335","1":"product","2":"type-product","3":"status-publish","4":"has-post-thumbnail","6":"product_cat-catal-mekanizma","7":"product_cat-linde-catal-mekanizma","9":"first","10":"instock","11":"taxable","12":"shipping-taxable","13":"purchasable","14":"product-type-simple"},"_links":{"self":[{"href":"https:\/\/ceoparts.com\/fr\/wp-json\/wp\/v2\/product\/10335","targetHints":{"allow":["GET"]}}],"collection":[{"href":"https:\/\/ceoparts.com\/fr\/wp-json\/wp\/v2\/product"}],"about":[{"href":"https:\/\/ceoparts.com\/fr\/wp-json\/wp\/v2\/types\/product"}],"wp:featuredmedia":[{"embeddable":true,"href":"https:\/\/ceoparts.com\/fr\/wp-json\/wp\/v2\/media\/10353"}],"wp:attachment":[{"href":"https:\/\/ceoparts.com\/fr\/wp-json\/wp\/v2\/media?parent=10335"}],"wp:term":[{"taxonomy":"product_brand","embeddable":true,"href":"https:\/\/ceoparts.com\/fr\/wp-json\/wp\/v2\/product_brand?post=10335"},{"taxonomy":"product_cat","embeddable":true,"href":"https:\/\/ceoparts.com\/fr\/wp-json\/wp\/v2\/product_cat?post=10335"},{"taxonomy":"product_tag","embeddable":true,"href":"https:\/\/ceoparts.com\/fr\/wp-json\/wp\/v2\/product_tag?post=10335"}],"curies":[{"name":"wp","href":"https:\/\/api.w.org\/{rel}","templated":true}]}}