{"id":10454,"date":"2024-09-16T14:20:20","date_gmt":"2024-09-16T11:20:20","guid":{"rendered":"https:\/\/ceoparts.com\/?post_type=product&#038;p=10454"},"modified":"2026-05-16T17:06:14","modified_gmt":"2026-05-16T14:06:14","slug":"100x40-15-wicke-kapakli-denge-tekeri","status":"publish","type":"product","link":"https:\/\/ceoparts.com\/fr\/urun\/100x40-15-wicke-kapakli-denge-tekeri\/","title":{"rendered":"100&#215;40-15 Wicke Roues D&#8217;\u00e9quilibre &#8211; 51643862 , 582010614"},"content":{"rendered":"<p>100&#215;40-15 Wicke Roues D&#8217;\u00e9quilibre &#8211; 51643862 , 582010614<\/p>\n<table border=\"0\" width=\"243\" cellspacing=\"0\" cellpadding=\"0\">\n<colgroup>\n<col width=\"179\" \/>\n<col width=\"64\" \/><\/colgroup>\n<tbody>\n<tr>\n<td width=\"179\" height=\"19\"><span style=\"font-family: Calibri;\">EJE 114 \/ 116 \/ 118 \/ 120<\/span><\/td>\n<td width=\"64\"><span style=\"font-family: Calibri;\">3.18 &#8211;\u00a0<\/span><\/td>\n<\/tr>\n<tr>\n<td height=\"19\"><span style=\"font-family: Calibri;\">EJE 114-120 fvz<\/span><\/td>\n<td><span style=\"font-family: Calibri;\">8.19 &#8211;\u00a0<\/span><\/td>\n<\/tr>\n<tr>\n<td height=\"19\"><span style=\"font-family: Calibri;\">EJE 120 US<\/span><\/td>\n<td><span style=\"font-family: Calibri;\">3.18 &#8211;\u00a0<\/span><\/td>\n<\/tr>\n<tr>\n<td height=\"19\"><span style=\"font-family: Calibri;\">EJE 222\/225<\/span><\/td>\n<td><span style=\"font-family: Calibri;\">8.18 &#8211;\u00a0<\/span><\/td>\n<\/tr>\n<tr>\n<td height=\"19\"><span style=\"font-family: Calibri;\">EJE 222R\/225R<\/span><\/td>\n<td><span style=\"font-family: Calibri;\">3.20 &#8211;\u00a0<\/span><\/td>\n<\/tr>\n<tr>\n<td height=\"19\"><span style=\"font-family: Calibri;\">EJE 225 (USA)<\/span><\/td>\n<td><span style=\"font-family: Calibri;\">8.18 &#8211;\u00a0<\/span><\/td>\n<\/tr>\n<tr>\n<td height=\"19\"><span style=\"font-family: Calibri;\">EJE 230-235<\/span><\/td>\n<td><span style=\"font-family: Calibri;\">2.20 &#8211;\u00a0<\/span><\/td>\n<\/tr>\n<tr>\n<td height=\"19\"><span style=\"font-family: Calibri;\">EJE C20<\/span><\/td>\n<td><span style=\"font-family: Calibri;\">9.18 &#8211;\u00a0<\/span><\/td>\n<\/tr>\n<tr>\n<td height=\"19\"><span style=\"font-family: Calibri;\">EJE C20 (US)<\/span><\/td>\n<td><span style=\"font-family: Calibri;\">9.18 &#8211;\u00a0<\/span><\/td>\n<\/tr>\n<tr>\n<td height=\"19\"><span style=\"font-family: Calibri;\">PW23P<\/span><\/td>\n<td><span style=\"font-family: Calibri;\">3.18 &#8211;\u00a0<\/span><\/td>\n<\/tr>\n<tr>\n<td height=\"19\"><span style=\"font-family: Calibri;\">PW30P<\/span><\/td>\n<td><span style=\"font-family: Calibri;\">8.18 &#8211;\u00a0<\/span><\/td>\n<\/tr>\n<tr>\n<td height=\"19\"><span style=\"font-family: Calibri;\">Sonderbau<\/span><\/td>\n<td><span style=\"font-family: Calibri;\">12.04 &#8211;\u00a0<\/span><\/td>\n<\/tr>\n<\/tbody>\n<\/table>","protected":false},"excerpt":{"rendered":"<p data-start=\"0\" data-end=\"880\"><br data-start=\"3514\" data-end=\"3517\" \/>La Roue d\u2019\u00e9quilibrage 100\u00d740-15 Wicke avec capuchon est une roue robuste et performante con\u00e7ue pour les chariots \u00e9l\u00e9vateurs et gerbeurs Wicke. Sa structure en alliage m\u00e9tallique haute r\u00e9sistance et son rev\u00eatement anti-usure assurent un excellent contr\u00f4le de stabilit\u00e9 pendant les op\u00e9rations intensives et continues. Son design avec capuchon prot\u00e8ge les roulements des agents ext\u00e9rieurs, prolongeant ainsi la dur\u00e9e de vie de la roue et r\u00e9duisant les besoins de maintenance. Id\u00e9ale pour les entrep\u00f4ts, la logistique et les applications industrielles gr\u00e2ce \u00e0 son fonctionnement silencieux et durable.<br data-start=\"4114\" data-end=\"4117\" \/><strong data-start=\"4117\" data-end=\"4139\">Caract\u00e9ristiques :<\/strong><br data-start=\"4139\" data-end=\"4142\" \/><strong data-start=\"4142\" data-end=\"4162\">Nom du produit :<\/strong> Roue d\u2019\u00e9quilibrage 100\u00d740-15 Wicke avec capuchon<br data-start=\"4211\" data-end=\"4214\" \/><strong data-start=\"4214\" data-end=\"4230\">Code pi\u00e8ce :<\/strong> 51643862, 582010614<br data-start=\"4250\" data-end=\"4253\" \/><strong data-start=\"4253\" data-end=\"4267\">Mat\u00e9riau :<\/strong> Alliage m\u00e9tallique haute r\u00e9sistance<br data-start=\"4303\" data-end=\"4306\" \/><strong data-start=\"4306\" data-end=\"4333\">Domaine d\u2019utilisation :<\/strong> Chariots \u00e9l\u00e9vateurs et gerbeurs Wicke<br data-start=\"4371\" data-end=\"4374\" \/><strong data-start=\"4374\" data-end=\"4387\">Avantage:<\/strong> Capuchon de protection des roulements, r\u00e9sistance \u00e9lev\u00e9e \u00e0 l\u2019usure et aux chocs, fonctionnement silencieux et durable<\/p>\n<p data-start=\"4509\" data-end=\"5461\">\n","protected":false},"featured_media":15077,"template":"","meta":[],"product_brand":[],"product_cat":[403,185],"product_tag":[],"class_list":{"0":"post-10454","1":"product","2":"type-product","3":"status-publish","4":"has-post-thumbnail","6":"product_cat-denge-tekeri-wicke","7":"product_cat-denge-tekeri","9":"first","10":"instock","11":"taxable","12":"shipping-taxable","13":"purchasable","14":"product-type-simple"},"_links":{"self":[{"href":"https:\/\/ceoparts.com\/fr\/wp-json\/wp\/v2\/product\/10454","targetHints":{"allow":["GET"]}}],"collection":[{"href":"https:\/\/ceoparts.com\/fr\/wp-json\/wp\/v2\/product"}],"about":[{"href":"https:\/\/ceoparts.com\/fr\/wp-json\/wp\/v2\/types\/product"}],"wp:featuredmedia":[{"embeddable":true,"href":"https:\/\/ceoparts.com\/fr\/wp-json\/wp\/v2\/media\/15077"}],"wp:attachment":[{"href":"https:\/\/ceoparts.com\/fr\/wp-json\/wp\/v2\/media?parent=10454"}],"wp:term":[{"taxonomy":"product_brand","embeddable":true,"href":"https:\/\/ceoparts.com\/fr\/wp-json\/wp\/v2\/product_brand?post=10454"},{"taxonomy":"product_cat","embeddable":true,"href":"https:\/\/ceoparts.com\/fr\/wp-json\/wp\/v2\/product_cat?post=10454"},{"taxonomy":"product_tag","embeddable":true,"href":"https:\/\/ceoparts.com\/fr\/wp-json\/wp\/v2\/product_tag?post=10454"}],"curies":[{"name":"wp","href":"https:\/\/api.w.org\/{rel}","templated":true}]}}