{"id":10466,"date":"2024-09-16T15:15:27","date_gmt":"2024-09-16T12:15:27","guid":{"rendered":"https:\/\/ceoparts.com\/?post_type=product&#038;p=10466"},"modified":"2026-05-02T16:19:35","modified_gmt":"2026-05-02T13:19:35","slug":"125x40-45-15-tellure-rota-denge-tekeri","status":"publish","type":"product","link":"https:\/\/ceoparts.com\/fr\/urun\/125x40-45-15-tellure-rota-denge-tekeri\/","title":{"rendered":"125&#215;40\/45-15 Tellure Rota Roues D&#8217;\u00e9quilibre &#8211; 00039903563"},"content":{"rendered":"<p>125&#215;40\/45-15 Tellure Rota Roues D&#8217;\u00e9quilibre &#8211; 00039903563<\/p>\n<table border=\"0\" width=\"173\" cellspacing=\"0\" cellpadding=\"0\">\n<tbody>\n<tr>\n<td class=\"xl65\" width=\"109\" height=\"20\"><span style=\"font-family: tim;\">1151<\/span><\/td>\n<td width=\"64\"><span style=\"font-family: tim;\">T16\/T16P\/T20\/T20P<\/span><\/td>\n<\/tr>\n<tr>\n<td class=\"xl65\" height=\"20\"><span style=\"font-family: tim;\">1151<\/span><\/td>\n<td><span style=\"font-family: tim;\">T16\/T16P\/T20\/T20P<\/span><\/td>\n<\/tr>\n<tr>\n<td class=\"xl65\" height=\"20\"><span style=\"font-family: tim;\">1152<\/span><\/td>\n<td><span style=\"font-family: tim;\">T16\/T18\/T20\/T16L<\/span><\/td>\n<\/tr>\n<tr>\n<td class=\"xl65\" height=\"20\"><span style=\"font-family: tim;\">1152<\/span><\/td>\n<td><span style=\"font-family: tim;\">T16\/T18\/T20\/T16L<\/span><\/td>\n<\/tr>\n<\/tbody>\n<\/table>\n<p>&nbsp;<\/p>\n<p><span style=\"font-family: tim;\">EXU 0153\/0154\/0155\/0157<\/span><\/p>\n<p><span style=\"font-family: tim;\">EXU-H AC<\/span><\/p>","protected":false},"excerpt":{"rendered":"<p data-start=\"0\" data-end=\"886\"><br data-start=\"3575\" data-end=\"3578\" \/>La Roue d\u2019\u00e9quilibrage 125\u00d740\/45-15 Tellure Rota est une roue de haute qualit\u00e9 sp\u00e9cialement con\u00e7ue pour les chariots \u00e9l\u00e9vateurs et gerbeurs Tellure Rota. Son corps m\u00e9tallique robuste et sa structure r\u00e9sistante \u00e0 l\u2019usure garantissent une stabilit\u00e9 maximale lors du transport de charges lourdes et en usage intensif. Offre une excellente maniabilit\u00e9 dans les zones \u00e9troites ainsi qu\u2019un fonctionnement silencieux et fluide. Pi\u00e8ce de rechange id\u00e9ale pour maintenir les chariots Tellure Rota performants et s\u00fbrs. Parfaite pour les environnements d\u2019entrep\u00f4t, de logistique et industriels.<br data-start=\"4159\" data-end=\"4162\" \/><strong data-start=\"4162\" data-end=\"4184\">Caract\u00e9ristiques :<\/strong><br data-start=\"4184\" data-end=\"4187\" \/><strong data-start=\"4187\" data-end=\"4207\">Nom du produit :<\/strong> Roue d\u2019\u00e9quilibrage 125\u00d740\/45-15 Tellure Rota<br data-start=\"4252\" data-end=\"4255\" \/><strong data-start=\"4255\" data-end=\"4271\">Code pi\u00e8ce :<\/strong> 00039903563<br data-start=\"4283\" data-end=\"4286\" \/><strong data-start=\"4286\" data-end=\"4300\">Mat\u00e9riau :<\/strong> Alliage m\u00e9tallique haute r\u00e9sistance<br data-start=\"4336\" data-end=\"4339\" \/><strong data-start=\"4339\" data-end=\"4366\">Domaine d\u2019utilisation :<\/strong> Chariots \u00e9l\u00e9vateurs et gerbeurs Tellure Rota<br data-start=\"4411\" data-end=\"4414\" \/><strong data-start=\"4414\" data-end=\"4427\">Avantage:<\/strong> Haute capacit\u00e9 de charge, r\u00e9sistance \u00e0 l\u2019usure, maniabilit\u00e9 dans les espaces restreints, fonctionnement silencieux et stable<\/p>\n<p data-start=\"4556\" data-end=\"5496\">\n","protected":false},"featured_media":15086,"template":"","meta":[],"product_brand":[],"product_cat":[413,412,185],"product_tag":[],"class_list":{"0":"post-10466","1":"product","2":"type-product","3":"status-publish","4":"has-post-thumbnail","6":"product_cat-tellure-rota-denge-tekeri","7":"product_cat-tellure-rota","8":"product_cat-denge-tekeri","10":"first","11":"instock","12":"taxable","13":"shipping-taxable","14":"purchasable","15":"product-type-simple"},"_links":{"self":[{"href":"https:\/\/ceoparts.com\/fr\/wp-json\/wp\/v2\/product\/10466","targetHints":{"allow":["GET"]}}],"collection":[{"href":"https:\/\/ceoparts.com\/fr\/wp-json\/wp\/v2\/product"}],"about":[{"href":"https:\/\/ceoparts.com\/fr\/wp-json\/wp\/v2\/types\/product"}],"wp:featuredmedia":[{"embeddable":true,"href":"https:\/\/ceoparts.com\/fr\/wp-json\/wp\/v2\/media\/15086"}],"wp:attachment":[{"href":"https:\/\/ceoparts.com\/fr\/wp-json\/wp\/v2\/media?parent=10466"}],"wp:term":[{"taxonomy":"product_brand","embeddable":true,"href":"https:\/\/ceoparts.com\/fr\/wp-json\/wp\/v2\/product_brand?post=10466"},{"taxonomy":"product_cat","embeddable":true,"href":"https:\/\/ceoparts.com\/fr\/wp-json\/wp\/v2\/product_cat?post=10466"},{"taxonomy":"product_tag","embeddable":true,"href":"https:\/\/ceoparts.com\/fr\/wp-json\/wp\/v2\/product_tag?post=10466"}],"curies":[{"name":"wp","href":"https:\/\/api.w.org\/{rel}","templated":true}]}}