{"id":10479,"date":"2024-09-16T16:15:55","date_gmt":"2024-09-16T13:15:55","guid":{"rendered":"https:\/\/ceoparts.com\/?post_type=product&#038;p=10479"},"modified":"2026-05-16T12:15:00","modified_gmt":"2026-05-16T09:15:00","slug":"140x54-60-20-tellure-rota-denge-tekeri","status":"publish","type":"product","link":"https:\/\/ceoparts.com\/fr\/urun\/140x54-60-20-tellure-rota-denge-tekeri\/","title":{"rendered":"140&#215;54\/60-20 Tellure Rota Roues D&#8217;\u00e9quilibre &#8211; 50432647, 50019777"},"content":{"rendered":"<p>140&#215;54\/60-20 Tellure Rota Roues D&#8217;\u00e9quilibre &#8211; 50432647, 50019777<\/p>\n<p>140\u00d754\/60-20 Jungheinrich 50432647, 50019777, 51065641, 27885180,939503, 50056035 EJC,ERE,ERC,ERD,ESD,ESE,ESC<\/p>\n<p>Ko\u0142o podporowe Jungheinrich \/\u00a0Suporting wheel 140\u00d754 used on Jungheinrich<\/p>\n<p>140\u00d754\/60-20\u00a0 Alternative<\/p>\n<p>&nbsp;<\/p>\n<p>27885180, 50056035 50019777, 51065641, 50432647, 50312941<\/p>\n<p>&nbsp;<\/p>\n<p>EJC 12-16 \/ 7.96 \u2013 4.98<br \/>\nEJC 10\/12 \/ 10.97 \u2013<br \/>\nEJC 14\/16 \/ 6.98 \u2013 2.06<br \/>\nEJC-Z 14\/16 \/ 1.99 \u2013 4.05<br \/>\nEJC 12 C \/ 7.03 \u2013 1<br \/>\nEJC-20\/25 \/ 4.05 \u2013 12.06<br \/>\nEJC Z14\/Z16 \/ 5.05 \u2013 1<br \/>\nEJC 212-216 \/ 1.06 \u2013 5.08<br \/>\nEJC 220 \/ 8.06 \u2013<br \/>\nEJC 110\/112 \/ 8.07 \u2013 10.07<br \/>\nEJC 110\/112 \/ 9.07 \u2013<br \/>\nEJC 212 \/ 214 \/ 216 \/ 6.08 \u2013<br \/>\nEJC M10 \/ 6.09 \u2013 6.09 1<br \/>\nEJC 110n\/112n \/ 10.09 \u2013<\/p>\n<p>EJD 16-4 \/ 8.96 \u2013 12.99<\/p>\n<p>EJE 16-4 \/ 1.00 \u2013<\/p>\n<p>ERE 20 \/ 5.94 \u2013 6.97<br \/>\nERE 20 \/ 7.97 \u2013 9.98<br \/>\nERE 20 \/ 11.98 \u2013 1.01<br \/>\nERE 220 \/ 10.03 \u2013 9.05<br \/>\nERE 224 \/ 10.05 \u2013 9.07<br \/>\nERE 225 \/ 9.07 \u2013<br \/>\nERE 225 KP \/ 7.08 \u2013<\/p>\n<p>ERC 12-16 \/ 10.94 \u2013 3.01<br \/>\nERC-Z 12\/14 \/ 11.94 \u2013 3.01<br \/>\nERC 12-16 \/ 10.94 \u2013 3.01<br \/>\nERC 212\/214\/216 \/ 4.04 \u2013<br \/>\nERC Z12\/Z14\/Z16 \/ 4.04 \u2013<\/p>\n<p>ERD 16-20 \/ 4.95 \u2013 12.99<br \/>\nERD 16-20 \/ 7.94 \u2013 3.95<br \/>\nERD 16-20 \/ 1.00 \u2013 6.00<br \/>\nERD 16-20 \/ 3.03 \u2013 10.03<br \/>\nERD 220 \/ 10.03 \u2013<\/p>\n<p>ESE 20 \/ 3.99 \u2013 3.04<br \/>\nESE 20 \/ 4.04 \u2013 12.04<br \/>\nESE 120 \/ 1.05 \u2013<br \/>\nESE 220 \/ 1.05 \u2013 1.10<br \/>\nESE 220\/320 \/ 2.10 \u2013<\/p>\n<p>ESD 20 \/ 11.99 \u2013 7.03<br \/>\nESD 20 \/ 8.03 \u2013 12.04<br \/>\nESD 120 \/ 1.05 \u2013<\/p>\n<p>ESC 214\/216Z \/ 8.09 \u2013<\/p>","protected":false},"excerpt":{"rendered":"<p data-start=\"0\" data-end=\"875\"><br data-start=\"3591\" data-end=\"3594\" \/>La Roue d\u2019\u00e9quilibrage 140\u00d754\/60-20 Tellure Rota est une roue haute performance sp\u00e9cialement con\u00e7ue pour les chariots \u00e9l\u00e9vateurs et gerbeurs Tellure Rota. Son corps m\u00e9tallique robuste et son rev\u00eatement de qualit\u00e9 assurent une stabilit\u00e9 maximale de la machine et un fonctionnement s\u00fbr et r\u00e9gulier lors de la manutention et des man\u0153uvres de charges lourdes. Sa haute r\u00e9sistance \u00e0 l\u2019usure et aux chocs garantit une utilisation durable m\u00eame dans les environnements d\u2019entrep\u00f4t, d\u2019usine et de logistique exigeants. Sa maniabilit\u00e9 en espaces restreints et son fonctionnement silencieux am\u00e9liorent la productivit\u00e9.<br data-start=\"4199\" data-end=\"4202\" \/><strong data-start=\"4202\" data-end=\"4224\">Caract\u00e9ristiques :<\/strong><br data-start=\"4224\" data-end=\"4227\" \/><strong data-start=\"4227\" data-end=\"4247\">Nom du produit :<\/strong> Roue d\u2019\u00e9quilibrage 140\u00d754\/60-20 Tellure Rota<br data-start=\"4292\" data-end=\"4295\" \/><strong data-start=\"4295\" data-end=\"4311\">Code pi\u00e8ce :<\/strong> 50432647, 50019777<br data-start=\"4330\" data-end=\"4333\" \/><strong data-start=\"4333\" data-end=\"4347\">Mat\u00e9riau :<\/strong> Alliage m\u00e9tallique haute r\u00e9sistance<br data-start=\"4383\" data-end=\"4386\" \/><strong data-start=\"4386\" data-end=\"4413\">Domaine d\u2019utilisation :<\/strong> Chariots \u00e9l\u00e9vateurs et gerbeurs Tellure Rota<br data-start=\"4458\" data-end=\"4461\" \/><strong data-start=\"4461\" data-end=\"4474\">Avantage:<\/strong> R\u00e9sistance \u00e9lev\u00e9e \u00e0 l\u2019usure et aux chocs, longue dur\u00e9e de vie, fonctionnement silencieux et stable<\/p>\n<p data-start=\"4577\" data-end=\"5530\">\n","protected":false},"featured_media":16427,"template":"","meta":[],"product_brand":[],"product_cat":[236,237,412,413,185],"product_tag":[],"class_list":{"0":"post-10479","1":"product","2":"type-product","3":"status-publish","4":"has-post-thumbnail","6":"product_cat-jungheinrich","7":"product_cat-denge-tekeri-jungheinrich","8":"product_cat-tellure-rota","9":"product_cat-tellure-rota-denge-tekeri","10":"product_cat-denge-tekeri","12":"first","13":"instock","14":"taxable","15":"shipping-taxable","16":"purchasable","17":"product-type-simple"},"_links":{"self":[{"href":"https:\/\/ceoparts.com\/fr\/wp-json\/wp\/v2\/product\/10479","targetHints":{"allow":["GET"]}}],"collection":[{"href":"https:\/\/ceoparts.com\/fr\/wp-json\/wp\/v2\/product"}],"about":[{"href":"https:\/\/ceoparts.com\/fr\/wp-json\/wp\/v2\/types\/product"}],"wp:featuredmedia":[{"embeddable":true,"href":"https:\/\/ceoparts.com\/fr\/wp-json\/wp\/v2\/media\/16427"}],"wp:attachment":[{"href":"https:\/\/ceoparts.com\/fr\/wp-json\/wp\/v2\/media?parent=10479"}],"wp:term":[{"taxonomy":"product_brand","embeddable":true,"href":"https:\/\/ceoparts.com\/fr\/wp-json\/wp\/v2\/product_brand?post=10479"},{"taxonomy":"product_cat","embeddable":true,"href":"https:\/\/ceoparts.com\/fr\/wp-json\/wp\/v2\/product_cat?post=10479"},{"taxonomy":"product_tag","embeddable":true,"href":"https:\/\/ceoparts.com\/fr\/wp-json\/wp\/v2\/product_tag?post=10479"}],"curies":[{"name":"wp","href":"https:\/\/api.w.org\/{rel}","templated":true}]}}