{"id":10486,"date":"2024-09-17T15:36:04","date_gmt":"2024-09-17T12:36:04","guid":{"rendered":"https:\/\/ceoparts.com\/?post_type=product&#038;p=10486"},"modified":"2026-05-16T17:10:58","modified_gmt":"2026-05-16T14:10:58","slug":"125x40-45-15-wicke-denge-tekeri","status":"publish","type":"product","link":"https:\/\/ceoparts.com\/fr\/urun\/125x40-45-15-wicke-denge-tekeri\/","title":{"rendered":"125&#215;40\/45-15 Wicke Roues D&#8217;\u00e9quilibre &#8211; 00039903563"},"content":{"rendered":"<p>125&#215;40\/45-15 Wicke Roues D&#8217;\u00e9quilibre &#8211; 00039903563<\/p>\n<table border=\"0\" width=\"173\" cellspacing=\"0\" cellpadding=\"0\">\n<tbody>\n<tr>\n<td class=\"xl65\" width=\"109\" height=\"20\"><span style=\"font-family: tim;\">1151<\/span><\/td>\n<td width=\"64\"><span style=\"font-family: tim;\">T16\/T16P\/T20\/T20P<\/span><\/td>\n<\/tr>\n<tr>\n<td class=\"xl65\" height=\"20\"><span style=\"font-family: tim;\">1151<\/span><\/td>\n<td><span style=\"font-family: tim;\">T16\/T16P\/T20\/T20P<\/span><\/td>\n<\/tr>\n<tr>\n<td class=\"xl65\" height=\"20\"><span style=\"font-family: tim;\">1152<\/span><\/td>\n<td><span style=\"font-family: tim;\">T16\/T18\/T20\/T16L<\/span><\/td>\n<\/tr>\n<tr>\n<td class=\"xl65\" height=\"20\"><span style=\"font-family: tim;\">1152<\/span><\/td>\n<td><span style=\"font-family: tim;\">T16\/T18\/T20\/T16L<\/span><\/td>\n<\/tr>\n<\/tbody>\n<\/table>\n<p>&nbsp;<\/p>\n<p><span style=\"font-family: tim;\">EXU 0153\/0154\/0155\/0157<\/span><\/p>\n<p><span style=\"font-family: tim;\">EXU-H AC<\/span><\/p>","protected":false},"excerpt":{"rendered":"<p data-start=\"0\" data-end=\"795\"><br data-start=\"3165\" data-end=\"3168\" \/>La Roue d\u2019\u00e9quilibrage 125\u00d740\/45-15 Wicke est une roue de haute qualit\u00e9 et durable sp\u00e9cialement con\u00e7ue pour les chariots \u00e9l\u00e9vateurs et gerbeurs Wicke. Son corps m\u00e9tallique solide et son rev\u00eatement r\u00e9sistant \u00e0 l\u2019usure assurent un parfait contr\u00f4le de la stabilit\u00e9 et des performances durables dans des conditions de travail difficiles. Am\u00e9liore la stabilit\u00e9 de la machine lors de la manutention et des man\u0153uvres, offrant un fonctionnement s\u00fbr et efficace. Id\u00e9ale pour les zones \u00e9troites et les op\u00e9rations intensives.<br data-start=\"3681\" data-end=\"3684\" \/><strong data-start=\"3684\" data-end=\"3706\">Caract\u00e9ristiques :<\/strong><br data-start=\"3706\" data-end=\"3709\" \/><strong data-start=\"3709\" data-end=\"3729\">Nom du produit :<\/strong> Roue d\u2019\u00e9quilibrage 125\u00d740\/45-15 Wicke<br data-start=\"3767\" data-end=\"3770\" \/><strong data-start=\"3770\" data-end=\"3786\">Code pi\u00e8ce :<\/strong> 00039903563<br data-start=\"3798\" data-end=\"3801\" \/><strong data-start=\"3801\" data-end=\"3815\">Mat\u00e9riau :<\/strong> Alliage m\u00e9tallique haute r\u00e9sistance<br data-start=\"3851\" data-end=\"3854\" \/><strong data-start=\"3854\" data-end=\"3881\">Domaine d\u2019utilisation :<\/strong> Chariots \u00e9l\u00e9vateurs et gerbeurs Wicke<br data-start=\"3919\" data-end=\"3922\" \/><strong data-start=\"3922\" data-end=\"3936\">Avantage :<\/strong> Grande durabilit\u00e9, longue dur\u00e9e de vie, r\u00e9sistance aux chocs, fonctionnement s\u00fbr et stable<\/p>\n<p data-start=\"4031\" data-end=\"4872\">\n","protected":false},"featured_media":15089,"template":"","meta":[],"product_brand":[],"product_cat":[403,185],"product_tag":[],"class_list":{"0":"post-10486","1":"product","2":"type-product","3":"status-publish","4":"has-post-thumbnail","6":"product_cat-denge-tekeri-wicke","7":"product_cat-denge-tekeri","9":"first","10":"instock","11":"taxable","12":"shipping-taxable","13":"purchasable","14":"product-type-simple"},"_links":{"self":[{"href":"https:\/\/ceoparts.com\/fr\/wp-json\/wp\/v2\/product\/10486","targetHints":{"allow":["GET"]}}],"collection":[{"href":"https:\/\/ceoparts.com\/fr\/wp-json\/wp\/v2\/product"}],"about":[{"href":"https:\/\/ceoparts.com\/fr\/wp-json\/wp\/v2\/types\/product"}],"wp:featuredmedia":[{"embeddable":true,"href":"https:\/\/ceoparts.com\/fr\/wp-json\/wp\/v2\/media\/15089"}],"wp:attachment":[{"href":"https:\/\/ceoparts.com\/fr\/wp-json\/wp\/v2\/media?parent=10486"}],"wp:term":[{"taxonomy":"product_brand","embeddable":true,"href":"https:\/\/ceoparts.com\/fr\/wp-json\/wp\/v2\/product_brand?post=10486"},{"taxonomy":"product_cat","embeddable":true,"href":"https:\/\/ceoparts.com\/fr\/wp-json\/wp\/v2\/product_cat?post=10486"},{"taxonomy":"product_tag","embeddable":true,"href":"https:\/\/ceoparts.com\/fr\/wp-json\/wp\/v2\/product_tag?post=10486"}],"curies":[{"name":"wp","href":"https:\/\/api.w.org\/{rel}","templated":true}]}}