{"id":10501,"date":"2024-09-17T16:10:32","date_gmt":"2024-09-17T13:10:32","guid":{"rendered":"https:\/\/ceoparts.com\/?post_type=product&#038;p=10501"},"modified":"2026-05-16T15:03:02","modified_gmt":"2026-05-16T12:03:02","slug":"125x50-54-20-tellure-rota-denge-tekeri","status":"publish","type":"product","link":"https:\/\/ceoparts.com\/fr\/urun\/125x50-54-20-tellure-rota-denge-tekeri\/","title":{"rendered":"125&#215;50\/54-20 Tellure Rota Roues D&#8217;\u00e9quilibre &#8211; 156259"},"content":{"rendered":"<p>125&#215;50\/54-20 Tellure Rota Roues D&#8217;\u00e9quilibre &#8211; 156259<\/p>\n<p>MO 15<\/p>\n<p>PPO 1500MX<\/p>\n<p>MPH 16<br \/>\nMPL 10<br \/>\nMPL 12<br \/>\nMPL 12 F<br \/>\nMPL 16D<\/p>\n<p>PPH 1600 MX<\/p>\n<p>PPS 1000 MX<br \/>\nPPS 1200 MX<br \/>\nPPS 1200MXF<br \/>\nPPS 1600 MXD<\/p>\n<p>S12 F<br \/>\nS16 D<\/p>\n<p>SWE 080 L<br \/>\nSWE100 STAXIO<br \/>\nSWE 120 IKEA<br \/>\nSWE 120 STAXIO<br \/>\nSWE 120 L<br \/>\nSWE 120 LIKEA<br \/>\nSWE 140 STAXIO<br \/>\nSWE 140 L STAXIO<br \/>\nSWE 160 D IKEA<br \/>\nSWE 160D<br \/>\nSWE 200 D IKEA<br \/>\nSWE 200 D<\/p>\n<p>LWE 140 LEVIO<br \/>\nLWE 160LEVIO<br \/>\nLWE 180<br \/>\nLWE 180 LEVIO<br \/>\nLWE 200<br \/>\nLWE 200 N<br \/>\nLWE 250LEVIO<\/p>\n<p>MP 14 C<br \/>\nMP 14<br \/>\nMP 16<br \/>\nMP 20<br \/>\nMP 20L<\/p>\n<p>PPL 2000 MX<\/p>\n<p>PPT 1400 C<br \/>\nPPT 1400 MX<br \/>\nPPT 1400MXC<br \/>\nPPT 1600 MX<br \/>\nPPT 1800 MMD<br \/>\nPPT 2000 MX<br \/>\nPPT 2000MMD<\/p>\n<p>W18 ORION<br \/>\nW20 ORION<br \/>\nW20 N<\/p>","protected":false},"excerpt":{"rendered":"<p data-start=\"0\" data-end=\"847\"><br data-start=\"3373\" data-end=\"3376\" \/>La Roue d\u2019\u00e9quilibrage 125\u00d750\/54-20 Tellure Rota est une roue d\u2019\u00e9quilibrage de haute qualit\u00e9 et durable con\u00e7ue pour les chariots \u00e9l\u00e9vateurs et gerbeurs Tellure Rota. Son corps en m\u00e9tal robuste et son rev\u00eatement r\u00e9sistant \u00e0 l\u2019usure assurent un parfait contr\u00f4le de la stabilit\u00e9 et une utilisation durable sans probl\u00e8me. Gr\u00e2ce \u00e0 sa capacit\u00e9 de charge \u00e9lev\u00e9e et \u00e0 sa structure amortissante, elle garantit la stabilit\u00e9 pendant la manutention de charges lourdes et offre un fonctionnement s\u00fbr et silencieux. Une pi\u00e8ce de rechange id\u00e9ale pour les chariots Tellure Rota.<br data-start=\"3937\" data-end=\"3940\" \/><strong data-start=\"3940\" data-end=\"3962\">Caract\u00e9ristiques :<\/strong><br data-start=\"3962\" data-end=\"3965\" \/><strong data-start=\"3965\" data-end=\"3985\">Nom du produit :<\/strong> Roue d\u2019\u00e9quilibrage 125\u00d750\/54-20 Tellure Rota<br data-start=\"4030\" data-end=\"4033\" \/><strong data-start=\"4033\" data-end=\"4049\">Code pi\u00e8ce :<\/strong> 156259<br data-start=\"4056\" data-end=\"4059\" \/><strong data-start=\"4059\" data-end=\"4073\">Mat\u00e9riau :<\/strong> Alliage m\u00e9tallique haute r\u00e9sistance<br data-start=\"4109\" data-end=\"4112\" \/><strong data-start=\"4112\" data-end=\"4139\">Domaine d\u2019utilisation :<\/strong> Chariots \u00e9l\u00e9vateurs et gerbeurs Tellure Rota<br data-start=\"4184\" data-end=\"4187\" \/><strong data-start=\"4187\" data-end=\"4201\">Avantage :<\/strong> Grande capacit\u00e9 de charge, absorption des chocs, longue dur\u00e9e de vie, fonctionnement silencieux et s\u00e9curis\u00e9<\/p>\n<p data-start=\"4313\" data-end=\"5211\">\n","protected":false},"featured_media":12046,"template":"","meta":[],"product_brand":[],"product_cat":[412,413,185],"product_tag":[],"class_list":{"0":"post-10501","1":"product","2":"type-product","3":"status-publish","4":"has-post-thumbnail","6":"product_cat-tellure-rota","7":"product_cat-tellure-rota-denge-tekeri","8":"product_cat-denge-tekeri","10":"first","11":"instock","12":"taxable","13":"shipping-taxable","14":"purchasable","15":"product-type-simple"},"_links":{"self":[{"href":"https:\/\/ceoparts.com\/fr\/wp-json\/wp\/v2\/product\/10501","targetHints":{"allow":["GET"]}}],"collection":[{"href":"https:\/\/ceoparts.com\/fr\/wp-json\/wp\/v2\/product"}],"about":[{"href":"https:\/\/ceoparts.com\/fr\/wp-json\/wp\/v2\/types\/product"}],"wp:featuredmedia":[{"embeddable":true,"href":"https:\/\/ceoparts.com\/fr\/wp-json\/wp\/v2\/media\/12046"}],"wp:attachment":[{"href":"https:\/\/ceoparts.com\/fr\/wp-json\/wp\/v2\/media?parent=10501"}],"wp:term":[{"taxonomy":"product_brand","embeddable":true,"href":"https:\/\/ceoparts.com\/fr\/wp-json\/wp\/v2\/product_brand?post=10501"},{"taxonomy":"product_cat","embeddable":true,"href":"https:\/\/ceoparts.com\/fr\/wp-json\/wp\/v2\/product_cat?post=10501"},{"taxonomy":"product_tag","embeddable":true,"href":"https:\/\/ceoparts.com\/fr\/wp-json\/wp\/v2\/product_tag?post=10501"}],"curies":[{"name":"wp","href":"https:\/\/api.w.org\/{rel}","templated":true}]}}