{"id":10534,"date":"2024-09-18T10:31:00","date_gmt":"2024-09-18T07:31:00","guid":{"rendered":"https:\/\/ceoparts.com\/?post_type=product&#038;p=10534"},"modified":"2026-05-16T11:45:42","modified_gmt":"2026-05-16T08:45:42","slug":"150x35-12-stellana-vulkollan-denge-tekeri","status":"publish","type":"product","link":"https:\/\/ceoparts.com\/fr\/urun\/150x35-12-stellana-vulkollan-denge-tekeri\/","title":{"rendered":"150&#215;40\/55-13 Stellana Vulkollan Roues D&#8217;\u00e9quilibre &#8211; 247504"},"content":{"rendered":"<p>150&#215;40\/55-13 Stellana Vulkollan Roues D&#8217;\u00e9quilibre &#8211; 247504<\/p>\n<p>BT 247504, 7553008<\/p>\n<p>LSE200<\/p>\n<p>SSE135, 135L<\/p>\n<p>SSE160, 160D, 160L<\/p>","protected":false},"excerpt":{"rendered":"<p data-start=\"0\" data-end=\"859\"><br data-start=\"3571\" data-end=\"3574\" \/>La Roue d\u2019\u00e9quilibrage 150\u00d740\/55-13 Stellana Vulkollan est une roue de haute qualit\u00e9 sp\u00e9cialement fabriqu\u00e9e pour les chariots \u00e9l\u00e9vateurs et gerbeurs Stellana. Gr\u00e2ce \u00e0 son rev\u00eatement en Vulkollan, elle offre une excellente r\u00e9sistance \u00e0 l\u2019usure et une absorption des chocs sup\u00e9rieure. Elle assure la stabilit\u00e9 du chariot \u00e9l\u00e9vateur en garantissant un d\u00e9placement s\u00fbr, confortable et stable. Particuli\u00e8rement id\u00e9ale pour les op\u00e9rations lourdes et les espaces de man\u0153uvre \u00e9troits gr\u00e2ce \u00e0 sa longue dur\u00e9e de vie et son fonctionnement silencieux. Une pi\u00e8ce de rechange parfaite pour les chariots Stellana.<br data-start=\"4171\" data-end=\"4174\" \/><strong data-start=\"4174\" data-end=\"4196\">Caract\u00e9ristiques :<\/strong><br data-start=\"4196\" data-end=\"4199\" \/><strong data-start=\"4199\" data-end=\"4219\">Nom du produit :<\/strong> Roue d\u2019\u00e9quilibrage 150\u00d740\/55-13 Stellana Vulkollan<br data-start=\"4270\" data-end=\"4273\" \/><strong data-start=\"4273\" data-end=\"4289\">Code pi\u00e8ce :<\/strong> 247504<br data-start=\"4296\" data-end=\"4299\" \/><strong data-start=\"4299\" data-end=\"4313\">Mat\u00e9riau :<\/strong> Rev\u00eatement Vulkollan + alliage m\u00e9tallique haute r\u00e9sistance<br data-start=\"4372\" data-end=\"4375\" \/><strong data-start=\"4375\" data-end=\"4402\">Domaine d\u2019utilisation :<\/strong> Chariots \u00e9l\u00e9vateurs et gerbeurs Stellana<br data-start=\"4443\" data-end=\"4446\" \/><strong data-start=\"4446\" data-end=\"4460\">Avantage :<\/strong> Haute r\u00e9sistance \u00e0 l\u2019usure, absorption des chocs, longue dur\u00e9e de vie, fonctionnement silencieux, grande capacit\u00e9 de charge<\/p>\n<p data-start=\"4588\" data-end=\"5529\">\n","protected":false},"featured_media":16435,"template":"","meta":[],"product_brand":[],"product_cat":[251,252,417,185],"product_tag":[],"class_list":{"0":"post-10534","1":"product","2":"type-product","3":"status-publish","4":"has-post-thumbnail","6":"product_cat-bt","7":"product_cat-denge-tekeri-bt","8":"product_cat-denge-tekeri-stellana","9":"product_cat-denge-tekeri","11":"first","12":"instock","13":"taxable","14":"shipping-taxable","15":"purchasable","16":"product-type-simple"},"_links":{"self":[{"href":"https:\/\/ceoparts.com\/fr\/wp-json\/wp\/v2\/product\/10534","targetHints":{"allow":["GET"]}}],"collection":[{"href":"https:\/\/ceoparts.com\/fr\/wp-json\/wp\/v2\/product"}],"about":[{"href":"https:\/\/ceoparts.com\/fr\/wp-json\/wp\/v2\/types\/product"}],"wp:featuredmedia":[{"embeddable":true,"href":"https:\/\/ceoparts.com\/fr\/wp-json\/wp\/v2\/media\/16435"}],"wp:attachment":[{"href":"https:\/\/ceoparts.com\/fr\/wp-json\/wp\/v2\/media?parent=10534"}],"wp:term":[{"taxonomy":"product_brand","embeddable":true,"href":"https:\/\/ceoparts.com\/fr\/wp-json\/wp\/v2\/product_brand?post=10534"},{"taxonomy":"product_cat","embeddable":true,"href":"https:\/\/ceoparts.com\/fr\/wp-json\/wp\/v2\/product_cat?post=10534"},{"taxonomy":"product_tag","embeddable":true,"href":"https:\/\/ceoparts.com\/fr\/wp-json\/wp\/v2\/product_tag?post=10534"}],"curies":[{"name":"wp","href":"https:\/\/api.w.org\/{rel}","templated":true}]}}