{"id":10548,"date":"2024-09-18T11:11:26","date_gmt":"2024-09-18T08:11:26","guid":{"rendered":"https:\/\/ceoparts.com\/?post_type=product&#038;p=10548"},"modified":"2026-05-16T09:34:59","modified_gmt":"2026-05-16T06:34:59","slug":"150x48-65-12-wicke-denge-tekeri","status":"publish","type":"product","link":"https:\/\/ceoparts.com\/fr\/urun\/150x48-65-12-wicke-denge-tekeri\/","title":{"rendered":"150&#215;48\/65-12 Wicke Roues D&#8217;\u00e9quilibre &#8211; 0039903515"},"content":{"rendered":"<p>150&#215;48\/65-12 Wicke Roues D&#8217;\u00e9quilibre &#8211; 0039903515<\/p>\n<p>0039903515, 0039903514, 0039903577<\/p>\n<p>50\u00d748\/60\/65-12\u00a0 Linde 0039903515<\/p>\n<p>372\u00a0L14\/16<br \/>\n372\u00a0L14\/16\/L14AP\/16AP<br \/>\n379\u00a0L10\/12-L10\/12AS<\/p>","protected":false},"excerpt":{"rendered":"<p data-start=\"0\" data-end=\"676\"><br data-start=\"2749\" data-end=\"2752\" \/>La Roue d\u2019\u00e9quilibrage 150\u00d748\/65-12 Wicke est une roue durable et performante fabriqu\u00e9e pour les chariots \u00e9l\u00e9vateurs et gerbeurs Wicke. Fabriqu\u00e9e \u00e0 partir de mat\u00e9riaux de haute qualit\u00e9, elle assure la stabilit\u00e9 de la machine et un d\u00e9placement s\u00fbr et stable. Sa construction robuste garantit une longue dur\u00e9e de vie m\u00eame dans des conditions de travail difficiles. Une pi\u00e8ce de rechange id\u00e9ale pour les chariots Wicke.<br data-start=\"3167\" data-end=\"3170\" \/><strong data-start=\"3170\" data-end=\"3192\">Caract\u00e9ristiques :<\/strong><br data-start=\"3192\" data-end=\"3195\" \/><strong data-start=\"3195\" data-end=\"3215\">Nom du produit :<\/strong> Roue d\u2019\u00e9quilibrage 150\u00d748\/65-12 Wicke<br data-start=\"3253\" data-end=\"3256\" \/><strong data-start=\"3256\" data-end=\"3272\">Code pi\u00e8ce :<\/strong> 0039903515<br data-start=\"3283\" data-end=\"3286\" \/><strong data-start=\"3286\" data-end=\"3300\">Mat\u00e9riau :<\/strong> Alliage m\u00e9tallique haute r\u00e9sistance<br data-start=\"3336\" data-end=\"3339\" \/><strong data-start=\"3339\" data-end=\"3366\">Domaine d\u2019utilisation :<\/strong> Chariots \u00e9l\u00e9vateurs et gerbeurs Wicke<br data-start=\"3404\" data-end=\"3407\" \/><strong data-start=\"3407\" data-end=\"3421\">Avantage :<\/strong> Longue dur\u00e9e de vie, haute durabilit\u00e9, stabilit\u00e9, r\u00e9sistance aux chocs<\/p>\n<p data-start=\"3496\" data-end=\"4213\">\n","protected":false},"featured_media":16439,"template":"","meta":[],"product_brand":[],"product_cat":[246,247,403,185],"product_tag":[],"class_list":{"0":"post-10548","1":"product","2":"type-product","3":"status-publish","4":"has-post-thumbnail","6":"product_cat-linde","7":"product_cat-denge-tekeri-linde","8":"product_cat-denge-tekeri-wicke","9":"product_cat-denge-tekeri","11":"first","12":"instock","13":"taxable","14":"shipping-taxable","15":"purchasable","16":"product-type-simple"},"_links":{"self":[{"href":"https:\/\/ceoparts.com\/fr\/wp-json\/wp\/v2\/product\/10548","targetHints":{"allow":["GET"]}}],"collection":[{"href":"https:\/\/ceoparts.com\/fr\/wp-json\/wp\/v2\/product"}],"about":[{"href":"https:\/\/ceoparts.com\/fr\/wp-json\/wp\/v2\/types\/product"}],"wp:featuredmedia":[{"embeddable":true,"href":"https:\/\/ceoparts.com\/fr\/wp-json\/wp\/v2\/media\/16439"}],"wp:attachment":[{"href":"https:\/\/ceoparts.com\/fr\/wp-json\/wp\/v2\/media?parent=10548"}],"wp:term":[{"taxonomy":"product_brand","embeddable":true,"href":"https:\/\/ceoparts.com\/fr\/wp-json\/wp\/v2\/product_brand?post=10548"},{"taxonomy":"product_cat","embeddable":true,"href":"https:\/\/ceoparts.com\/fr\/wp-json\/wp\/v2\/product_cat?post=10548"},{"taxonomy":"product_tag","embeddable":true,"href":"https:\/\/ceoparts.com\/fr\/wp-json\/wp\/v2\/product_tag?post=10548"}],"curies":[{"name":"wp","href":"https:\/\/api.w.org\/{rel}","templated":true}]}}