{"id":10556,"date":"2024-09-18T11:39:10","date_gmt":"2024-09-18T08:39:10","guid":{"rendered":"https:\/\/ceoparts.com\/?post_type=product&#038;p=10556"},"modified":"2026-05-16T09:34:40","modified_gmt":"2026-05-16T06:34:40","slug":"150x50-50-45-wicke-denge-tekeri","status":"publish","type":"product","link":"https:\/\/ceoparts.com\/fr\/urun\/150x50-50-45-wicke-denge-tekeri\/","title":{"rendered":"150&#215;50\/54-45 Wicke Roues D&#8217;\u00e9quilibre"},"content":{"rendered":"<p>150&#215;50\/54-45 Wicke Roues D&#8217;\u00e9quilibre<\/p>","protected":false},"excerpt":{"rendered":"<p data-start=\"0\" data-end=\"733\"><br data-start=\"2912\" data-end=\"2915\" \/>La Roue d\u2019\u00e9quilibrage guide 150\u00d750\/54-45 Wicke est une roue guide et d\u2019\u00e9quilibrage de haute qualit\u00e9 sp\u00e9cialement con\u00e7ue pour les chariots \u00e9l\u00e9vateurs et gerbeurs Wicke. Fabriqu\u00e9e \u00e0 partir de mat\u00e9riaux durables, elle assure une direction pr\u00e9cise et la stabilit\u00e9 de la machine. Avec une haute r\u00e9sistance \u00e0 l\u2019usure et aux chocs, elle offre une longue dur\u00e9e de vie m\u00eame dans des conditions de travail difficiles. Une pi\u00e8ce de rechange fiable pour les op\u00e9rateurs de chariots \u00e9l\u00e9vateurs.<br data-start=\"3395\" data-end=\"3398\" \/><strong data-start=\"3398\" data-end=\"3420\">Caract\u00e9ristiques :<\/strong><br data-start=\"3420\" data-end=\"3423\" \/><strong data-start=\"3423\" data-end=\"3443\">Nom du produit :<\/strong> Roue d\u2019\u00e9quilibrage guide 150\u00d750\/54-45 Wicke<br data-start=\"3487\" data-end=\"3490\" \/><strong data-start=\"3490\" data-end=\"3506\">Code pi\u00e8ce :<\/strong> &#8211;<br data-start=\"3508\" data-end=\"3511\" \/><strong data-start=\"3511\" data-end=\"3525\">Mat\u00e9riau :<\/strong> Alliage m\u00e9tallique haute r\u00e9sistance<br data-start=\"3561\" data-end=\"3564\" \/><strong data-start=\"3564\" data-end=\"3591\">Domaine d\u2019utilisation :<\/strong> Chariots \u00e9l\u00e9vateurs et gerbeurs Wicke<br data-start=\"3629\" data-end=\"3632\" \/><strong data-start=\"3632\" data-end=\"3646\">Avantage :<\/strong> Direction pr\u00e9cise, haute durabilit\u00e9, longue dur\u00e9e de vie, r\u00e9sistance aux chocs<\/p>\n<p data-start=\"3729\" data-end=\"4494\">\n","protected":false},"featured_media":16447,"template":"","meta":[],"product_brand":[],"product_cat":[403,185],"product_tag":[],"class_list":{"0":"post-10556","1":"product","2":"type-product","3":"status-publish","4":"has-post-thumbnail","6":"product_cat-denge-tekeri-wicke","7":"product_cat-denge-tekeri","9":"first","10":"instock","11":"taxable","12":"shipping-taxable","13":"purchasable","14":"product-type-simple"},"_links":{"self":[{"href":"https:\/\/ceoparts.com\/fr\/wp-json\/wp\/v2\/product\/10556","targetHints":{"allow":["GET"]}}],"collection":[{"href":"https:\/\/ceoparts.com\/fr\/wp-json\/wp\/v2\/product"}],"about":[{"href":"https:\/\/ceoparts.com\/fr\/wp-json\/wp\/v2\/types\/product"}],"wp:featuredmedia":[{"embeddable":true,"href":"https:\/\/ceoparts.com\/fr\/wp-json\/wp\/v2\/media\/16447"}],"wp:attachment":[{"href":"https:\/\/ceoparts.com\/fr\/wp-json\/wp\/v2\/media?parent=10556"}],"wp:term":[{"taxonomy":"product_brand","embeddable":true,"href":"https:\/\/ceoparts.com\/fr\/wp-json\/wp\/v2\/product_brand?post=10556"},{"taxonomy":"product_cat","embeddable":true,"href":"https:\/\/ceoparts.com\/fr\/wp-json\/wp\/v2\/product_cat?post=10556"},{"taxonomy":"product_tag","embeddable":true,"href":"https:\/\/ceoparts.com\/fr\/wp-json\/wp\/v2\/product_tag?post=10556"}],"curies":[{"name":"wp","href":"https:\/\/api.w.org\/{rel}","templated":true}]}}