{"id":10561,"date":"2024-09-18T14:25:07","date_gmt":"2024-09-18T11:25:07","guid":{"rendered":"https:\/\/ceoparts.com\/?post_type=product&#038;p=10561"},"modified":"2026-05-16T15:00:40","modified_gmt":"2026-05-16T12:00:40","slug":"150x54-60-20-tellure-rota-denge-tekeri","status":"publish","type":"product","link":"https:\/\/ceoparts.com\/fr\/urun\/150x54-60-20-tellure-rota-denge-tekeri\/","title":{"rendered":"150&#215;54\/60-20 Tellure Rota Roues D&#8217;\u00e9quilibre &#8211; 1694817"},"content":{"rendered":"<p>150&#215;54\/60-20 Tellure Rota Roues D&#8217;\u00e9quilibre &#8211; 1694817<\/p>\n<div class=\"font12\">Hyster C456 (S 1.6 AC)<\/div>\n<div class=\"font12\"><\/div>\n<div class=\"font12\">EJC 12,5 \/ 9.92 &#8211; 7.93<br \/>\nEJC 12 \/ 9.92 &#8211; 7.93<br \/>\nEJC-L 10 \/ 5.93 &#8211; 7.93<br \/>\nEJC-L 10 \/ 5.94 &#8211; 6.96<br \/>\nEJC-Z 12,5\/16 \/ 7.94 &#8211; 6.96<br \/>\nEJC 08\/10 \/ 12.84 &#8211; 8.86<br \/>\nEJC 16 \/ 10.88 &#8211; 10.92<br \/>\nEJC 16 \/ 11.92 &#8211; 7.93<br \/>\nEJC-Z 12,5 \/ 10.88 &#8211; 12.92<br \/>\nEJC-Z 12,5 \/ 1.93 &#8211; 7.93<br \/>\nEJC-Z 16 \/ 1.93 &#8211; 7.93<br \/>\nEJC-L 10 \/ 7.96 &#8211; 9.97<br \/>\nEJC 14\/16 \/ 6.98 &#8211; 2.06<\/div>\n<div class=\"font12\"><\/div>\n<div class=\"font12\">EJD 20-4 \/ 5.94 \u2013 10.94<br \/>\nEJD 20-4 \/ 10.94 &#8211; 3.95<br \/>\nEJD 20-4 \/ 4.95 \u2013 12.01<\/div>\n<div class=\"font12\"><\/div>\n<div class=\"font12\">EJE 16-4 \/ 1.00 &#8211;<br \/>\nEJE 16-4 \/ 8.96 &#8211; 12.99<\/div>\n<div class=\"font12\"><\/div>\n<div class=\"font12\">ERC 12,5 \/ 7.88 &#8211; 9.94<br \/>\nERC 12,5 \/ 8.85 &#8211; 3.87<br \/>\nERC 12,5 \/ 4.87 &#8211; 6.88<\/div>\n<div class=\"font12\"><\/div>\n<div class=\"font12\">ERE 20 \/ 1.92 &#8211; 4.94<br \/>\nERE 20 \/ 5.94 &#8211; 6.97<br \/>\nERE 20 \/ 11.83 &#8211; 8.84<br \/>\nEMC 110\/ 10<\/div>","protected":false},"excerpt":{"rendered":"<div>\n<p data-start=\"0\" data-end=\"712\"><br data-start=\"2868\" data-end=\"2871\" \/>La Roue d\u2019\u00e9quilibrage 150\u00d754\/60-20 Tellure Rota est une roue durable et de haute qualit\u00e9 fabriqu\u00e9e pour les chariots \u00e9l\u00e9vateurs et gerbeurs Tellure Rota. Fabriqu\u00e9e \u00e0 partir de mat\u00e9riaux performants, elle assure la stabilit\u00e9 de la machine et un d\u00e9placement s\u00fbr et stable. Sa conception robuste r\u00e9siste aux conditions de travail difficiles pour une utilisation durable. Une pi\u00e8ce de rechange id\u00e9ale pour les chariots Tellure Rota.<br data-start=\"3299\" data-end=\"3302\" \/><strong data-start=\"3302\" data-end=\"3324\">Caract\u00e9ristiques :<\/strong><br data-start=\"3324\" data-end=\"3327\" \/><strong data-start=\"3327\" data-end=\"3347\">Nom du produit :<\/strong> Roue d\u2019\u00e9quilibrage 150\u00d754\/60-20 Tellure Rota<br data-start=\"3392\" data-end=\"3395\" \/><strong data-start=\"3395\" data-end=\"3411\">Code pi\u00e8ce :<\/strong> 1694817<br data-start=\"3419\" data-end=\"3422\" \/><strong data-start=\"3422\" data-end=\"3436\">Mat\u00e9riau :<\/strong> Alliage m\u00e9tallique haute r\u00e9sistance<br data-start=\"3472\" data-end=\"3475\" \/><strong data-start=\"3475\" data-end=\"3502\">Domaine d\u2019utilisation :<\/strong> Chariots \u00e9l\u00e9vateurs et gerbeurs Tellure Rota<br data-start=\"3547\" data-end=\"3550\" \/><strong data-start=\"3550\" data-end=\"3564\">Avantage :<\/strong> Longue dur\u00e9e de vie, haute durabilit\u00e9, stabilit\u00e9, r\u00e9sistance aux chocs<\/p>\n<p data-start=\"3639\" data-end=\"4378\">\n","protected":false},"featured_media":16452,"template":"","meta":[],"product_brand":[],"product_cat":[258,412,413,256,185],"product_tag":[],"class_list":{"0":"post-10561","1":"product","2":"type-product","3":"status-publish","4":"has-post-thumbnail","6":"product_cat-denge-tekeri-hyster","7":"product_cat-tellure-rota","8":"product_cat-tellure-rota-denge-tekeri","9":"product_cat-hyster","10":"product_cat-denge-tekeri","12":"first","13":"instock","14":"taxable","15":"shipping-taxable","16":"purchasable","17":"product-type-simple"},"_links":{"self":[{"href":"https:\/\/ceoparts.com\/fr\/wp-json\/wp\/v2\/product\/10561","targetHints":{"allow":["GET"]}}],"collection":[{"href":"https:\/\/ceoparts.com\/fr\/wp-json\/wp\/v2\/product"}],"about":[{"href":"https:\/\/ceoparts.com\/fr\/wp-json\/wp\/v2\/types\/product"}],"wp:featuredmedia":[{"embeddable":true,"href":"https:\/\/ceoparts.com\/fr\/wp-json\/wp\/v2\/media\/16452"}],"wp:attachment":[{"href":"https:\/\/ceoparts.com\/fr\/wp-json\/wp\/v2\/media?parent=10561"}],"wp:term":[{"taxonomy":"product_brand","embeddable":true,"href":"https:\/\/ceoparts.com\/fr\/wp-json\/wp\/v2\/product_brand?post=10561"},{"taxonomy":"product_cat","embeddable":true,"href":"https:\/\/ceoparts.com\/fr\/wp-json\/wp\/v2\/product_cat?post=10561"},{"taxonomy":"product_tag","embeddable":true,"href":"https:\/\/ceoparts.com\/fr\/wp-json\/wp\/v2\/product_tag?post=10561"}],"curies":[{"name":"wp","href":"https:\/\/api.w.org\/{rel}","templated":true}]}}