{"id":10566,"date":"2024-09-18T14:36:36","date_gmt":"2024-09-18T11:36:36","guid":{"rendered":"https:\/\/ceoparts.com\/?post_type=product&#038;p=10566"},"modified":"2026-05-03T05:40:36","modified_gmt":"2026-05-03T02:40:36","slug":"150x54-60-20-wicke-denge-tekeri","status":"publish","type":"product","link":"https:\/\/ceoparts.com\/fr\/urun\/150x54-60-20-wicke-denge-tekeri\/","title":{"rendered":"150&#215;54\/60-20 Wicke Roues D&#8217;\u00e9quilibre &#8211; 1694817"},"content":{"rendered":"<p>150&#215;54\/60-20 Wicke Roues D&#8217;\u00e9quilibre &#8211; 1694817<\/p>\n<div class=\"font12\">Hyster C456 (S 1.6 AC)<\/div>\n<div class=\"font12\"><\/div>\n<div class=\"font12\">EJC 12,5 \/ 9.92 &#8211; 7.93<br \/>\nEJC 12 \/ 9.92 &#8211; 7.93<br \/>\nEJC-L 10 \/ 5.93 &#8211; 7.93<br \/>\nEJC-L 10 \/ 5.94 &#8211; 6.96<br \/>\nEJC-Z 12,5\/16 \/ 7.94 &#8211; 6.96<br \/>\nEJC 08\/10 \/ 12.84 &#8211; 8.86<br \/>\nEJC 16 \/ 10.88 &#8211; 10.92<br \/>\nEJC 16 \/ 11.92 &#8211; 7.93<br \/>\nEJC-Z 12,5 \/ 10.88 &#8211; 12.92<br \/>\nEJC-Z 12,5 \/ 1.93 &#8211; 7.93<br \/>\nEJC-Z 16 \/ 1.93 &#8211; 7.93<br \/>\nEJC-L 10 \/ 7.96 &#8211; 9.97<br \/>\nEJC 14\/16 \/ 6.98 &#8211; 2.06<\/div>\n<div class=\"font12\"><\/div>\n<div class=\"font12\">EJD 20-4 \/ 5.94 \u2013 10.94<br \/>\nEJD 20-4 \/ 10.94 &#8211; 3.95<br \/>\nEJD 20-4 \/ 4.95 \u2013 12.01<\/div>\n<div class=\"font12\"><\/div>\n<div class=\"font12\">EJE 16-4 \/ 1.00 &#8211;<br \/>\nEJE 16-4 \/ 8.96 &#8211; 12.99<\/div>\n<div class=\"font12\"><\/div>\n<div class=\"font12\">ERC 12,5 \/ 7.88 &#8211; 9.94<br \/>\nERC 12,5 \/ 8.85 &#8211; 3.87<br \/>\nERC 12,5 \/ 4.87 &#8211; 6.88<\/div>\n<div class=\"font12\"><\/div>\n<div class=\"font12\">ERE 20 \/ 1.92 &#8211; 4.94<br \/>\nERE 20 \/ 5.94 &#8211; 6.97<br \/>\nERE 20 \/ 11.83 &#8211; 8.84<br \/>\nEMC 110\/ 10<\/div>","protected":false},"excerpt":{"rendered":"<div>\n<p data-start=\"0\" data-end=\"678\"><br data-start=\"2747\" data-end=\"2750\" \/>La Roue d\u2019\u00e9quilibrage 150\u00d754\/60-20 Wicke est une roue durable et fiable con\u00e7ue pour les chariots \u00e9l\u00e9vateurs et gerbeurs Wicke. Fabriqu\u00e9e \u00e0 partir de mat\u00e9riaux de haute qualit\u00e9, elle assure la stabilit\u00e9 de la machine et un d\u00e9placement s\u00fbr et stable. Elle offre une longue dur\u00e9e de vie dans des environnements de travail difficiles et r\u00e9siste aux chocs et \u00e0 l\u2019usure. Une pi\u00e8ce de rechange id\u00e9ale pour les chariots Wicke.<br data-start=\"3168\" data-end=\"3171\" \/><strong data-start=\"3171\" data-end=\"3193\">Caract\u00e9ristiques :<\/strong><br data-start=\"3193\" data-end=\"3196\" \/><strong data-start=\"3196\" data-end=\"3216\">Nom du produit :<\/strong> Roue d\u2019\u00e9quilibrage 150\u00d754\/60-20 Wicke<br data-start=\"3254\" data-end=\"3257\" \/><strong data-start=\"3257\" data-end=\"3273\">Code pi\u00e8ce :<\/strong> 1694817<br data-start=\"3281\" data-end=\"3284\" \/><strong data-start=\"3284\" data-end=\"3298\">Mat\u00e9riau :<\/strong> Alliage m\u00e9tallique haute r\u00e9sistance<br data-start=\"3334\" data-end=\"3337\" \/><strong data-start=\"3337\" data-end=\"3364\">Domaine d\u2019utilisation :<\/strong> Chariots \u00e9l\u00e9vateurs et gerbeurs Wicke<br data-start=\"3402\" data-end=\"3405\" \/><strong data-start=\"3405\" data-end=\"3419\">Avantage :<\/strong> Longue dur\u00e9e de vie, haute durabilit\u00e9, stabilit\u00e9, r\u00e9sistance aux chocs<\/p>\n<p data-start=\"3494\" data-end=\"4201\">\n","protected":false},"featured_media":16456,"template":"","meta":[],"product_brand":[],"product_cat":[256,258,403,185],"product_tag":[],"class_list":{"0":"post-10566","1":"product","2":"type-product","3":"status-publish","4":"has-post-thumbnail","6":"product_cat-hyster","7":"product_cat-denge-tekeri-hyster","8":"product_cat-denge-tekeri-wicke","9":"product_cat-denge-tekeri","11":"first","12":"instock","13":"taxable","14":"shipping-taxable","15":"purchasable","16":"product-type-simple"},"_links":{"self":[{"href":"https:\/\/ceoparts.com\/fr\/wp-json\/wp\/v2\/product\/10566","targetHints":{"allow":["GET"]}}],"collection":[{"href":"https:\/\/ceoparts.com\/fr\/wp-json\/wp\/v2\/product"}],"about":[{"href":"https:\/\/ceoparts.com\/fr\/wp-json\/wp\/v2\/types\/product"}],"wp:featuredmedia":[{"embeddable":true,"href":"https:\/\/ceoparts.com\/fr\/wp-json\/wp\/v2\/media\/16456"}],"wp:attachment":[{"href":"https:\/\/ceoparts.com\/fr\/wp-json\/wp\/v2\/media?parent=10566"}],"wp:term":[{"taxonomy":"product_brand","embeddable":true,"href":"https:\/\/ceoparts.com\/fr\/wp-json\/wp\/v2\/product_brand?post=10566"},{"taxonomy":"product_cat","embeddable":true,"href":"https:\/\/ceoparts.com\/fr\/wp-json\/wp\/v2\/product_cat?post=10566"},{"taxonomy":"product_tag","embeddable":true,"href":"https:\/\/ceoparts.com\/fr\/wp-json\/wp\/v2\/product_tag?post=10566"}],"curies":[{"name":"wp","href":"https:\/\/api.w.org\/{rel}","templated":true}]}}