{"id":10579,"date":"2024-09-18T17:09:21","date_gmt":"2024-09-18T14:09:21","guid":{"rendered":"https:\/\/ceoparts.com\/?post_type=product&#038;p=10579"},"modified":"2026-05-16T17:41:39","modified_gmt":"2026-05-16T14:41:39","slug":"150x40-35-stellana-klavuz-denge-tekeri-8428366","status":"publish","type":"product","link":"https:\/\/ceoparts.com\/fr\/urun\/150x40-35-stellana-klavuz-denge-tekeri-8428366\/","title":{"rendered":"156&#215;40\/30-35 Stellana Vulkollan Roues D&#8217;\u00e9quilibre &#8211; 8428366"},"content":{"rendered":"<p>156&#215;40\/30-35 Stellana Vulkollan Roues D&#8217;\u00e9quilibre &#8211; 8428366<\/p>","protected":false},"excerpt":{"rendered":"<article class=\"text-token-text-primary w-full\" dir=\"auto\" data-testid=\"conversation-turn-28\" data-scroll-anchor=\"true\">\n<div class=\"text-base my-auto mx-auto py-5 [--thread-content-margin:--spacing(4)] @[37rem]:[--thread-content-margin:--spacing(6)] @[72rem]:[--thread-content-margin:--spacing(16)] px-(--thread-content-margin)\">\n<div class=\"[--thread-content-max-width:32rem] @[34rem]:[--thread-content-max-width:40rem] @[64rem]:[--thread-content-max-width:48rem] mx-auto flex max-w-(--thread-content-max-width) flex-1 text-base gap-4 md:gap-5 lg:gap-6 group\/turn-messages focus-visible:outline-hidden\" tabindex=\"-1\">\n<div class=\"group\/conversation-turn relative flex w-full min-w-0 flex-col agent-turn\">\n<div class=\"relative flex-col gap-1 md:gap-3\">\n<div class=\"flex max-w-full flex-col grow\">\n<div class=\"min-h-8 text-message relative flex w-full flex-col items-end gap-2 text-start break-words whitespace-normal [.text-message+&amp;]:mt-5\" dir=\"auto\" data-message-author-role=\"assistant\" data-message-id=\"24348097-f948-45fe-b7bb-a1f8e0319e39\" data-message-model-slug=\"gpt-4-1-mini\">\n<div class=\"flex w-full flex-col gap-1 empty:hidden first:pt-[3px]\">\n<div class=\"markdown prose dark:prose-invert w-full break-words light\">\n<p data-start=\"0\" data-end=\"861\"><br data-start=\"3526\" data-end=\"3529\" \/>La Roue d\u2019\u00e9quilibrage guide 156\u00d740\/30-35 Stellana Vulkollan est une roue guide et d\u2019\u00e9quilibrage de haute qualit\u00e9 sp\u00e9cialement con\u00e7ue pour les chariots \u00e9l\u00e9vateurs et gerbeurs. Fabriqu\u00e9e \u00e0 partir d\u2019une combinaison de mat\u00e9riaux Stellana et Vulkollan, cette roue offre une excellente r\u00e9sistance \u00e0 l\u2019usure et une grande durabilit\u00e9. Elle assure la stabilit\u00e9 de la machine en offrant un d\u00e9placement stable et une direction pr\u00e9cise. Sa construction r\u00e9sistante aux chocs garantit une longue dur\u00e9e de vie m\u00eame dans des conditions de travail difficiles. Une pi\u00e8ce de rechange id\u00e9ale pour les op\u00e9rateurs de chariots \u00e9l\u00e9vateurs.<br data-start=\"4144\" data-end=\"4147\" \/><strong data-start=\"4147\" data-end=\"4169\">Caract\u00e9ristiques :<\/strong><br data-start=\"4169\" data-end=\"4172\" \/><strong data-start=\"4172\" data-end=\"4192\">Nom du produit :<\/strong> Roue d\u2019\u00e9quilibrage guide 156\u00d740\/30-35 Stellana Vulkollan<br data-start=\"4249\" data-end=\"4252\" \/><strong data-start=\"4252\" data-end=\"4268\">Code pi\u00e8ce :<\/strong> 8428366<br data-start=\"4276\" data-end=\"4279\" \/><strong data-start=\"4279\" data-end=\"4293\">Mat\u00e9riau :<\/strong> Stellana et Vulkollan, haute r\u00e9sistance \u00e0 l\u2019usure et durabilit\u00e9<br data-start=\"4357\" data-end=\"4360\" \/><strong data-start=\"4360\" data-end=\"4387\">Domaine d\u2019utilisation :<\/strong> Chariots \u00e9l\u00e9vateurs et gerbeurs<br data-start=\"4419\" data-end=\"4422\" \/><strong data-start=\"4422\" data-end=\"4436\">Avantage :<\/strong> Haute durabilit\u00e9, direction pr\u00e9cise, longue dur\u00e9e de vie, r\u00e9sistance aux chocs<\/p>\n<p data-start=\"4519\" data-end=\"5450\">\n","protected":false},"featured_media":16462,"template":"","meta":[],"product_brand":[],"product_cat":[416,417,185],"product_tag":[],"class_list":{"0":"post-10579","1":"product","2":"type-product","3":"status-publish","4":"has-post-thumbnail","6":"product_cat-stellana","7":"product_cat-denge-tekeri-stellana","8":"product_cat-denge-tekeri","10":"first","11":"instock","12":"taxable","13":"shipping-taxable","14":"purchasable","15":"product-type-simple"},"_links":{"self":[{"href":"https:\/\/ceoparts.com\/fr\/wp-json\/wp\/v2\/product\/10579","targetHints":{"allow":["GET"]}}],"collection":[{"href":"https:\/\/ceoparts.com\/fr\/wp-json\/wp\/v2\/product"}],"about":[{"href":"https:\/\/ceoparts.com\/fr\/wp-json\/wp\/v2\/types\/product"}],"wp:featuredmedia":[{"embeddable":true,"href":"https:\/\/ceoparts.com\/fr\/wp-json\/wp\/v2\/media\/16462"}],"wp:attachment":[{"href":"https:\/\/ceoparts.com\/fr\/wp-json\/wp\/v2\/media?parent=10579"}],"wp:term":[{"taxonomy":"product_brand","embeddable":true,"href":"https:\/\/ceoparts.com\/fr\/wp-json\/wp\/v2\/product_brand?post=10579"},{"taxonomy":"product_cat","embeddable":true,"href":"https:\/\/ceoparts.com\/fr\/wp-json\/wp\/v2\/product_cat?post=10579"},{"taxonomy":"product_tag","embeddable":true,"href":"https:\/\/ceoparts.com\/fr\/wp-json\/wp\/v2\/product_tag?post=10579"}],"curies":[{"name":"wp","href":"https:\/\/api.w.org\/{rel}","templated":true}]}}