{"id":10589,"date":"2024-09-19T09:49:25","date_gmt":"2024-09-19T06:49:25","guid":{"rendered":"https:\/\/ceoparts.com\/?post_type=product&#038;p=10589"},"modified":"2026-05-16T09:34:36","modified_gmt":"2026-05-16T06:34:36","slug":"180x65-25-stellana-denge-tekeri","status":"publish","type":"product","link":"https:\/\/ceoparts.com\/fr\/urun\/180x65-25-stellana-denge-tekeri\/","title":{"rendered":"180&#215;65\/75-25 Stellana Roues D&#8217;\u00e9quilibre &#8211; 51367028 ,27637400"},"content":{"rendered":"<p>180&#215;65\/75-25 Stellana Roues D&#8217;\u00e9quilibre &#8211; 51367028 ,27637400<\/p>\n<div class=\"font12\">Jungheinrich 27637400, 51056244, 50316136, 51367028<\/div>\n<div class=\"font12\"><\/div>\n<div class=\"font12\">ECE 20 \/ 3.93 &#8211; 8.97<\/div>\n<div class=\"font12\">ECC 10 \/ 5.94 &#8211; 3.98<br \/>\nECC 10 \/ 4.98 &#8211; 4.98<br \/>\nECC 10 AC \/ 2.03 &#8211; 3.04<br \/>\nECC SH 20 \/ 4.98 &#8211; 10.02<br \/>\nECC SH 20 AC \/ 11.02 &#8211; 3.04<\/div>\n<div class=\"font12\">ECE 20 \/ 3.93 &#8211; 8.97<br \/>\nECE 20 &#8211; TC \/ 7.99 &#8211; 3.03<br \/>\nECE 20 AC \/ 7.01 &#8211; 3.04<br \/>\nECE 20 AC XL \/ 6.02 &#8211; 3.04<br \/>\nECE 20 ASDA\/SAFEWAY \/ 3.00 &#8211; 9.02<br \/>\nECE 20 hebbare Standplattform \/ 9.97 &#8211; 12.02<br \/>\nECE 20 Serie\/Tesco -03.2000 \/ 4.98 &#8211; 2.00<br \/>\nECE 20 Tesco \/ 3.00 &#8211; 9.02<br \/>\nECE 220 HP AC \/ 4.04 &#8211; 11.07<br \/>\nECE 220 XL \/ 4.04 &#8211; 3.08<br \/>\nECE 220-ac \/ 4.04 &#8211; 4.07<br \/>\nECE 220\/225 \/ 12.06 &#8211; 7.09<br \/>\nECE 220\/225 \/ 8.09 &#8211;<br \/>\nECE 225 HP \/ 12.07 &#8211;<br \/>\nECE 225 XL \/ 12.07 &#8211; 12.08<br \/>\nECE 225 XL \/ 1.09 &#8211;<br \/>\nECE 310 \/ 4.04 &#8211; 12.07<br \/>\nECE 310 \/ 1.08 &#8211;<br \/>\nECE 320 \/ 4.04 &#8211; 12.07<br \/>\nECE 320 \/ 1.08 &#8211; 7.09<br \/>\nECE 320 \/ 8.09 &#8211;<\/div>\n<div class=\"font12\">EJE-L 16 \/ 8.93 &#8211; 1.96<\/div>\n<div class=\"font12\">EKC 12,5 \/ 16 \/ 2.95 &#8211; 12.99<br \/>\nEKC 12,5 \/ 16 \/ 1.00 &#8211; 4.04<br \/>\nEKC 20 \/ 5.04 &#8211; 12.04<br \/>\nEKC-Z \/ 5.04 &#8211; 12.04<br \/>\nEKC-Z 12,5 \/ 16 \/ 2.95 &#8211; 12.99<\/div>\n<div class=\"font12\">EKD 10-20 \/ 5.95 &#8211; 12.99<br \/>\nEKD 20 \/ 10.03 &#8211; 12.04<\/div>\n<div class=\"font12\">EKE 20 \/ 1.91 &#8211; 4.94<br \/>\nEKE 20 \/ 5.94 &#8211; 5.97<br \/>\nEKE 20 24V \/ 8.97 &#8211; 5.03<br \/>\nEKE 20 s \/ 8.03 &#8211; 12.04<\/div>\n<div class=\"font12\">ERC 12,5 \/ 7.88 &#8211; 9.94<br \/>\nESC 2 \/ 1.05 &#8211; 7.09<br \/>\nESC 214\/216Z \/ 8.09 &#8211;<br \/>\nESC 316\/316Z \/ 11.07 &#8211;<br \/>\nESC Z \/ 1.05 &#8211; 7.09<\/div>\n<div class=\"font12\">ESD 220 \/ 1.05 &#8211;<\/div>\n<div class=\"font12\">ESE 220 \/ 1.05 &#8211; 1.10<br \/>\nESE 320 \/ 1.05 &#8211; 1.10<\/div>","protected":false},"excerpt":{"rendered":"<p data-start=\"0\" data-end=\"739\"><br data-start=\"2956\" data-end=\"2959\" \/>La Roue d\u2019\u00e9quilibrage 180\u00d765\/75-25 Stellana est une roue de haute qualit\u00e9 fabriqu\u00e9e en mat\u00e9riau Stellana, con\u00e7ue pour les chariots \u00e9l\u00e9vateurs et gerbeurs. Sa haute r\u00e9sistance \u00e0 l\u2019usure et sa durabilit\u00e9 assurent la stabilit\u00e9 de la machine pour un d\u00e9placement s\u00fbr et stable. Sa construction r\u00e9sistante aux chocs garantit une longue dur\u00e9e de vie m\u00eame dans des conditions de travail difficiles. Une pi\u00e8ce de rechange id\u00e9ale pour les op\u00e9rateurs de chariots \u00e9l\u00e9vateurs.<br data-start=\"3422\" data-end=\"3425\" \/><strong data-start=\"3425\" data-end=\"3447\">Caract\u00e9ristiques :<\/strong><br data-start=\"3447\" data-end=\"3450\" \/><strong data-start=\"3450\" data-end=\"3470\">Nom du produit :<\/strong> Roue d\u2019\u00e9quilibrage 180\u00d765\/75-25 Stellana<br data-start=\"3511\" data-end=\"3514\" \/><strong data-start=\"3514\" data-end=\"3530\">Code pi\u00e8ce :<\/strong> 51367028, 27637400<br data-start=\"3549\" data-end=\"3552\" \/><strong data-start=\"3552\" data-end=\"3566\">Mat\u00e9riau :<\/strong> Stellana, haute r\u00e9sistance \u00e0 l\u2019usure et durabilit\u00e9<br data-start=\"3617\" data-end=\"3620\" \/><strong data-start=\"3620\" data-end=\"3647\">Domaine d\u2019utilisation :<\/strong> Chariots \u00e9l\u00e9vateurs et gerbeurs<br data-start=\"3679\" data-end=\"3682\" \/><strong data-start=\"3682\" data-end=\"3696\">Avantage :<\/strong> Haute durabilit\u00e9, excellente stabilit\u00e9, longue dur\u00e9e de vie, r\u00e9sistance aux chocs<\/p>\n<p data-start=\"3782\" data-end=\"4577\">\n","protected":false},"featured_media":16465,"template":"","meta":[],"product_brand":[],"product_cat":[236,237,417,185],"product_tag":[],"class_list":{"0":"post-10589","1":"product","2":"type-product","3":"status-publish","4":"has-post-thumbnail","6":"product_cat-jungheinrich","7":"product_cat-denge-tekeri-jungheinrich","8":"product_cat-denge-tekeri-stellana","9":"product_cat-denge-tekeri","11":"first","12":"instock","13":"taxable","14":"shipping-taxable","15":"purchasable","16":"product-type-simple"},"_links":{"self":[{"href":"https:\/\/ceoparts.com\/fr\/wp-json\/wp\/v2\/product\/10589","targetHints":{"allow":["GET"]}}],"collection":[{"href":"https:\/\/ceoparts.com\/fr\/wp-json\/wp\/v2\/product"}],"about":[{"href":"https:\/\/ceoparts.com\/fr\/wp-json\/wp\/v2\/types\/product"}],"wp:featuredmedia":[{"embeddable":true,"href":"https:\/\/ceoparts.com\/fr\/wp-json\/wp\/v2\/media\/16465"}],"wp:attachment":[{"href":"https:\/\/ceoparts.com\/fr\/wp-json\/wp\/v2\/media?parent=10589"}],"wp:term":[{"taxonomy":"product_brand","embeddable":true,"href":"https:\/\/ceoparts.com\/fr\/wp-json\/wp\/v2\/product_brand?post=10589"},{"taxonomy":"product_cat","embeddable":true,"href":"https:\/\/ceoparts.com\/fr\/wp-json\/wp\/v2\/product_cat?post=10589"},{"taxonomy":"product_tag","embeddable":true,"href":"https:\/\/ceoparts.com\/fr\/wp-json\/wp\/v2\/product_tag?post=10589"}],"curies":[{"name":"wp","href":"https:\/\/api.w.org\/{rel}","templated":true}]}}