{"id":10607,"date":"2024-09-19T16:00:09","date_gmt":"2024-09-19T13:00:09","guid":{"rendered":"https:\/\/ceoparts.com\/?post_type=product&#038;p=10607"},"modified":"2026-05-02T19:26:10","modified_gmt":"2026-05-02T16:26:10","slug":"125x60-64-20-linde-denge-tekeri","status":"publish","type":"product","link":"https:\/\/ceoparts.com\/fr\/urun\/125x60-64-20-linde-denge-tekeri\/","title":{"rendered":"125&#215;60\/62-20 Linde Stellana Roues D&#8217;\u00e9quilibre"},"content":{"rendered":"<p>125&#215;60\/62-20 Linde Stellana Roues D&#8217;\u00e9quilibre<\/p>\n<p>134 L 20 L\/LP<br \/>\n131 T20AP\/T20SP<br \/>\n131 T20AP\/T20SP<br \/>\n131 T20AP\/T20SP<br \/>\n132N20\/N24\/N20L\/N20LI<br \/>\n132 N20\/N24\/N20L\/N20LI<br \/>\n133L12\/L14-L12L\/L14L-L12LHP<br \/>\n141 T20AP<br \/>\n141 L12L\/L12LP<\/p>","protected":false},"excerpt":{"rendered":"<p data-start=\"0\" data-end=\"824\"><br data-start=\"3285\" data-end=\"3288\" \/>La Roue d\u2019\u00e9quilibrage 125\u00d760\/62-20 Linde Stellana est une roue de haute qualit\u00e9 fabriqu\u00e9e pour les chariots \u00e9l\u00e9vateurs et gerbeurs Linde. Fabriqu\u00e9e en mat\u00e9riau Stellana, elle offre une excellente r\u00e9sistance \u00e0 l\u2019usure et une grande capacit\u00e9 de charge pour une performance durable. Elle assure la stabilit\u00e9 de la machine pour un d\u00e9placement s\u00fbr et stable. Son design r\u00e9sistant aux chocs garantit une performance \u00e9lev\u00e9e m\u00eame dans des conditions de travail difficiles. Une pi\u00e8ce de rechange id\u00e9ale pour les utilisateurs de chariots Linde.<br data-start=\"3822\" data-end=\"3825\" \/><strong data-start=\"3825\" data-end=\"3847\">Caract\u00e9ristiques :<\/strong><br data-start=\"3847\" data-end=\"3850\" \/><strong data-start=\"3850\" data-end=\"3870\">Nom du produit :<\/strong> Roue d\u2019\u00e9quilibrage 125\u00d760\/62-20 Linde Stellana<br data-start=\"3917\" data-end=\"3920\" \/><strong data-start=\"3920\" data-end=\"3936\">Code pi\u00e8ce :<\/strong> 0009933803<br data-start=\"3947\" data-end=\"3950\" \/><strong data-start=\"3950\" data-end=\"3964\">Mat\u00e9riau :<\/strong> Stellana, haute r\u00e9sistance \u00e0 l\u2019usure et durabilit\u00e9<br data-start=\"4015\" data-end=\"4018\" \/><strong data-start=\"4018\" data-end=\"4045\">Domaine d\u2019utilisation :<\/strong> Chariots \u00e9l\u00e9vateurs et gerbeurs Linde<br data-start=\"4083\" data-end=\"4086\" \/><strong data-start=\"4086\" data-end=\"4100\">Avantage :<\/strong> Haute durabilit\u00e9, excellente stabilit\u00e9, longue dur\u00e9e de vie, r\u00e9sistance aux chocs<\/p>\n<p data-start=\"4186\" data-end=\"5037\">\n","protected":false},"featured_media":16418,"template":"","meta":[],"product_brand":[],"product_cat":[416,417,246,247,252,185],"product_tag":[],"class_list":{"0":"post-10607","1":"product","2":"type-product","3":"status-publish","4":"has-post-thumbnail","6":"product_cat-stellana","7":"product_cat-denge-tekeri-stellana","8":"product_cat-linde","9":"product_cat-denge-tekeri-linde","10":"product_cat-denge-tekeri-bt","11":"product_cat-denge-tekeri","13":"first","14":"instock","15":"taxable","16":"shipping-taxable","17":"purchasable","18":"product-type-simple"},"_links":{"self":[{"href":"https:\/\/ceoparts.com\/fr\/wp-json\/wp\/v2\/product\/10607","targetHints":{"allow":["GET"]}}],"collection":[{"href":"https:\/\/ceoparts.com\/fr\/wp-json\/wp\/v2\/product"}],"about":[{"href":"https:\/\/ceoparts.com\/fr\/wp-json\/wp\/v2\/types\/product"}],"wp:featuredmedia":[{"embeddable":true,"href":"https:\/\/ceoparts.com\/fr\/wp-json\/wp\/v2\/media\/16418"}],"wp:attachment":[{"href":"https:\/\/ceoparts.com\/fr\/wp-json\/wp\/v2\/media?parent=10607"}],"wp:term":[{"taxonomy":"product_brand","embeddable":true,"href":"https:\/\/ceoparts.com\/fr\/wp-json\/wp\/v2\/product_brand?post=10607"},{"taxonomy":"product_cat","embeddable":true,"href":"https:\/\/ceoparts.com\/fr\/wp-json\/wp\/v2\/product_cat?post=10607"},{"taxonomy":"product_tag","embeddable":true,"href":"https:\/\/ceoparts.com\/fr\/wp-json\/wp\/v2\/product_tag?post=10607"}],"curies":[{"name":"wp","href":"https:\/\/api.w.org\/{rel}","templated":true}]}}