{"id":10611,"date":"2024-09-19T16:15:15","date_gmt":"2024-09-19T13:15:15","guid":{"rendered":"https:\/\/ceoparts.com\/?post_type=product&#038;p=10611"},"modified":"2026-05-02T19:04:46","modified_gmt":"2026-05-02T16:04:46","slug":"125x60-62-20-stellana-vulkollan-denge-tekeri","status":"publish","type":"product","link":"https:\/\/ceoparts.com\/fr\/urun\/125x60-62-20-stellana-vulkollan-denge-tekeri\/","title":{"rendered":"125&#215;60\/62-20 Wicke Roues D&#8217;\u00e9quilibre &#8211; 0009933803"},"content":{"rendered":"<p>125&#215;60\/62-20 Wicke Roues D&#8217;\u00e9quilibre &#8211; 0009933803<\/p>\n<p>134 L 20 L\/LP<br \/>\n131 T20AP\/T20SP<br \/>\n131 T20AP\/T20SP<br \/>\n131 T20AP\/T20SP<br \/>\n132N20\/N24\/N20L\/N20LI<br \/>\n132 N20\/N24\/N20L\/N20LI<br \/>\n133L12\/L14-L12L\/L14L-L12LHP<br \/>\n141 T20AP<br \/>\n141 L12L\/L12LP<\/p>","protected":false},"excerpt":{"rendered":"<p data-start=\"0\" data-end=\"857\"><br data-start=\"3464\" data-end=\"3467\" \/>La Roue d\u2019\u00e9quilibrage 125\u00d760\/62-20 Wicke Vulkollan est une roue d\u2019\u00e9quilibrage de haute qualit\u00e9 sp\u00e9cialement fabriqu\u00e9e pour les chariots \u00e9l\u00e9vateurs et gerbeurs Wicke. Fabriqu\u00e9e en mat\u00e9riau Vulkollan, elle offre une excellente r\u00e9sistance \u00e0 l\u2019usure et une capacit\u00e9 de charge optimale. Elle assure la stabilit\u00e9 de la machine pendant l\u2019utilisation, garantissant un d\u00e9placement s\u00fbr et stable. Sa haute \u00e9lasticit\u00e9 la rend r\u00e9sistante aux chocs et lui conf\u00e8re une longue dur\u00e9e de vie m\u00eame dans des conditions de travail difficiles. Une pi\u00e8ce de rechange id\u00e9ale pour les utilisateurs de chariots Wicke.<br data-start=\"4059\" data-end=\"4062\" \/><strong data-start=\"4062\" data-end=\"4084\">Caract\u00e9ristiques :<\/strong><br data-start=\"4084\" data-end=\"4087\" \/><strong data-start=\"4087\" data-end=\"4107\">Nom du produit :<\/strong> Roue d\u2019\u00e9quilibrage 125\u00d760\/62-20 Wicke Vulkollan<br data-start=\"4155\" data-end=\"4158\" \/><strong data-start=\"4158\" data-end=\"4174\">Code pi\u00e8ce :<\/strong> 0009933803<br data-start=\"4185\" data-end=\"4188\" \/><strong data-start=\"4188\" data-end=\"4202\">Mat\u00e9riau :<\/strong> Vulkollan, haute r\u00e9sistance \u00e0 l\u2019usure et aux chocs<br data-start=\"4253\" data-end=\"4256\" \/><strong data-start=\"4256\" data-end=\"4283\">Domaine d\u2019utilisation :<\/strong> Chariots \u00e9l\u00e9vateurs et gerbeurs Wicke<br data-start=\"4321\" data-end=\"4324\" \/><strong data-start=\"4324\" data-end=\"4338\">Avantage :<\/strong> Haute durabilit\u00e9, excellente stabilit\u00e9, longue dur\u00e9e de vie, r\u00e9sistance aux chocs<\/p>\n<p data-start=\"4424\" data-end=\"5342\">\n","protected":false},"featured_media":16415,"template":"","meta":[],"product_brand":[],"product_cat":[403,185],"product_tag":[],"class_list":{"0":"post-10611","1":"product","2":"type-product","3":"status-publish","4":"has-post-thumbnail","6":"product_cat-denge-tekeri-wicke","7":"product_cat-denge-tekeri","9":"first","10":"instock","11":"taxable","12":"shipping-taxable","13":"purchasable","14":"product-type-simple"},"_links":{"self":[{"href":"https:\/\/ceoparts.com\/fr\/wp-json\/wp\/v2\/product\/10611","targetHints":{"allow":["GET"]}}],"collection":[{"href":"https:\/\/ceoparts.com\/fr\/wp-json\/wp\/v2\/product"}],"about":[{"href":"https:\/\/ceoparts.com\/fr\/wp-json\/wp\/v2\/types\/product"}],"wp:featuredmedia":[{"embeddable":true,"href":"https:\/\/ceoparts.com\/fr\/wp-json\/wp\/v2\/media\/16415"}],"wp:attachment":[{"href":"https:\/\/ceoparts.com\/fr\/wp-json\/wp\/v2\/media?parent=10611"}],"wp:term":[{"taxonomy":"product_brand","embeddable":true,"href":"https:\/\/ceoparts.com\/fr\/wp-json\/wp\/v2\/product_brand?post=10611"},{"taxonomy":"product_cat","embeddable":true,"href":"https:\/\/ceoparts.com\/fr\/wp-json\/wp\/v2\/product_cat?post=10611"},{"taxonomy":"product_tag","embeddable":true,"href":"https:\/\/ceoparts.com\/fr\/wp-json\/wp\/v2\/product_tag?post=10611"}],"curies":[{"name":"wp","href":"https:\/\/api.w.org\/{rel}","templated":true}]}}