{"id":10620,"date":"2024-09-20T14:34:50","date_gmt":"2024-09-20T11:34:50","guid":{"rendered":"https:\/\/ceoparts.com\/?post_type=product&#038;p=10620"},"modified":"2026-05-16T19:50:52","modified_gmt":"2026-05-16T16:50:52","slug":"still-ecu-denge-mekanizmasi-takim-45584505505","status":"publish","type":"product","link":"https:\/\/ceoparts.com\/fr\/urun\/still-ecu-denge-mekanizmasi-takim-45584505505\/","title":{"rendered":"Still 100&#215;40 ECU \u00c9quipe du m\u00e9canisme d&#8217;\u00e9quilibre &#8211; 45584505505"},"content":{"rendered":"<p>Still 100&#215;40 ECU \u00c9quipe du m\u00e9canisme d&#8217;\u00e9quilibre &#8211; 45584505505<\/p>\n<p>Still 45584505501<\/p>\n<p>Still ECU 14\/16\/18\/20<\/p>\n<p>Serie:<\/p>\n<p>F20164A&#8230;.<\/p>\n<p>F20176F&#8230;..<\/p>\n<p>F20165A&#8230;..<\/p>\n<p>F20166A&#8230;..<\/p>\n<p>F20167A&#8230;&#8230;<\/p>","protected":false},"excerpt":{"rendered":"<p data-start=\"111\" data-end=\"1029\"><br data-start=\"4011\" data-end=\"4014\" \/>Le M\u00e9canisme d\u2019\u00e9quilibrage 100\u00d740 Still ECU est un composant performant sans roue sp\u00e9cialement con\u00e7u pour les transpalettes et gerbeurs de la marque Still. Il assure une stabilit\u00e9 optimale de la machine lors de la manutention des charges et des man\u0153uvres, offrant aux op\u00e9rateurs une utilisation s\u00fbre et contr\u00f4l\u00e9e. Il pr\u00e9vient les pertes d\u2019\u00e9quilibre lors de changements de direction soudains, am\u00e9liorant ainsi l\u2019efficacit\u00e9 op\u00e9rationnelle et la s\u00e9curit\u00e9 au travail. Fabriqu\u00e9 en alliage m\u00e9tallique durable, il offre une longue dur\u00e9e de vie et r\u00e9duit les co\u00fbts de maintenance. Optimis\u00e9 pour les chariots \u00e9l\u00e9vateurs Still, ce m\u00e9canisme d\u2019\u00e9quilibrage am\u00e9liore la performance et la durabilit\u00e9 de la machine.<br data-start=\"4714\" data-end=\"4717\" \/><strong data-start=\"4717\" data-end=\"4739\">Caract\u00e9ristiques :<\/strong><br data-start=\"4739\" data-end=\"4742\" \/><strong data-start=\"4742\" data-end=\"4762\">Nom du produit :<\/strong> M\u00e9canisme d\u2019\u00e9quilibrage 100\u00d740 Still ECU (Sans roue)<br data-start=\"4815\" data-end=\"4818\" \/><strong data-start=\"4818\" data-end=\"4834\">Code pi\u00e8ce :<\/strong> 45584505505<br data-start=\"4846\" data-end=\"4849\" \/><strong data-start=\"4849\" data-end=\"4863\">Mat\u00e9riau :<\/strong> Alliage m\u00e9tallique haute r\u00e9sistance<br data-start=\"4899\" data-end=\"4902\" \/><strong data-start=\"4902\" data-end=\"4929\">Domaine d\u2019utilisation :<\/strong> Transpalettes et gerbeurs Still<br data-start=\"4961\" data-end=\"4964\" \/><strong data-start=\"4964\" data-end=\"4978\">Avantage :<\/strong> Assure la stabilit\u00e9 de la charge, fonctionnement s\u00fbr, structure durable, longue dur\u00e9e de vie<\/p>\n<p data-start=\"5075\" data-end=\"6098\">\n","protected":false},"featured_media":13804,"template":"","meta":[],"product_brand":[],"product_cat":[241,242,420,421],"product_tag":[],"class_list":{"0":"post-10620","1":"product","2":"type-product","3":"status-publish","4":"has-post-thumbnail","6":"product_cat-still","7":"product_cat-denge-tekeri-still","8":"product_cat-denge-mekanizmalar","9":"product_cat-hyster-denge-mekanizma","11":"first","12":"instock","13":"taxable","14":"shipping-taxable","15":"purchasable","16":"product-type-simple"},"_links":{"self":[{"href":"https:\/\/ceoparts.com\/fr\/wp-json\/wp\/v2\/product\/10620","targetHints":{"allow":["GET"]}}],"collection":[{"href":"https:\/\/ceoparts.com\/fr\/wp-json\/wp\/v2\/product"}],"about":[{"href":"https:\/\/ceoparts.com\/fr\/wp-json\/wp\/v2\/types\/product"}],"wp:featuredmedia":[{"embeddable":true,"href":"https:\/\/ceoparts.com\/fr\/wp-json\/wp\/v2\/media\/13804"}],"wp:attachment":[{"href":"https:\/\/ceoparts.com\/fr\/wp-json\/wp\/v2\/media?parent=10620"}],"wp:term":[{"taxonomy":"product_brand","embeddable":true,"href":"https:\/\/ceoparts.com\/fr\/wp-json\/wp\/v2\/product_brand?post=10620"},{"taxonomy":"product_cat","embeddable":true,"href":"https:\/\/ceoparts.com\/fr\/wp-json\/wp\/v2\/product_cat?post=10620"},{"taxonomy":"product_tag","embeddable":true,"href":"https:\/\/ceoparts.com\/fr\/wp-json\/wp\/v2\/product_tag?post=10620"}],"curies":[{"name":"wp","href":"https:\/\/api.w.org\/{rel}","templated":true}]}}