{"id":10629,"date":"2024-09-20T15:53:23","date_gmt":"2024-09-20T12:53:23","guid":{"rendered":"https:\/\/ceoparts.com\/?post_type=product&#038;p=10629"},"modified":"2026-05-16T12:16:20","modified_gmt":"2026-05-16T09:16:20","slug":"150x48-65-12-linde-still-denge-mekanizmasi-takim","status":"publish","type":"product","link":"https:\/\/ceoparts.com\/fr\/urun\/150x48-65-12-linde-still-denge-mekanizmasi-takim\/","title":{"rendered":"150&#215;48\/65-12 Linde\/ Still \u00c9quipe du m\u00e9canisme d&#8217;\u00e9quilibre &#8211; 3794505500"},"content":{"rendered":"<p>150&#215;48\/65-12 Linde\/ Still \u00c9quipe du m\u00e9canisme d&#8217;\u00e9quilibre &#8211; 3794505500<\/p>\n<p>Linde 3794505500<\/p>\n<p>&nbsp;<\/p>\n<table border=\"0\" width=\"128\" cellspacing=\"0\" cellpadding=\"0\">\n<colgroup>\n<col span=\"2\" width=\"64\" \/><\/colgroup>\n<tbody>\n<tr>\n<td class=\"xl63\" width=\"64\" height=\"20\"><span style=\"font-family: tim;\">Family<\/span><\/td>\n<td class=\"xl63\" width=\"64\"><span style=\"font-family: tim;\">Model<\/span><\/td>\n<\/tr>\n<tr>\n<td class=\"xl63\" height=\"20\"><span style=\"font-family: tim;\">1173<\/span><\/td>\n<td class=\"xl63\"><span style=\"font-family: tim;\">L14\/L16\/L20<\/span><\/td>\n<\/tr>\n<tr>\n<td class=\"xl63\" height=\"20\"><span style=\"font-family: tim;\">372<\/span><\/td>\n<td class=\"xl63\"><span style=\"font-family: tim;\">L14\/16<\/span><\/td>\n<\/tr>\n<tr>\n<td class=\"xl63\" height=\"20\"><span style=\"font-family: tim;\">372<\/span><\/td>\n<td class=\"xl63\"><span style=\"font-family: tim;\">L14\/16\/L14AP\/16AP<\/span><\/td>\n<\/tr>\n<tr>\n<td class=\"xl63\" height=\"20\"><span style=\"font-family: tim;\">379<\/span><\/td>\n<td class=\"xl63\"><span style=\"font-family: tim;\">L10\/12-L10\/12AS<\/span><\/td>\n<\/tr>\n<\/tbody>\n<\/table>","protected":false},"excerpt":{"rendered":"<p data-start=\"139\" data-end=\"547\"><br data-start=\"3129\" data-end=\"3132\" \/>Le M\u00e9canisme d\u2019\u00e9quilibrage 150\u00d748\/65-12 Linde\/Still est un <strong data-start=\"3191\" data-end=\"3212\">syst\u00e8me sans roue<\/strong> con\u00e7u pour les transpalettes et gerbeurs des marques Linde et Still. Il assure la stabilit\u00e9 de la machine lors de la manutention et des man\u0153uvres de charge, garantissant une utilisation s\u00fbre et stable. \u00c9vite les pertes d\u2019\u00e9quilibre soudaines lors des changements de direction et am\u00e9liore l\u2019efficacit\u00e9 op\u00e9rationnelle. Structure m\u00e9tallique robuste pour une utilisation durable.<\/p>\n<p data-start=\"3589\" data-end=\"3941\"><strong data-start=\"3589\" data-end=\"3611\">Caract\u00e9ristiques :<\/strong><br data-start=\"3611\" data-end=\"3614\" \/><strong data-start=\"3614\" data-end=\"3634\">Nom du produit :<\/strong> M\u00e9canisme d\u2019\u00e9quilibrage 150\u00d748\/65-12 Linde\/Still (Sans roue)<br data-start=\"3695\" data-end=\"3698\" \/><strong data-start=\"3698\" data-end=\"3714\">Code pi\u00e8ce :<\/strong> 3794505500<br data-start=\"3725\" data-end=\"3728\" \/><strong data-start=\"3728\" data-end=\"3742\">Mat\u00e9riau :<\/strong> Alliage m\u00e9tallique haute r\u00e9sistance<br data-start=\"3778\" data-end=\"3781\" \/><strong data-start=\"3781\" data-end=\"3807\">Domaine d\u2019utilisation:<\/strong> Transpalettes et gerbeurs Linde et Still<br data-start=\"3848\" data-end=\"3851\" \/><strong data-start=\"3851\" data-end=\"3864\">Avantage:<\/strong> Stabilit\u00e9 de la charge, structure solide et durable, utilisation s\u00e9curis\u00e9e<\/p>\n<p data-start=\"3943\" data-end=\"4385\">\n","protected":false},"featured_media":13838,"template":"","meta":[],"product_brand":[],"product_cat":[247,420,423,425,241,242,246],"product_tag":[],"class_list":{"0":"post-10629","1":"product","2":"type-product","3":"status-publish","4":"has-post-thumbnail","6":"product_cat-denge-tekeri-linde","7":"product_cat-denge-mekanizmalar","8":"product_cat-still-denge-mekanizma","9":"product_cat-linde-denge-mekanizma","10":"product_cat-still","11":"product_cat-denge-tekeri-still","12":"product_cat-linde","14":"first","15":"instock","16":"taxable","17":"shipping-taxable","18":"purchasable","19":"product-type-simple"},"_links":{"self":[{"href":"https:\/\/ceoparts.com\/fr\/wp-json\/wp\/v2\/product\/10629","targetHints":{"allow":["GET"]}}],"collection":[{"href":"https:\/\/ceoparts.com\/fr\/wp-json\/wp\/v2\/product"}],"about":[{"href":"https:\/\/ceoparts.com\/fr\/wp-json\/wp\/v2\/types\/product"}],"wp:featuredmedia":[{"embeddable":true,"href":"https:\/\/ceoparts.com\/fr\/wp-json\/wp\/v2\/media\/13838"}],"wp:attachment":[{"href":"https:\/\/ceoparts.com\/fr\/wp-json\/wp\/v2\/media?parent=10629"}],"wp:term":[{"taxonomy":"product_brand","embeddable":true,"href":"https:\/\/ceoparts.com\/fr\/wp-json\/wp\/v2\/product_brand?post=10629"},{"taxonomy":"product_cat","embeddable":true,"href":"https:\/\/ceoparts.com\/fr\/wp-json\/wp\/v2\/product_cat?post=10629"},{"taxonomy":"product_tag","embeddable":true,"href":"https:\/\/ceoparts.com\/fr\/wp-json\/wp\/v2\/product_tag?post=10629"}],"curies":[{"name":"wp","href":"https:\/\/api.w.org\/{rel}","templated":true}]}}