{"id":10634,"date":"2024-09-20T16:07:52","date_gmt":"2024-09-20T13:07:52","guid":{"rendered":"https:\/\/ceoparts.com\/?post_type=product&#038;p=10634"},"modified":"2026-05-16T12:08:08","modified_gmt":"2026-05-16T09:08:08","slug":"150x54-hyster-denge-mekanizmasi-takim","status":"publish","type":"product","link":"https:\/\/ceoparts.com\/fr\/urun\/150x54-hyster-denge-mekanizmasi-takim\/","title":{"rendered":"150&#215;54 Hyster M\u00e9canisme d&#8217;\u00e9quilibre Sans roues &#8211; 1694818"},"content":{"rendered":"<p>150&#215;54 Hyster M\u00e9canisme d&#8217;\u00e9quilibre Sans roues &#8211; 1694818<\/p>\n<p>580092729<\/p>\n<p>Hyster (S.16) \/ Yale (MS16)<\/p>","protected":false},"excerpt":{"rendered":"<p data-start=\"137\" data-end=\"600\"><br data-start=\"3166\" data-end=\"3169\" \/>Le M\u00e9canisme d\u2019\u00e9quilibrage 150\u00d754 Hyster (Sans roue) est un <strong data-start=\"3229\" data-end=\"3256\">m\u00e9canisme d\u2019\u00e9quilibrage<\/strong> sp\u00e9cialement con\u00e7u pour les transpalettes et gerbeurs Hyster. Il garantit la stabilit\u00e9 de la machine lors de la manutention et des man\u0153uvres de charge, assurant une utilisation s\u00fbre et ma\u00eetris\u00e9e. \u00c9vite les pertes de stabilit\u00e9 soudaines et am\u00e9liore la s\u00e9curit\u00e9 d\u2019utilisation. Structure en alliage m\u00e9tallique robuste pour un usage prolong\u00e9 en entrep\u00f4t et logistique.<\/p>\n<p data-start=\"3623\" data-end=\"3954\"><strong data-start=\"3623\" data-end=\"3645\">Caract\u00e9ristiques :<\/strong><br data-start=\"3645\" data-end=\"3648\" \/><strong data-start=\"3648\" data-end=\"3668\">Nom du produit :<\/strong> M\u00e9canisme d\u2019\u00e9quilibrage 150\u00d754 Hyster (Sans roue)<br data-start=\"3718\" data-end=\"3721\" \/><strong data-start=\"3721\" data-end=\"3737\">Code pi\u00e8ce :<\/strong> 1694818<br data-start=\"3745\" data-end=\"3748\" \/><strong data-start=\"3748\" data-end=\"3762\">Mat\u00e9riau :<\/strong> Alliage m\u00e9tallique haute r\u00e9sistance<br data-start=\"3798\" data-end=\"3801\" \/><strong data-start=\"3801\" data-end=\"3827\">Domaine d\u2019utilisation:<\/strong> Transpalettes et gerbeurs Hyster<br data-start=\"3860\" data-end=\"3863\" \/><strong data-start=\"3863\" data-end=\"3876\">Avantage:<\/strong> Stabilit\u00e9 de la charge, structure robuste et durable, utilisation s\u00e9curis\u00e9e<\/p>\n<p data-start=\"3956\" data-end=\"4400\">\n","protected":false},"featured_media":13816,"template":"","meta":[],"product_brand":[],"product_cat":[256,420,421],"product_tag":[],"class_list":{"0":"post-10634","1":"product","2":"type-product","3":"status-publish","4":"has-post-thumbnail","6":"product_cat-hyster","7":"product_cat-denge-mekanizmalar","8":"product_cat-hyster-denge-mekanizma","10":"first","11":"instock","12":"taxable","13":"shipping-taxable","14":"purchasable","15":"product-type-simple"},"_links":{"self":[{"href":"https:\/\/ceoparts.com\/fr\/wp-json\/wp\/v2\/product\/10634","targetHints":{"allow":["GET"]}}],"collection":[{"href":"https:\/\/ceoparts.com\/fr\/wp-json\/wp\/v2\/product"}],"about":[{"href":"https:\/\/ceoparts.com\/fr\/wp-json\/wp\/v2\/types\/product"}],"wp:featuredmedia":[{"embeddable":true,"href":"https:\/\/ceoparts.com\/fr\/wp-json\/wp\/v2\/media\/13816"}],"wp:attachment":[{"href":"https:\/\/ceoparts.com\/fr\/wp-json\/wp\/v2\/media?parent=10634"}],"wp:term":[{"taxonomy":"product_brand","embeddable":true,"href":"https:\/\/ceoparts.com\/fr\/wp-json\/wp\/v2\/product_brand?post=10634"},{"taxonomy":"product_cat","embeddable":true,"href":"https:\/\/ceoparts.com\/fr\/wp-json\/wp\/v2\/product_cat?post=10634"},{"taxonomy":"product_tag","embeddable":true,"href":"https:\/\/ceoparts.com\/fr\/wp-json\/wp\/v2\/product_tag?post=10634"}],"curies":[{"name":"wp","href":"https:\/\/api.w.org\/{rel}","templated":true}]}}