{"id":10638,"date":"2024-09-23T09:08:07","date_gmt":"2024-09-23T06:08:07","guid":{"rendered":"https:\/\/ceoparts.com\/?post_type=product&#038;p=10638"},"modified":"2026-05-16T13:23:16","modified_gmt":"2026-05-16T10:23:16","slug":"150x54-hyster-denge-mekanizmasi-takim-2","status":"publish","type":"product","link":"https:\/\/ceoparts.com\/fr\/urun\/150x54-hyster-denge-mekanizmasi-takim-2\/","title":{"rendered":"150&#215;54 Hyster \u00c9quipe du m\u00e9canisme d&#8217;\u00e9quilibre"},"content":{"rendered":"<p>150&#215;54 Hyster \u00c9quipe du m\u00e9canisme d&#8217;\u00e9quilibre<\/p>\n<p>HYSTER 1694086 \/ 2770365<\/p>\n<p>YALE 580013313<\/p>","protected":false},"excerpt":{"rendered":"<p data-start=\"124\" data-end=\"535\"><br data-start=\"2921\" data-end=\"2924\" \/>Le M\u00e9canisme d\u2019\u00e9quilibrage 150\u00d754 Hyster est un <strong data-start=\"2972\" data-end=\"2993\">syst\u00e8me sans roue<\/strong> sp\u00e9cialement con\u00e7u pour les transpalettes et gerbeurs Hyster. Il assure la stabilit\u00e9 de la machine lors de la manutention et des man\u0153uvres de charge, garantissant une utilisation s\u00fbre et stable. Id\u00e9al pour les entrep\u00f4ts, les usines et les zones logistiques. Structure m\u00e9tallique robuste offrant des performances fiables et durables.<\/p>\n<p data-start=\"3328\" data-end=\"3646\"><strong data-start=\"3328\" data-end=\"3350\">Caract\u00e9ristiques :<\/strong><br data-start=\"3350\" data-end=\"3353\" \/><strong data-start=\"3353\" data-end=\"3373\">Nom du produit :<\/strong> M\u00e9canisme d\u2019\u00e9quilibrage 150\u00d754 Hyster<br data-start=\"3411\" data-end=\"3414\" \/><strong data-start=\"3414\" data-end=\"3430\">Code pi\u00e8ce :<\/strong> 1694086<br data-start=\"3438\" data-end=\"3441\" \/><strong data-start=\"3441\" data-end=\"3455\">Mat\u00e9riau :<\/strong> Alliage m\u00e9tallique haute r\u00e9sistance<br data-start=\"3491\" data-end=\"3494\" \/><strong data-start=\"3494\" data-end=\"3520\">Domaine d\u2019utilisation:<\/strong> Transpalettes et gerbeurs Hyster<br data-start=\"3553\" data-end=\"3556\" \/><strong data-start=\"3556\" data-end=\"3569\">Avantage:<\/strong> Stabilit\u00e9 de la charge, structure solide et durable, utilisation s\u00e9curis\u00e9e<\/p>\n<p data-start=\"3648\" data-end=\"4052\">\n","protected":false},"featured_media":13813,"template":"","meta":[],"product_brand":[],"product_cat":[256,420,421],"product_tag":[],"class_list":{"0":"post-10638","1":"product","2":"type-product","3":"status-publish","4":"has-post-thumbnail","6":"product_cat-hyster","7":"product_cat-denge-mekanizmalar","8":"product_cat-hyster-denge-mekanizma","10":"first","11":"instock","12":"taxable","13":"shipping-taxable","14":"purchasable","15":"product-type-simple"},"_links":{"self":[{"href":"https:\/\/ceoparts.com\/fr\/wp-json\/wp\/v2\/product\/10638","targetHints":{"allow":["GET"]}}],"collection":[{"href":"https:\/\/ceoparts.com\/fr\/wp-json\/wp\/v2\/product"}],"about":[{"href":"https:\/\/ceoparts.com\/fr\/wp-json\/wp\/v2\/types\/product"}],"wp:featuredmedia":[{"embeddable":true,"href":"https:\/\/ceoparts.com\/fr\/wp-json\/wp\/v2\/media\/13813"}],"wp:attachment":[{"href":"https:\/\/ceoparts.com\/fr\/wp-json\/wp\/v2\/media?parent=10638"}],"wp:term":[{"taxonomy":"product_brand","embeddable":true,"href":"https:\/\/ceoparts.com\/fr\/wp-json\/wp\/v2\/product_brand?post=10638"},{"taxonomy":"product_cat","embeddable":true,"href":"https:\/\/ceoparts.com\/fr\/wp-json\/wp\/v2\/product_cat?post=10638"},{"taxonomy":"product_tag","embeddable":true,"href":"https:\/\/ceoparts.com\/fr\/wp-json\/wp\/v2\/product_tag?post=10638"}],"curies":[{"name":"wp","href":"https:\/\/api.w.org\/{rel}","templated":true}]}}