{"id":10682,"date":"2024-09-23T13:08:47","date_gmt":"2024-09-23T10:08:47","guid":{"rendered":"https:\/\/ceoparts.com\/?post_type=product&#038;p=10682"},"modified":"2026-05-16T16:17:56","modified_gmt":"2026-05-16T13:17:56","slug":"bt-lwe-swe-denge-mekanizmasi-254316-136135-7647304","status":"publish","type":"product","link":"https:\/\/ceoparts.com\/fr\/urun\/bt-lwe-swe-denge-mekanizmasi-254316-136135-7647304\/","title":{"rendered":"BT Toyota LWE\/SWE M\u00e9canisme d&#8217;\u00e9quilibre \u2013 254316 , 136135 , 7647304"},"content":{"rendered":"<div class=\"wpb-content-wrapper\"><p>BT Toyota LWE\/SWE M\u00e9canisme d&#8217;\u00e9quilibre \u2013 254316 , 136135 , 7647304<\/p>\n<p>[vc_row][vc_column][vc_column_text css=&#8221;&#8221; woodmart_inline=&#8221;no&#8221; text_larger=&#8221;no&#8221;]BT 254316 136135 7647304<\/p>\n<p>BT \/ TOYOTA :<\/p>\n<p>SWE 140L<\/p>\n<p>SWE100<br \/>\nSWE120<br \/>\nSWE140<\/p>\n<p>LWE140<br \/>\nLWE160<br \/>\nLWE180<\/p>\n<p>LWE200<\/p>\n<p>LPE200 (do\/to 2014)[\/vc_column_text][\/vc_column][\/vc_row]<\/p>\n<\/div>","protected":false},"excerpt":{"rendered":"<p data-start=\"129\" data-end=\"541\"><br data-start=\"3066\" data-end=\"3069\" \/>Le M\u00e9canisme d\u2019\u00e9quilibrage BT Toyota LWE\/SWE est un <strong data-start=\"3121\" data-end=\"3142\">syst\u00e8me sans roue<\/strong> con\u00e7u sp\u00e9cialement pour les transpalettes et gerbeurs BT et Toyota mod\u00e8les LWE et SWE. Il garantit un d\u00e9placement stable de la machine lors de la manutention et des man\u0153uvres, \u00e9vitant tout basculement dans des zones de travail \u00e9troites. Sa structure m\u00e9tallique robuste assure une longue dur\u00e9e de vie et une fiabilit\u00e9 optimale.<\/p>\n<p data-start=\"3471\" data-end=\"3847\"><strong data-start=\"3471\" data-end=\"3493\">Caract\u00e9ristiques :<\/strong><br data-start=\"3493\" data-end=\"3496\" \/><strong data-start=\"3496\" data-end=\"3516\">Nom du produit :<\/strong> M\u00e9canisme d\u2019\u00e9quilibrage BT Toyota LWE\/SWE (Sans roue)<br data-start=\"3570\" data-end=\"3573\" \/><strong data-start=\"3573\" data-end=\"3589\">Code pi\u00e8ce :<\/strong> 254316 , 136135 , 7647304<br data-start=\"3615\" data-end=\"3618\" \/><strong data-start=\"3618\" data-end=\"3632\">Mat\u00e9riau :<\/strong> Alliage m\u00e9tallique durable<br data-start=\"3659\" data-end=\"3662\" \/><strong data-start=\"3662\" data-end=\"3688\">Domaine d\u2019utilisation:<\/strong> Transpalettes et gerbeurs BT et Toyota mod\u00e8les LWE, SWE<br data-start=\"3744\" data-end=\"3747\" \/><strong data-start=\"3747\" data-end=\"3760\">Avantage:<\/strong> Stabilit\u00e9 de la charge, utilisation s\u00e9curis\u00e9e, structure solide, longue dur\u00e9e de vie<\/p>\n<p data-start=\"3849\" data-end=\"4236\">\n","protected":false},"featured_media":13710,"template":"","meta":[],"product_brand":[],"product_cat":[251,420,426,521,531],"product_tag":[],"class_list":{"0":"post-10682","1":"product","2":"type-product","3":"status-publish","4":"has-post-thumbnail","6":"product_cat-bt","7":"product_cat-denge-mekanizmalar","8":"product_cat-bt-denge-mekanizma","9":"product_cat-toyota","10":"product_cat-mekanizmalar-toyota","12":"first","13":"instock","14":"taxable","15":"shipping-taxable","16":"purchasable","17":"product-type-simple"},"_links":{"self":[{"href":"https:\/\/ceoparts.com\/fr\/wp-json\/wp\/v2\/product\/10682","targetHints":{"allow":["GET"]}}],"collection":[{"href":"https:\/\/ceoparts.com\/fr\/wp-json\/wp\/v2\/product"}],"about":[{"href":"https:\/\/ceoparts.com\/fr\/wp-json\/wp\/v2\/types\/product"}],"wp:featuredmedia":[{"embeddable":true,"href":"https:\/\/ceoparts.com\/fr\/wp-json\/wp\/v2\/media\/13710"}],"wp:attachment":[{"href":"https:\/\/ceoparts.com\/fr\/wp-json\/wp\/v2\/media?parent=10682"}],"wp:term":[{"taxonomy":"product_brand","embeddable":true,"href":"https:\/\/ceoparts.com\/fr\/wp-json\/wp\/v2\/product_brand?post=10682"},{"taxonomy":"product_cat","embeddable":true,"href":"https:\/\/ceoparts.com\/fr\/wp-json\/wp\/v2\/product_cat?post=10682"},{"taxonomy":"product_tag","embeddable":true,"href":"https:\/\/ceoparts.com\/fr\/wp-json\/wp\/v2\/product_tag?post=10682"}],"curies":[{"name":"wp","href":"https:\/\/api.w.org\/{rel}","templated":true}]}}