{"id":10692,"date":"2024-09-23T13:23:44","date_gmt":"2024-09-23T10:23:44","guid":{"rendered":"https:\/\/ceoparts.com\/?post_type=product&#038;p=10692"},"modified":"2026-05-16T10:59:04","modified_gmt":"2026-05-16T07:59:04","slug":"bt-lwe-swe-denge-mekanizmasi-takim-254316-136135-7647304","status":"publish","type":"product","link":"https:\/\/ceoparts.com\/fr\/urun\/bt-lwe-swe-denge-mekanizmasi-takim-254316-136135-7647304\/","title":{"rendered":"BT Toyota LWE\/SWE M\u00e9canisme d&#8217;\u00e9quilibre &#8211; 254316 , 136135 , 7647304"},"content":{"rendered":"<div class=\"wpb-content-wrapper\"><p>BT Toyota LWE\/SWE M\u00e9canisme d&#8217;\u00e9quilibre &#8211; 254316 , 136135 , 7647304<\/p>\n<p>[vc_row][vc_column][vc_column_text css=&#8221;&#8221; woodmart_inline=&#8221;no&#8221; text_larger=&#8221;no&#8221;]BT 254316 136135 7647304<\/p>\n<p>BT \/ TOYOTA :<\/p>\n<p>SWE 140L<\/p>\n<p>SWE100<br \/>\nSWE120<br \/>\nSWE140<\/p>\n<p>&nbsp;<\/p>\n<p>LWE140<br \/>\nLWE160<br \/>\nLWE180<\/p>\n<p>LWE200<\/p>\n<p>LPE200 (do\/to 2014)[\/vc_column_text][\/vc_column][\/vc_row]<\/p>\n<\/div>","protected":false},"excerpt":{"rendered":"<p data-start=\"0\" data-end=\"385\"><br data-start=\"2835\" data-end=\"2838\" \/>Le M\u00e9canisme d\u2019\u00e9quilibrage BT Toyota LWE\/SWE est une pi\u00e8ce d\u2019origine con\u00e7ue sp\u00e9cialement pour les transpalettes et gerbeurs BT et Toyota mod\u00e8les LWE et SWE. Il maintient la stabilit\u00e9 de la machine lors de la manutention des charges et des d\u00e9placements, assurant un contact au sol s\u00fbr et stable. Sa structure robuste et son m\u00e9canisme durable sont adapt\u00e9s aux conditions de travail intensives.<\/p>\n<p data-start=\"3231\" data-end=\"3580\"><strong data-start=\"3231\" data-end=\"3253\">Caract\u00e9ristiques :<\/strong><br data-start=\"3253\" data-end=\"3256\" \/><strong data-start=\"3256\" data-end=\"3276\">Nom du produit :<\/strong> M\u00e9canisme d\u2019\u00e9quilibrage BT Toyota LWE\/SWE<br data-start=\"3318\" data-end=\"3321\" \/><strong data-start=\"3321\" data-end=\"3337\">Code pi\u00e8ce :<\/strong> 254316 , 136135 , 7647304<br data-start=\"3363\" data-end=\"3366\" \/><strong data-start=\"3366\" data-end=\"3380\">Mat\u00e9riau :<\/strong> Acier haute r\u00e9sistance<br data-start=\"3403\" data-end=\"3406\" \/><strong data-start=\"3406\" data-end=\"3432\">Domaine d\u2019utilisation:<\/strong> Transpalettes et gerbeurs BT et Toyota mod\u00e8les LWE, SWE<br data-start=\"3488\" data-end=\"3491\" \/><strong data-start=\"3491\" data-end=\"3504\">Avantage:<\/strong> Stabilit\u00e9 de la charge, construction robuste, utilisation s\u00fbre et durable<\/p>\n<p data-start=\"3582\" data-end=\"3979\">\n","protected":false},"featured_media":13717,"template":"","meta":[],"product_brand":[],"product_cat":[251,420,426,521,531],"product_tag":[],"class_list":{"0":"post-10692","1":"product","2":"type-product","3":"status-publish","4":"has-post-thumbnail","6":"product_cat-bt","7":"product_cat-denge-mekanizmalar","8":"product_cat-bt-denge-mekanizma","9":"product_cat-toyota","10":"product_cat-mekanizmalar-toyota","12":"first","13":"instock","14":"taxable","15":"shipping-taxable","16":"purchasable","17":"product-type-simple"},"_links":{"self":[{"href":"https:\/\/ceoparts.com\/fr\/wp-json\/wp\/v2\/product\/10692","targetHints":{"allow":["GET"]}}],"collection":[{"href":"https:\/\/ceoparts.com\/fr\/wp-json\/wp\/v2\/product"}],"about":[{"href":"https:\/\/ceoparts.com\/fr\/wp-json\/wp\/v2\/types\/product"}],"wp:featuredmedia":[{"embeddable":true,"href":"https:\/\/ceoparts.com\/fr\/wp-json\/wp\/v2\/media\/13717"}],"wp:attachment":[{"href":"https:\/\/ceoparts.com\/fr\/wp-json\/wp\/v2\/media?parent=10692"}],"wp:term":[{"taxonomy":"product_brand","embeddable":true,"href":"https:\/\/ceoparts.com\/fr\/wp-json\/wp\/v2\/product_brand?post=10692"},{"taxonomy":"product_cat","embeddable":true,"href":"https:\/\/ceoparts.com\/fr\/wp-json\/wp\/v2\/product_cat?post=10692"},{"taxonomy":"product_tag","embeddable":true,"href":"https:\/\/ceoparts.com\/fr\/wp-json\/wp\/v2\/product_tag?post=10692"}],"curies":[{"name":"wp","href":"https:\/\/api.w.org\/{rel}","templated":true}]}}