{"id":10694,"date":"2024-09-23T14:34:08","date_gmt":"2024-09-23T11:34:08","guid":{"rendered":"https:\/\/ceoparts.com\/?post_type=product&#038;p=10694"},"modified":"2026-05-16T09:34:56","modified_gmt":"2026-05-16T06:34:56","slug":"linde-t20ap-t20sp-denge-mekanizmasi-3724505508","status":"publish","type":"product","link":"https:\/\/ceoparts.com\/fr\/urun\/linde-t20ap-t20sp-denge-mekanizmasi-3724505508\/","title":{"rendered":"M\u00e9canisme d&#8217;\u00e9quilibre Linde T20AP \/ T20SP &#8211; 3724505508"},"content":{"rendered":"<p>M\u00e9canisme d&#8217;\u00e9quilibre Linde T20AP \/ T20SP &#8211; 3724505508<\/p>","protected":false},"excerpt":{"rendered":"<p data-start=\"0\" data-end=\"317\"><br data-start=\"2542\" data-end=\"2545\" \/>Le M\u00e9canisme d\u2019\u00e9quilibrage Linde T20AP \/ T20SP est un syst\u00e8me sp\u00e9cialement con\u00e7u pour les transpalettes et gerbeurs Linde T20AP et T20SP. Il maintient la stabilit\u00e9 de la machine pendant la manutention de charges et les man\u0153uvres, augmentant la s\u00e9curit\u00e9. Construit avec un corps m\u00e9tallique robuste et un montage s\u00e9curis\u00e9 pour une longue dur\u00e9e de vie.<\/p>\n<p data-start=\"2896\" data-end=\"3231\"><strong data-start=\"2896\" data-end=\"2918\">Caract\u00e9ristiques :<\/strong><br data-start=\"2918\" data-end=\"2921\" \/><strong data-start=\"2921\" data-end=\"2941\">Nom du produit :<\/strong> M\u00e9canisme d\u2019\u00e9quilibrage Linde T20AP \/ T20SP<br data-start=\"2985\" data-end=\"2988\" \/><strong data-start=\"2988\" data-end=\"3004\">Code pi\u00e8ce :<\/strong> 3724505508<br data-start=\"3015\" data-end=\"3018\" \/><strong data-start=\"3018\" data-end=\"3032\">Mat\u00e9riau :<\/strong> Alliage m\u00e9tallique durable<br data-start=\"3059\" data-end=\"3062\" \/><strong data-start=\"3062\" data-end=\"3088\">Domaine d\u2019utilisation:<\/strong> Transpalettes et gerbeurs Linde T20AP, T20SP<br data-start=\"3133\" data-end=\"3136\" \/><strong data-start=\"3136\" data-end=\"3149\">Avantage:<\/strong> Stabilit\u00e9 de la charge, man\u0153uvres s\u00fbres, structure robuste, dur\u00e9e de vie longue<\/p>\n<p data-start=\"3233\" data-end=\"3578\">\n","protected":false},"featured_media":13856,"template":"","meta":[],"product_brand":[],"product_cat":[246,247,420,425],"product_tag":[],"class_list":{"0":"post-10694","1":"product","2":"type-product","3":"status-publish","4":"has-post-thumbnail","6":"product_cat-linde","7":"product_cat-denge-tekeri-linde","8":"product_cat-denge-mekanizmalar","9":"product_cat-linde-denge-mekanizma","11":"first","12":"instock","13":"taxable","14":"shipping-taxable","15":"purchasable","16":"product-type-simple"},"_links":{"self":[{"href":"https:\/\/ceoparts.com\/fr\/wp-json\/wp\/v2\/product\/10694","targetHints":{"allow":["GET"]}}],"collection":[{"href":"https:\/\/ceoparts.com\/fr\/wp-json\/wp\/v2\/product"}],"about":[{"href":"https:\/\/ceoparts.com\/fr\/wp-json\/wp\/v2\/types\/product"}],"wp:featuredmedia":[{"embeddable":true,"href":"https:\/\/ceoparts.com\/fr\/wp-json\/wp\/v2\/media\/13856"}],"wp:attachment":[{"href":"https:\/\/ceoparts.com\/fr\/wp-json\/wp\/v2\/media?parent=10694"}],"wp:term":[{"taxonomy":"product_brand","embeddable":true,"href":"https:\/\/ceoparts.com\/fr\/wp-json\/wp\/v2\/product_brand?post=10694"},{"taxonomy":"product_cat","embeddable":true,"href":"https:\/\/ceoparts.com\/fr\/wp-json\/wp\/v2\/product_cat?post=10694"},{"taxonomy":"product_tag","embeddable":true,"href":"https:\/\/ceoparts.com\/fr\/wp-json\/wp\/v2\/product_tag?post=10694"}],"curies":[{"name":"wp","href":"https:\/\/api.w.org\/{rel}","templated":true}]}}